{"id":341,"date":"2020-09-25T13:45:37","date_gmt":"2020-09-25T13:45:37","guid":{"rendered":"http:\/\/gonenyapi.com.tr\/?post_type=product&#038;p=341"},"modified":"2020-09-25T13:45:37","modified_gmt":"2020-09-25T13:45:37","slug":"ekobord-flat","status":"publish","type":"product","link":"http:\/\/gonenyapi.com.tr\/index.php\/urun\/ekobord-flat\/","title":{"rendered":"Ekobord Flat"},"content":{"rendered":"<h1>Ekobord Flat<\/h1>\n<div class=\"title\">D\u00fcz Y\u00fczeyli Fibre Cement Levha<\/div>\n<div><\/div>\n<div>\n<h3>EkobordFlat, mono \u00fcr\u00fcn\u00fcn\u00fcn z\u0131mparalanarak p\u00fcr\u00fczs\u00fcz hale getirilmesiyle elde edilen her t\u00fcrl\u00fc i\u00e7 ve d\u0131\u015f y\u00fczey kaplamas\u0131nda kullan\u0131labilen A1 s\u0131n\u0131f\u0131 yanmazl\u0131k \u00f6zelli\u011fine sahip, sel\u00fcloz lifi takviyeli ve \u00e7imento esasl\u0131 Ekobord\u2019a \u00f6zel bir \u00fcr\u00fcnd\u00fcr. D\u0131\u015f cepheler i\u00e7in p\u00fcr\u00fczs\u00fcz bir y\u00fczey sunmas\u0131yla beraber, i\u00e7 cephe uygulamalar\u0131nda da boyaya haz\u0131r bir zemin olu\u015fturur. Ayr\u0131ca, geli\u015ftirdi\u011fimiz Ekobord Colorex teknolojisi sayesinde se\u00e7ece\u011finiz bir renk ile kullan\u0131ma haz\u0131r olarak da \u00fcretilebiliyor. B\u00f6ylelikle zamandan ve bak\u0131m masraflar\u0131ndan tasarruf ediliyor.<\/h3>\n<p>EkobordFlat; astar boyal\u0131, son kat boyal\u0131 ya da Colorex \u00f6zelli\u011fi ile hamurundan boyal\u0131 olarak \u00fc\u00e7 farkl\u0131 \u015fekilde \u00fcretilebiliyor.<\/p>\n<\/div>\n<div id=\"use\" class=\"use productdetail\">\n<div class=\"container maxcontent\">\n<div class=\"title\">Kullan\u0131m Alanlar\u0131<\/div>\n<div class=\"usetablebox\">\n<div class=\"table-responsive\">\n<table class=\"table\">\n<tbody>\n<tr>\n<td>Cephe Giydirme ve Kaplama<\/td>\n<td>D\u0131\u015f Cephe<br \/>\n\u0130\u00e7 Mekan Dekoratif Giydirme<br \/>\nKolon Kaplama<\/td>\n<\/tr>\n<tr>\n<td>Duvar Uygulamalar\u0131<\/td>\n<td>Duvar Panelleri<br \/>\nB\u00f6lme Duvar<br \/>\nPrefabrike Bina Duvar<\/td>\n<\/tr>\n<tr>\n<td>Tavan ve \u00c7at\u0131 Kaplamas\u0131 Alt\u0131 Uygulamalar\u0131<\/td>\n<td>Asma Tavan (8 mm \u00fcr\u00fcnler)<\/td>\n<\/tr>\n<\/tbody>\n<\/table>\n<\/div>\n<\/div>\n<\/div>\n<\/div>\n<div class=\"title\"><\/div>\n<div><\/div>\n<div>\n<div class=\"title\">\u00d6zellikler<\/div>\n<div class=\"Featurestablebox\">\n<div class=\"table-responsive\">\n<table class=\"table\">\n<tbody>\n<tr>\n<td>Kal\u0131nl\u0131k<\/td>\n<td>6 mm &#8211; 18 mm (2\u2019\u015fer mm artarak)<\/td>\n<\/tr>\n<tr>\n<td>Standart \u00dcretim Ebatlar\u0131<\/td>\n<td>(en) 1250 x (boy) 2500\/2800\/3000 mm<\/td>\n<\/tr>\n<tr>\n<td colspan=\"2\">Proje do\u011frultusunda \u00fcretim ve \u00f6zel kesim yap\u0131lmaktad\u0131r.<\/td>\n<\/tr>\n<\/tbody>\n<\/table>\n<\/div>\n<\/div>\n<\/div>\n<div class=\"title title2\">Teknik \u00d6zellikler<\/div>\n<div class=\"Featurestablebox\">\n<div class=\"table-responsive\">\n<table class=\"table\">\n<thead>\n<tr>\n<td colspan=\"5\">EN 12467 ISO kalite y\u00f6netim sistemine g\u00f6re ger\u00e7ekle\u015ftirilmi\u015ftir.<\/td>\n<\/tr>\n<\/thead>\n<tbody>\n<tr>\n<td colspan=\"2\">Malzeme \u00d6zellikleri<\/td>\n<td>A S\u0131n\u0131f\u0131<\/td>\n<td>B S\u0131n\u0131f\u0131<\/td>\n<td>D S\u0131n\u0131f\u0131<\/td>\n<\/tr>\n<tr>\n<td colspan=\"2\">G\u00f6r\u00fcn\u00fcr Yo\u011funluk (g\/cm3)<\/td>\n<td>~1,40<\/td>\n<td>~1,35<\/td>\n<td>~1,42<\/td>\n<\/tr>\n<tr>\n<td colspan=\"2\">E\u011filme Dayan\u0131m\u0131 (N\/mm<sup>2<\/sup>) (MPa) (\u0131slak \u015fartlarda)<\/td>\n<td>\u22657<\/td>\n<td>\u22657<\/td>\n<td>&#8211;<\/td>\n<\/tr>\n<tr>\n<td colspan=\"2\">E\u011filme Dayan\u0131m\u0131 (N\/mm<sup>2<\/sup>) &gt;10<\/td>\n<td>&gt;10<\/td>\n<td>&gt;10<\/td>\n<td>\u226510<\/td>\n<\/tr>\n<tr>\n<td colspan=\"2\">Elastisite Mod\u00fcl\u00fc (N\/mm<sup>2<\/sup>) (MPa)<\/td>\n<td>&gt;5500<\/td>\n<td>&gt;5000<\/td>\n<td>&gt;6000<\/td>\n<\/tr>\n<tr>\n<td colspan=\"2\">Porozite (%)<\/td>\n<td colspan=\"3\">~40<\/td>\n<\/tr>\n<tr>\n<td colspan=\"2\">Is\u0131l iletkenlik Katsay\u0131s\u0131 &#8211; (W\/m.K)<\/td>\n<td>&lt;0,20<\/td>\n<td>&lt;0,20<\/td>\n<td>&lt;0,26<\/td>\n<\/tr>\n<tr>\n<td colspan=\"2\">Termal Uzama Katsay\u0131s\u0131 &#8211; (mm\/mK)<\/td>\n<td colspan=\"3\">&lt;0,005<\/td>\n<\/tr>\n<tr>\n<td rowspan=\"3\">Toleranslar<\/td>\n<td>Kal\u0131nl\u0131k<\/td>\n<td colspan=\"3\">D\u00fcz levhalarda %10, Desenli levhalarda -%10 ile +%15<\/td>\n<\/tr>\n<tr>\n<td>En\/Boy (mm)<\/td>\n<td colspan=\"3\">\u00b13,75 \/ \u00b15<\/td>\n<\/tr>\n<tr>\n<td>Kenar D\u00fczg\u00fcnl\u00fc\u011f\u00fc (%)<\/td>\n<td colspan=\"3\">\u00b10,1<\/td>\n<\/tr>\n<\/tbody>\n<\/table>\n<p>&nbsp;<\/p>\n<\/div>\n<div class=\"table-responsive\">\n<table class=\"table\">\n<thead>\n<tr>\n<td colspan=\"2\">EN 12467 standard\u0131na uygunluk<\/td>\n<\/tr>\n<\/thead>\n<tbody>\n<tr>\n<td>Yang\u0131n Dayan\u0131m\u0131<\/td>\n<td>A1<\/td>\n<\/tr>\n<tr>\n<td>Su Ge\u00e7irimsizlik<\/td>\n<td>OK<\/td>\n<\/tr>\n<tr>\n<td>S\u0131cak Su Testi<\/td>\n<td>OK<\/td>\n<\/tr>\n<tr>\n<td>Donma Mukavemeti<\/td>\n<td>OK<\/td>\n<\/tr>\n<tr>\n<td>Asbest<\/td>\n<td>NT tipi (asbestsiz) levha<\/td>\n<\/tr>\n<\/tbody>\n<\/table>\n<\/div>\n<p>&nbsp;<\/p>\n<\/div>\n","protected":false},"excerpt":{"rendered":"<h3>EkobordFlat, mono \u00fcr\u00fcn\u00fcn\u00fcn z\u0131mparalanarak p\u00fcr\u00fczs\u00fcz hale getirilmesiyle elde edilen her t\u00fcrl\u00fc i\u00e7 ve d\u0131\u015f y\u00fczey kaplamas\u0131nda kullan\u0131labilen A1 s\u0131n\u0131f\u0131 yanmazl\u0131k \u00f6zelli\u011fine sahip, sel\u00fcloz lifi takviyeli ve \u00e7imento esasl\u0131 Ekobord\u2019a \u00f6zel bir \u00fcr\u00fcnd\u00fcr.<\/h3>\n","protected":false},"featured_media":343,"comment_status":"closed","ping_status":"closed","template":"","meta":[],"product_brand":[],"product_cat":[71],"product_tag":[72],"class_list":{"0":"post-341","1":"product","2":"type-product","3":"status-publish","4":"has-post-thumbnail","6":"product_cat-ekobord","7":"product_tag-ekobord","9":"first","10":"instock","11":"taxable","12":"shipping-taxable","13":"product-type-simple"},"_links":{"self":[{"href":"http:\/\/gonenyapi.com.tr\/index.php\/wp-json\/wp\/v2\/product\/341","targetHints":{"allow":["GET"]}}],"collection":[{"href":"http:\/\/gonenyapi.com.tr\/index.php\/wp-json\/wp\/v2\/product"}],"about":[{"href":"http:\/\/gonenyapi.com.tr\/index.php\/wp-json\/wp\/v2\/types\/product"}],"replies":[{"embeddable":true,"href":"http:\/\/gonenyapi.com.tr\/index.php\/wp-json\/wp\/v2\/comments?post=341"}],"wp:featuredmedia":[{"embeddable":true,"href":"http:\/\/gonenyapi.com.tr\/index.php\/wp-json\/wp\/v2\/media\/343"}],"wp:attachment":[{"href":"http:\/\/gonenyapi.com.tr\/index.php\/wp-json\/wp\/v2\/media?parent=341"}],"wp:term":[{"taxonomy":"product_brand","embeddable":true,"href":"http:\/\/gonenyapi.com.tr\/index.php\/wp-json\/wp\/v2\/product_brand?post=341"},{"taxonomy":"product_cat","embeddable":true,"href":"http:\/\/gonenyapi.com.tr\/index.php\/wp-json\/wp\/v2\/product_cat?post=341"},{"taxonomy":"product_tag","embeddable":true,"href":"http:\/\/gonenyapi.com.tr\/index.php\/wp-json\/wp\/v2\/product_tag?post=341"}],"curies":[{"name":"wp","href":"https:\/\/api.w.org\/{rel}","templated":true}]}}