{"id":302,"date":"2020-09-24T12:39:52","date_gmt":"2020-09-24T12:39:52","guid":{"rendered":"http:\/\/gonenyapi.com.tr\/?post_type=product&#038;p=302"},"modified":"2020-09-24T12:39:52","modified_gmt":"2020-09-24T12:39:52","slug":"dusey-yatay-duvar-kavrayicisi","status":"publish","type":"product","link":"http:\/\/gonenyapi.com.tr\/index.php\/urun\/dusey-yatay-duvar-kavrayicisi\/","title":{"rendered":"D\u00fc\u015fey\/Yatay Duvar Kavray\u0131c\u0131s\u0131"},"content":{"rendered":"<p>Yatay duvar elemanlar\u0131n\u0131n kald\u0131r\u0131lmas\u0131nda ve montaj\u0131nda kullan\u0131l\u0131r. Yakla\u015f\u0131k 23 kg a\u011f\u0131rl\u0131\u011f\u0131nda olup maksimum kald\u0131rma g\u00fcc\u00fc 900 kg&#8217;d\u0131r.<\/p>\n","protected":false},"excerpt":{"rendered":"<p>Yatay duvar elemanlar\u0131n\u0131n kald\u0131r\u0131lmas\u0131nda ve montaj\u0131nda kullan\u0131l\u0131r. Yakla\u015f\u0131k 23 kg a\u011f\u0131rl\u0131\u011f\u0131nda olup maksimum kald\u0131rma g\u00fcc\u00fc 900 kg&#8217;d\u0131r.<\/p>\n","protected":false},"featured_media":303,"comment_status":"closed","ping_status":"closed","template":"","meta":[],"product_brand":[],"product_cat":[68],"product_tag":[62],"class_list":{"0":"post-302","1":"product","2":"type-product","3":"status-publish","4":"has-post-thumbnail","6":"product_cat-montaj-aletleri","7":"product_tag-ytong","9":"first","10":"instock","11":"taxable","12":"shipping-taxable","13":"product-type-simple"},"_links":{"self":[{"href":"http:\/\/gonenyapi.com.tr\/index.php\/wp-json\/wp\/v2\/product\/302","targetHints":{"allow":["GET"]}}],"collection":[{"href":"http:\/\/gonenyapi.com.tr\/index.php\/wp-json\/wp\/v2\/product"}],"about":[{"href":"http:\/\/gonenyapi.com.tr\/index.php\/wp-json\/wp\/v2\/types\/product"}],"replies":[{"embeddable":true,"href":"http:\/\/gonenyapi.com.tr\/index.php\/wp-json\/wp\/v2\/comments?post=302"}],"wp:featuredmedia":[{"embeddable":true,"href":"http:\/\/gonenyapi.com.tr\/index.php\/wp-json\/wp\/v2\/media\/303"}],"wp:attachment":[{"href":"http:\/\/gonenyapi.com.tr\/index.php\/wp-json\/wp\/v2\/media?parent=302"}],"wp:term":[{"taxonomy":"product_brand","embeddable":true,"href":"http:\/\/gonenyapi.com.tr\/index.php\/wp-json\/wp\/v2\/product_brand?post=302"},{"taxonomy":"product_cat","embeddable":true,"href":"http:\/\/gonenyapi.com.tr\/index.php\/wp-json\/wp\/v2\/product_cat?post=302"},{"taxonomy":"product_tag","embeddable":true,"href":"http:\/\/gonenyapi.com.tr\/index.php\/wp-json\/wp\/v2\/product_tag?post=302"}],"curies":[{"name":"wp","href":"https:\/\/api.w.org\/{rel}","templated":true}]}}