{"id":297,"date":"2020-09-24T12:10:56","date_gmt":"2020-09-24T12:10:56","guid":{"rendered":"http:\/\/gonenyapi.com.tr\/?post_type=product&#038;p=297"},"modified":"2020-09-24T12:10:56","modified_gmt":"2020-09-24T12:10:56","slug":"lastik-cekic","status":"publish","type":"product","link":"http:\/\/gonenyapi.com.tr\/index.php\/urun\/lastik-cekic\/","title":{"rendered":"Lastik \u00c7eki\u00e7"},"content":{"rendered":"<p>Duvar \u00f6r\u00fcm\u00fc s\u0131ras\u0131nda ytong bloklar\u0131n yerlerine s\u0131k\u0131 bir bi\u00e7imde oturmalar\u0131na ve birbirlerine iyice yap\u0131\u015fmalar\u0131na yard\u0131mc\u0131 olur.<\/p>\n","protected":false},"excerpt":{"rendered":"<p>Duvar \u00f6r\u00fcm\u00fc s\u0131ras\u0131nda ytong bloklar\u0131n yerlerine s\u0131k\u0131 bir bi\u00e7imde oturmalar\u0131na ve birbirlerine iyice yap\u0131\u015fmalar\u0131na yard\u0131mc\u0131 olur.<\/p>\n","protected":false},"featured_media":299,"comment_status":"closed","ping_status":"closed","template":"","meta":[],"product_brand":[],"product_cat":[66],"product_tag":[],"class_list":{"0":"post-297","1":"product","2":"type-product","3":"status-publish","4":"has-post-thumbnail","6":"product_cat-el-aletleri","8":"first","9":"instock","10":"taxable","11":"shipping-taxable","12":"product-type-simple"},"_links":{"self":[{"href":"http:\/\/gonenyapi.com.tr\/index.php\/wp-json\/wp\/v2\/product\/297","targetHints":{"allow":["GET"]}}],"collection":[{"href":"http:\/\/gonenyapi.com.tr\/index.php\/wp-json\/wp\/v2\/product"}],"about":[{"href":"http:\/\/gonenyapi.com.tr\/index.php\/wp-json\/wp\/v2\/types\/product"}],"replies":[{"embeddable":true,"href":"http:\/\/gonenyapi.com.tr\/index.php\/wp-json\/wp\/v2\/comments?post=297"}],"wp:featuredmedia":[{"embeddable":true,"href":"http:\/\/gonenyapi.com.tr\/index.php\/wp-json\/wp\/v2\/media\/299"}],"wp:attachment":[{"href":"http:\/\/gonenyapi.com.tr\/index.php\/wp-json\/wp\/v2\/media?parent=297"}],"wp:term":[{"taxonomy":"product_brand","embeddable":true,"href":"http:\/\/gonenyapi.com.tr\/index.php\/wp-json\/wp\/v2\/product_brand?post=297"},{"taxonomy":"product_cat","embeddable":true,"href":"http:\/\/gonenyapi.com.tr\/index.php\/wp-json\/wp\/v2\/product_cat?post=297"},{"taxonomy":"product_tag","embeddable":true,"href":"http:\/\/gonenyapi.com.tr\/index.php\/wp-json\/wp\/v2\/product_tag?post=297"}],"curies":[{"name":"wp","href":"https:\/\/api.w.org\/{rel}","templated":true}]}}