{"id":292,"date":"2020-09-24T12:02:19","date_gmt":"2020-09-24T12:02:19","guid":{"rendered":"http:\/\/gonenyapi.com.tr\/?post_type=product&#038;p=292"},"modified":"2020-09-24T12:02:19","modified_gmt":"2020-09-24T12:02:19","slug":"gonye","status":"publish","type":"product","link":"http:\/\/gonenyapi.com.tr\/index.php\/urun\/gonye\/","title":{"rendered":"G\u00f6nye"},"content":{"rendered":"<p>Bloklar\u0131 g\u00f6nyesinde ve \u00e7e\u015fitli a\u00e7\u0131larda kesmek i\u00e7in kullan\u0131l\u0131r.<\/p>\n","protected":false},"excerpt":{"rendered":"<p>Bloklar\u0131 g\u00f6nyesinde ve \u00e7e\u015fitli a\u00e7\u0131larda kesmek i\u00e7in kullan\u0131l\u0131r.<\/p>\n","protected":false},"featured_media":294,"comment_status":"closed","ping_status":"closed","template":"","meta":[],"product_brand":[],"product_cat":[66],"product_tag":[62],"class_list":{"0":"post-292","1":"product","2":"type-product","3":"status-publish","4":"has-post-thumbnail","6":"product_cat-el-aletleri","7":"product_tag-ytong","9":"first","10":"instock","11":"taxable","12":"shipping-taxable","13":"product-type-simple"},"_links":{"self":[{"href":"http:\/\/gonenyapi.com.tr\/index.php\/wp-json\/wp\/v2\/product\/292","targetHints":{"allow":["GET"]}}],"collection":[{"href":"http:\/\/gonenyapi.com.tr\/index.php\/wp-json\/wp\/v2\/product"}],"about":[{"href":"http:\/\/gonenyapi.com.tr\/index.php\/wp-json\/wp\/v2\/types\/product"}],"replies":[{"embeddable":true,"href":"http:\/\/gonenyapi.com.tr\/index.php\/wp-json\/wp\/v2\/comments?post=292"}],"wp:featuredmedia":[{"embeddable":true,"href":"http:\/\/gonenyapi.com.tr\/index.php\/wp-json\/wp\/v2\/media\/294"}],"wp:attachment":[{"href":"http:\/\/gonenyapi.com.tr\/index.php\/wp-json\/wp\/v2\/media?parent=292"}],"wp:term":[{"taxonomy":"product_brand","embeddable":true,"href":"http:\/\/gonenyapi.com.tr\/index.php\/wp-json\/wp\/v2\/product_brand?post=292"},{"taxonomy":"product_cat","embeddable":true,"href":"http:\/\/gonenyapi.com.tr\/index.php\/wp-json\/wp\/v2\/product_cat?post=292"},{"taxonomy":"product_tag","embeddable":true,"href":"http:\/\/gonenyapi.com.tr\/index.php\/wp-json\/wp\/v2\/product_tag?post=292"}],"curies":[{"name":"wp","href":"https:\/\/api.w.org\/{rel}","templated":true}]}}