{"id":288,"date":"2020-09-20T19:18:48","date_gmt":"2020-09-20T19:18:48","guid":{"rendered":"http:\/\/gonenyapi.com.tr\/?post_type=product&#038;p=288"},"modified":"2020-09-20T19:18:48","modified_gmt":"2020-09-20T19:18:48","slug":"orgu-tutkali","status":"publish","type":"product","link":"http:\/\/gonenyapi.com.tr\/index.php\/urun\/orgu-tutkali\/","title":{"rendered":"\u00d6rg\u00fc Tutkal\u0131"},"content":{"rendered":"<div class=\"product-description\">\n<div class=\"product-title\">\n<h3>\u00d6rg\u00fc Tutkal\u0131<\/h3>\n<\/div>\n<p class=\"m-t-10 m-b-0\">Ytong \u00d6rg\u00fc Tutkal\u0131, Ytong Duvar Bloklar\u0131n\u0131n \u00f6r\u00fcm\u00fc i\u00e7in \u00f6zel olarak geli\u015ftirilmi\u015f \u00e7imento esasl\u0131 derz malzemesidir. 10 kg ve 25 kg&#8217;l\u0131k kraft torbalarda sunulmaktad\u0131r.<\/p>\n<\/div>\n<div class=\"row\">\n<div class=\"col-md-6\">\n<h6>Yan\u0131c\u0131l\u0131k S\u0131n\u0131f\u0131<\/h6>\n<ul class=\"product-size\">\n<li><label> A1 <\/label><\/li>\n<\/ul>\n<\/div>\n<div class=\"col-md-6\">\n<h6>\u00dcr\u00fcn Standard\u0131<\/h6>\n<ul class=\"product-size\">\n<li><label> TS EN 998-2 <\/label><\/li>\n<\/ul>\n<div class=\"row m-t-40\">\n<div class=\"col-md-12\">\n<h4>\u00dcr\u00fcn \u00d6zellikleri:<\/h4>\n<div id=\"comments\" class=\"comments\">\n<div class=\"comment\">\n<p>Ytong \u00d6rg\u00fc Tutkal\u0131,Ytong Duvar Bloklar\u0131n\u0131n \u00f6r\u00fcm\u00fc i\u00e7in \u00f6zel olarak geli\u015ftirilmi\u015f \u00e7imento esasl\u0131 derz malzemesidir. 10 kg ve 25 kg&#8217;l\u0131k kraft torbalarda sunulmaktad\u0131r.<\/p>\n<p>Derz y\u00fczeyine \u00f6zel tutkal malas\u0131 ile 1-3 mm kal\u0131nl\u0131\u011f\u0131nda uygulan\u0131r. B\u00f6ylece yatay ve d\u00fc\u015fey derz kal\u0131nl\u0131\u011f\u0131 azal\u0131r. Duvar\u0131n derz kal\u0131nl\u0131\u011f\u0131 azald\u0131\u011f\u0131 i\u00e7in ta\u015f\u0131ma g\u00fcc\u00fc artar ve \u0131s\u0131 k\u00f6pr\u00fcleri azal\u0131r.<\/p>\n<p>TS EN 998-2\u2019ye uygun olarak \u00fcretilen ve \u22655 N\/mm\u00b2 (M 5 s\u0131n\u0131f\u0131) bas\u0131n\u00e7 dayan\u0131m\u0131na sahip, CE sertifikal\u0131 gazbeton harc\u0131d\u0131r.<\/p>\n<\/div>\n<\/div>\n<\/div>\n<\/div>\n<\/div>\n<\/div>\n","protected":false},"excerpt":{"rendered":"<p>Ytong \u00d6rg\u00fc Tutkal\u0131, Ytong Duvar Bloklar\u0131n\u0131n \u00f6r\u00fcm\u00fc i\u00e7in \u00f6zel olarak geli\u015ftirilmi\u015f \u00e7imento esasl\u0131 derz malzemesidir. 10 kg ve 25 kg&#8217;l\u0131k kraft torbalarda sunulmaktad\u0131r.<\/p>\n","protected":false},"featured_media":289,"comment_status":"closed","ping_status":"closed","template":"","meta":[],"product_brand":[],"product_cat":[61],"product_tag":[65,62],"class_list":{"0":"post-288","1":"product","2":"type-product","3":"status-publish","4":"has-post-thumbnail","6":"product_cat-ytong-gazbeton","7":"product_tag-orgu-tutkali","8":"product_tag-ytong","10":"first","11":"instock","12":"taxable","13":"shipping-taxable","14":"product-type-simple"},"_links":{"self":[{"href":"http:\/\/gonenyapi.com.tr\/index.php\/wp-json\/wp\/v2\/product\/288","targetHints":{"allow":["GET"]}}],"collection":[{"href":"http:\/\/gonenyapi.com.tr\/index.php\/wp-json\/wp\/v2\/product"}],"about":[{"href":"http:\/\/gonenyapi.com.tr\/index.php\/wp-json\/wp\/v2\/types\/product"}],"replies":[{"embeddable":true,"href":"http:\/\/gonenyapi.com.tr\/index.php\/wp-json\/wp\/v2\/comments?post=288"}],"wp:featuredmedia":[{"embeddable":true,"href":"http:\/\/gonenyapi.com.tr\/index.php\/wp-json\/wp\/v2\/media\/289"}],"wp:attachment":[{"href":"http:\/\/gonenyapi.com.tr\/index.php\/wp-json\/wp\/v2\/media?parent=288"}],"wp:term":[{"taxonomy":"product_brand","embeddable":true,"href":"http:\/\/gonenyapi.com.tr\/index.php\/wp-json\/wp\/v2\/product_brand?post=288"},{"taxonomy":"product_cat","embeddable":true,"href":"http:\/\/gonenyapi.com.tr\/index.php\/wp-json\/wp\/v2\/product_cat?post=288"},{"taxonomy":"product_tag","embeddable":true,"href":"http:\/\/gonenyapi.com.tr\/index.php\/wp-json\/wp\/v2\/product_tag?post=288"}],"curies":[{"name":"wp","href":"https:\/\/api.w.org\/{rel}","templated":true}]}}