{"id":286,"date":"2020-09-20T19:16:29","date_gmt":"2020-09-20T19:16:29","guid":{"rendered":"http:\/\/gonenyapi.com.tr\/?post_type=product&#038;p=286"},"modified":"2020-09-20T19:16:29","modified_gmt":"2020-09-20T19:16:29","slug":"asmolen","status":"publish","type":"product","link":"http:\/\/gonenyapi.com.tr\/index.php\/urun\/asmolen\/","title":{"rendered":"Asmolen"},"content":{"rendered":"<div class=\"product-description\">\n<div class=\"product-title\">\n<h3>Asmolen<\/h3>\n<\/div>\n<p class=\"m-t-10 m-b-0\">Betonarme asmolen d\u00f6\u015femelerde hafif dolgu malzemesi olarak kullan\u0131l\u0131r. Cepli Hafif Asmolen, di\u011fer Ytong \u00fcr\u00fcnleri gibi hafif, depreme dayan\u0131kl\u0131 ve ekonomik in\u015faatlar\u0131n \u00fcretilmesine olanak sa\u011flar.<\/p>\n<\/div>\n<div class=\"row\">\n<div class=\"col-md-6\">\n<h6>Yan\u0131c\u0131l\u0131k S\u0131n\u0131f\u0131<\/h6>\n<ul class=\"product-size\">\n<li><label> A1 <\/label><\/li>\n<\/ul>\n<\/div>\n<div class=\"col-md-6\">\n<h6>\u00dcr\u00fcn Standard\u0131<\/h6>\n<ul class=\"product-size\">\n<li><label> TSE K 108 <\/label><\/li>\n<\/ul>\n<div class=\"row m-t-40\">\n<div class=\"col-md-12\">\n<h4>\u00dcr\u00fcn \u00d6zellikleri:<\/h4>\n<div id=\"comments\" class=\"comments\">\n<div class=\"comment\">\n<p>Betonarme asmolen d\u00f6\u015femelerde hafif dolgu malzemesi olarak kullan\u0131l\u0131r. Cepli Hafif Asmolen, di\u011fer Ytong \u00fcr\u00fcnleri gibi hafif, depreme dayan\u0131kl\u0131 ve ekonomik in\u015faatlar\u0131n \u00fcretilmesine olanak sa\u011flar.<\/p>\n<p>Asmolen, d\u00f6\u015femelerde ses ve \u0131s\u0131 yal\u0131t\u0131m\u0131 sa\u011flayarak yap\u0131 konforunu art\u0131r\u0131r. Kolayca kesilebilen yap\u0131s\u0131 nedeniyle uygulamada fire olu\u015fturmaz. Bo\u015fluksuz yap\u0131s\u0131 nedeniyle i\u00e7ine beton dolmayan Cepli Asmolen, d\u00f6\u015femlerde %15\u2019e varan beton tasarrufu sa\u011flamaktad\u0131r. D\u00f6\u015femede olu\u015fan d\u00fczg\u00fcn y\u00fczey sayesinde, %30-40 oran\u0131nda s\u0131va tasarrufu da elde edilebilmektedir.<\/p>\n<\/div>\n<\/div>\n<\/div>\n<\/div>\n<\/div>\n<\/div>\n","protected":false},"excerpt":{"rendered":"<p>Betonarme asmolen d\u00f6\u015femelerde hafif dolgu malzemesi olarak kullan\u0131l\u0131r. Cepli Hafif Asmolen, di\u011fer Ytong \u00fcr\u00fcnleri gibi hafif, depreme dayan\u0131kl\u0131 ve ekonomik in\u015faatlar\u0131n \u00fcretilmesine olanak sa\u011flar.<\/p>\n","protected":false},"featured_media":287,"comment_status":"closed","ping_status":"closed","template":"","meta":[],"product_brand":[],"product_cat":[61],"product_tag":[64,62],"class_list":{"0":"post-286","1":"product","2":"type-product","3":"status-publish","4":"has-post-thumbnail","6":"product_cat-ytong-gazbeton","7":"product_tag-asmolen","8":"product_tag-ytong","10":"first","11":"instock","12":"taxable","13":"shipping-taxable","14":"product-type-simple"},"_links":{"self":[{"href":"http:\/\/gonenyapi.com.tr\/index.php\/wp-json\/wp\/v2\/product\/286","targetHints":{"allow":["GET"]}}],"collection":[{"href":"http:\/\/gonenyapi.com.tr\/index.php\/wp-json\/wp\/v2\/product"}],"about":[{"href":"http:\/\/gonenyapi.com.tr\/index.php\/wp-json\/wp\/v2\/types\/product"}],"replies":[{"embeddable":true,"href":"http:\/\/gonenyapi.com.tr\/index.php\/wp-json\/wp\/v2\/comments?post=286"}],"wp:featuredmedia":[{"embeddable":true,"href":"http:\/\/gonenyapi.com.tr\/index.php\/wp-json\/wp\/v2\/media\/287"}],"wp:attachment":[{"href":"http:\/\/gonenyapi.com.tr\/index.php\/wp-json\/wp\/v2\/media?parent=286"}],"wp:term":[{"taxonomy":"product_brand","embeddable":true,"href":"http:\/\/gonenyapi.com.tr\/index.php\/wp-json\/wp\/v2\/product_brand?post=286"},{"taxonomy":"product_cat","embeddable":true,"href":"http:\/\/gonenyapi.com.tr\/index.php\/wp-json\/wp\/v2\/product_cat?post=286"},{"taxonomy":"product_tag","embeddable":true,"href":"http:\/\/gonenyapi.com.tr\/index.php\/wp-json\/wp\/v2\/product_tag?post=286"}],"curies":[{"name":"wp","href":"https:\/\/api.w.org\/{rel}","templated":true}]}}