{"id":277,"date":"2020-09-20T19:02:43","date_gmt":"2020-09-20T19:02:43","guid":{"rendered":"http:\/\/gonenyapi.com.tr\/?post_type=product&#038;p=277"},"modified":"2020-09-30T15:00:53","modified_gmt":"2020-09-30T12:00:53","slug":"portland-kompoze-cimento-cem-iv-b-p-32-5-r","status":"publish","type":"product","link":"http:\/\/gonenyapi.com.tr\/index.php\/urun\/portland-kompoze-cimento-cem-iv-b-p-32-5-r\/","title":{"rendered":"Portland Kompoze \u00c7imento CEM IV\/B (P) 32.5 R"},"content":{"rendered":"<table width=\"287\">\n<tbody>\n<tr>\n<td width=\"287\">Portland Kompoze \u00c7imento<\/td>\n<\/tr>\n<tr>\n<td width=\"287\">CEM IV\/B (P) 32.5 R<\/td>\n<\/tr>\n<tr>\n<td width=\"287\">Kullan\u0131m Alanlar\u0131<\/td>\n<\/tr>\n<tr>\n<td width=\"287\">Y\u00fcksek dayan\u0131m gerektirmeyen betonlarda<\/td>\n<\/tr>\n<tr>\n<td width=\"287\"><\/td>\n<\/tr>\n<tr>\n<td width=\"287\">Briket ,asmolen imalat\u0131nda<\/td>\n<\/tr>\n<tr>\n<td width=\"287\"><\/td>\n<\/tr>\n<tr>\n<td width=\"287\">Gro betonlarda<\/td>\n<\/tr>\n<tr>\n<td width=\"287\"><\/td>\n<\/tr>\n<tr>\n<td width=\"287\">Her t\u00fcrl\u00fc s\u0131va,duvar ve \u00f6rg\u00fc har\u00e7lar\u0131nda<\/td>\n<\/tr>\n<tr>\n<td width=\"287\"><\/td>\n<\/tr>\n<tr>\n<td width=\"287\">Sat\u0131h betonlar\u0131nda<\/td>\n<\/tr>\n<tr>\n<td width=\"287\"><\/td>\n<\/tr>\n<tr>\n<td width=\"287\">Su yap\u0131lar\u0131nda<\/td>\n<\/tr>\n<tr>\n<td width=\"287\"><\/td>\n<\/tr>\n<tr>\n<td width=\"287\">Park,bah\u00e7e ,kald\u0131r\u0131m yap\u0131lar\u0131nda<\/td>\n<\/tr>\n<tr>\n<td width=\"287\"><\/td>\n<\/tr>\n<tr>\n<td width=\"287\">Mimari yap\u0131larda<\/td>\n<\/tr>\n<tr>\n<td width=\"287\"><\/td>\n<\/tr>\n<tr>\n<td width=\"287\"><\/td>\n<\/tr>\n<tr>\n<td width=\"287\"><\/td>\n<\/tr>\n<tr>\n<td width=\"287\"><\/td>\n<\/tr>\n<tr>\n<td width=\"287\"><\/td>\n<\/tr>\n<tr>\n<td width=\"287\"><\/td>\n<\/tr>\n<\/tbody>\n<\/table>\n","protected":false},"excerpt":{"rendered":"<p>Portland Kompoze \u00c7imento<\/p>\n","protected":false},"featured_media":872,"comment_status":"closed","ping_status":"closed","template":"","meta":[],"product_brand":[],"product_cat":[54],"product_tag":[43,55],"class_list":{"0":"post-277","1":"product","2":"type-product","3":"status-publish","4":"has-post-thumbnail","6":"product_cat-sancim-cimento","7":"product_tag-cimento","8":"product_tag-sancim","10":"first","11":"instock","12":"taxable","13":"shipping-taxable","14":"product-type-simple"},"_links":{"self":[{"href":"http:\/\/gonenyapi.com.tr\/index.php\/wp-json\/wp\/v2\/product\/277","targetHints":{"allow":["GET"]}}],"collection":[{"href":"http:\/\/gonenyapi.com.tr\/index.php\/wp-json\/wp\/v2\/product"}],"about":[{"href":"http:\/\/gonenyapi.com.tr\/index.php\/wp-json\/wp\/v2\/types\/product"}],"replies":[{"embeddable":true,"href":"http:\/\/gonenyapi.com.tr\/index.php\/wp-json\/wp\/v2\/comments?post=277"}],"wp:featuredmedia":[{"embeddable":true,"href":"http:\/\/gonenyapi.com.tr\/index.php\/wp-json\/wp\/v2\/media\/872"}],"wp:attachment":[{"href":"http:\/\/gonenyapi.com.tr\/index.php\/wp-json\/wp\/v2\/media?parent=277"}],"wp:term":[{"taxonomy":"product_brand","embeddable":true,"href":"http:\/\/gonenyapi.com.tr\/index.php\/wp-json\/wp\/v2\/product_brand?post=277"},{"taxonomy":"product_cat","embeddable":true,"href":"http:\/\/gonenyapi.com.tr\/index.php\/wp-json\/wp\/v2\/product_cat?post=277"},{"taxonomy":"product_tag","embeddable":true,"href":"http:\/\/gonenyapi.com.tr\/index.php\/wp-json\/wp\/v2\/product_tag?post=277"}],"curies":[{"name":"wp","href":"https:\/\/api.w.org\/{rel}","templated":true}]}}