{"id":275,"date":"2020-09-20T19:00:57","date_gmt":"2020-09-20T19:00:57","guid":{"rendered":"http:\/\/gonenyapi.com.tr\/?post_type=product&#038;p=275"},"modified":"2020-09-30T15:01:06","modified_gmt":"2020-09-30T12:01:06","slug":"portland-kompoze-cimento-cem-ii-a-42-5-r","status":"publish","type":"product","link":"http:\/\/gonenyapi.com.tr\/index.php\/urun\/portland-kompoze-cimento-cem-ii-a-42-5-r\/","title":{"rendered":"Portland Kompoze \u00c7imento CEM II \/A 42.5 R"},"content":{"rendered":"<table width=\"429\">\n<tbody>\n<tr>\n<td width=\"429\">Portland Kompoze \u00c7imento<\/td>\n<\/tr>\n<tr>\n<td width=\"429\">CEM II \/A 42.5 R<\/td>\n<\/tr>\n<tr>\n<td width=\"429\">Kullan\u0131m Alanlar\u0131<\/td>\n<\/tr>\n<tr>\n<td width=\"429\">Y\u00fcksek dayan\u0131m gerektiren yap\u0131 elemanlar\u0131nda<\/td>\n<\/tr>\n<tr>\n<td width=\"429\"><\/td>\n<\/tr>\n<tr>\n<td width=\"429\">Ekonomik olmas\u0131 istenen betonlarda<\/td>\n<\/tr>\n<tr>\n<td width=\"429\"><\/td>\n<\/tr>\n<tr>\n<td width=\"429\">Dayan\u0131kl\u0131l\u0131\u011f\u0131n-durabilitenin uzun s\u00fcreli olmas\u0131 istenen betonlarda<\/td>\n<\/tr>\n<tr>\n<td width=\"429\"><\/td>\n<\/tr>\n<tr>\n<td width=\"429\">Her t\u00fcrl\u00fc betonarme yap\u0131larda<\/td>\n<\/tr>\n<tr>\n<td width=\"429\"><\/td>\n<\/tr>\n<tr>\n<td width=\"429\">\u00d6n gerilmeli betonlarda<\/td>\n<\/tr>\n<tr>\n<td width=\"429\"><\/td>\n<\/tr>\n<tr>\n<td width=\"429\">Prefabrik yap\u0131 \u00fcr\u00fcnleri imalat\u0131nda<\/td>\n<\/tr>\n<tr>\n<td width=\"429\"><\/td>\n<\/tr>\n<tr>\n<td width=\"429\">Baraj,iskele ,su kanallar\u0131,dere kenarlar\u0131 gibi su yap\u0131lar\u0131nda<\/td>\n<\/tr>\n<tr>\n<td width=\"429\"><\/td>\n<\/tr>\n<tr>\n<td width=\"429\"><\/td>\n<\/tr>\n<tr>\n<td width=\"429\"><\/td>\n<\/tr>\n<tr>\n<td width=\"429\"><\/td>\n<\/tr>\n<tr>\n<td width=\"429\"><\/td>\n<\/tr>\n<tr>\n<td width=\"429\"><\/td>\n<\/tr>\n<tr>\n<td width=\"429\"><\/td>\n<\/tr>\n<tr>\n<td width=\"429\"><\/td>\n<\/tr>\n<\/tbody>\n<\/table>\n","protected":false},"excerpt":{"rendered":"<table width=\"429\">\n<tbody>\n<tr>\n<td width=\"429\">Y\u00fcksek dayan\u0131m gerektiren yap\u0131 elemanlar\u0131nda<\/td>\n<\/tr>\n<\/tbody>\n<\/table>\n","protected":false},"featured_media":872,"comment_status":"closed","ping_status":"closed","template":"","meta":[],"product_brand":[],"product_cat":[54],"product_tag":[43,55],"class_list":{"0":"post-275","1":"product","2":"type-product","3":"status-publish","4":"has-post-thumbnail","6":"product_cat-sancim-cimento","7":"product_tag-cimento","8":"product_tag-sancim","10":"first","11":"instock","12":"taxable","13":"shipping-taxable","14":"product-type-simple"},"_links":{"self":[{"href":"http:\/\/gonenyapi.com.tr\/index.php\/wp-json\/wp\/v2\/product\/275","targetHints":{"allow":["GET"]}}],"collection":[{"href":"http:\/\/gonenyapi.com.tr\/index.php\/wp-json\/wp\/v2\/product"}],"about":[{"href":"http:\/\/gonenyapi.com.tr\/index.php\/wp-json\/wp\/v2\/types\/product"}],"replies":[{"embeddable":true,"href":"http:\/\/gonenyapi.com.tr\/index.php\/wp-json\/wp\/v2\/comments?post=275"}],"wp:featuredmedia":[{"embeddable":true,"href":"http:\/\/gonenyapi.com.tr\/index.php\/wp-json\/wp\/v2\/media\/872"}],"wp:attachment":[{"href":"http:\/\/gonenyapi.com.tr\/index.php\/wp-json\/wp\/v2\/media?parent=275"}],"wp:term":[{"taxonomy":"product_brand","embeddable":true,"href":"http:\/\/gonenyapi.com.tr\/index.php\/wp-json\/wp\/v2\/product_brand?post=275"},{"taxonomy":"product_cat","embeddable":true,"href":"http:\/\/gonenyapi.com.tr\/index.php\/wp-json\/wp\/v2\/product_cat?post=275"},{"taxonomy":"product_tag","embeddable":true,"href":"http:\/\/gonenyapi.com.tr\/index.php\/wp-json\/wp\/v2\/product_tag?post=275"}],"curies":[{"name":"wp","href":"https:\/\/api.w.org\/{rel}","templated":true}]}}