{"id":273,"date":"2020-09-20T18:57:51","date_gmt":"2020-09-20T18:57:51","guid":{"rendered":"http:\/\/gonenyapi.com.tr\/?post_type=product&#038;p=273"},"modified":"2020-09-30T15:00:34","modified_gmt":"2020-09-30T12:00:34","slug":"portland-cimento-cem-i-425-r","status":"publish","type":"product","link":"http:\/\/gonenyapi.com.tr\/index.php\/urun\/portland-cimento-cem-i-425-r\/","title":{"rendered":"Portland \u00c7imento CEM I 42,5 R"},"content":{"rendered":"<table width=\"237\">\n<tbody>\n<tr>\n<td width=\"237\">Portland \u00c7imento<\/td>\n<\/tr>\n<tr>\n<td width=\"237\">CEM I 42,5 R<\/td>\n<\/tr>\n<tr>\n<td width=\"237\">Kullan\u0131m Alanlar\u0131<\/td>\n<\/tr>\n<tr>\n<td width=\"237\">Yap\u0131 Kimyasallar\u0131 \u00fcretiminde<\/td>\n<\/tr>\n<tr>\n<td width=\"237\">(fayans yap\u0131\u015ft\u0131r\u0131c\u0131)<\/td>\n<\/tr>\n<tr>\n<td width=\"237\"><\/td>\n<\/tr>\n<tr>\n<td width=\"237\">Tamir harc\u0131<\/td>\n<\/tr>\n<tr>\n<td width=\"237\"><\/td>\n<\/tr>\n<tr>\n<td width=\"237\">Kendili\u011finden yerle\u015fen har\u00e7larda<\/td>\n<\/tr>\n<tr>\n<td width=\"237\"><\/td>\n<\/tr>\n<tr>\n<td width=\"237\">Ankraj har\u00e7lar\u0131nda<\/td>\n<\/tr>\n<tr>\n<td width=\"237\"><\/td>\n<\/tr>\n<tr>\n<td width=\"237\">Akaryak\u0131t istasyonu<\/td>\n<\/tr>\n<tr>\n<td width=\"237\"><\/td>\n<\/tr>\n<tr>\n<td width=\"237\">Spor alanlar<\/td>\n<\/tr>\n<tr>\n<td width=\"237\"><\/td>\n<\/tr>\n<tr>\n<td width=\"237\">Otopark ve havaalan\u0131 zeminlerinde<\/td>\n<\/tr>\n<tr>\n<td width=\"237\"><\/td>\n<\/tr>\n<tr>\n<td width=\"237\">\u015eevli arazi kaplamas\u0131nda<\/td>\n<\/tr>\n<tr>\n<td width=\"237\"><\/td>\n<\/tr>\n<tr>\n<td width=\"237\">\u0130stinat duvarlar\u0131<\/td>\n<\/tr>\n<tr>\n<td width=\"237\"><\/td>\n<\/tr>\n<tr>\n<td width=\"237\">Bah\u00e7e ve yol bord\u00fcrleri imalat\u0131<\/td>\n<\/tr>\n<tr>\n<td width=\"237\"><\/td>\n<\/tr>\n<\/tbody>\n<\/table>\n","protected":false},"excerpt":{"rendered":"<p>Portland \u00c7imento<\/p>\n","protected":false},"featured_media":872,"comment_status":"closed","ping_status":"closed","template":"","meta":[],"product_brand":[],"product_cat":[54],"product_tag":[43,55],"class_list":{"0":"post-273","1":"product","2":"type-product","3":"status-publish","4":"has-post-thumbnail","6":"product_cat-sancim-cimento","7":"product_tag-cimento","8":"product_tag-sancim","10":"first","11":"instock","12":"taxable","13":"shipping-taxable","14":"product-type-simple"},"_links":{"self":[{"href":"http:\/\/gonenyapi.com.tr\/index.php\/wp-json\/wp\/v2\/product\/273","targetHints":{"allow":["GET"]}}],"collection":[{"href":"http:\/\/gonenyapi.com.tr\/index.php\/wp-json\/wp\/v2\/product"}],"about":[{"href":"http:\/\/gonenyapi.com.tr\/index.php\/wp-json\/wp\/v2\/types\/product"}],"replies":[{"embeddable":true,"href":"http:\/\/gonenyapi.com.tr\/index.php\/wp-json\/wp\/v2\/comments?post=273"}],"wp:featuredmedia":[{"embeddable":true,"href":"http:\/\/gonenyapi.com.tr\/index.php\/wp-json\/wp\/v2\/media\/872"}],"wp:attachment":[{"href":"http:\/\/gonenyapi.com.tr\/index.php\/wp-json\/wp\/v2\/media?parent=273"}],"wp:term":[{"taxonomy":"product_brand","embeddable":true,"href":"http:\/\/gonenyapi.com.tr\/index.php\/wp-json\/wp\/v2\/product_brand?post=273"},{"taxonomy":"product_cat","embeddable":true,"href":"http:\/\/gonenyapi.com.tr\/index.php\/wp-json\/wp\/v2\/product_cat?post=273"},{"taxonomy":"product_tag","embeddable":true,"href":"http:\/\/gonenyapi.com.tr\/index.php\/wp-json\/wp\/v2\/product_tag?post=273"}],"curies":[{"name":"wp","href":"https:\/\/api.w.org\/{rel}","templated":true}]}}