{"id":241,"date":"2020-09-20T18:05:34","date_gmt":"2020-09-20T18:05:34","guid":{"rendered":"http:\/\/gonenyapi.com.tr\/?post_type=product&#038;p=241"},"modified":"2020-09-20T18:05:35","modified_gmt":"2020-09-20T18:05:35","slug":"g100-gazbeton-orgu-harci","status":"publish","type":"product","link":"http:\/\/gonenyapi.com.tr\/index.php\/urun\/g100-gazbeton-orgu-harci\/","title":{"rendered":"G100 Gazbeton \u00f6rg\u00fc harc\u0131"},"content":{"rendered":"<div class=\"fusion-layout-column fusion_builder_column fusion_builder_column_2_3  fusion-two-third fusion-column-last 2_3\">\n<div class=\"fusion-column-wrapper\" data-bg-url=\"\">\n<div class=\"fusion-text\">\n<p>Duvar \u00f6rmenin pratik, ekonomik ve h\u0131zl\u0131 yolu G100 Gaz Beton \u00d6rg\u00fc Harc\u0131<\/p>\n<ul>\n<li>Y\u00fcksek yap\u0131\u015fma g\u00fcc\u00fc<\/li>\n<li>Uygun \u00e7al\u0131\u015fma zaman\u0131<\/li>\n<li>Ekonomik ve h\u0131zl\u0131 uygulama<\/li>\n<li>TS EN 998-2<\/li>\n<\/ul>\n<\/div>\n<\/div>\n<\/div>\n<div class=\"fusion-layout-column fusion_builder_column fusion_builder_column_1_1  fusion-one-full fusion-column-first fusion-column-last 1_1\">\n<div class=\"fusion-column-wrapper\" data-bg-url=\"\">\n<div class=\"fusion-tabs fusion-tabs-1 classic nav-not-justified horizontal-tabs icon-position-left\">\n<div class=\"nav\">\n<ul class=\"nav-tabs\">\n<li class=\"active\">\n<h4 class=\"fusion-tab-heading\" data-fontsize=\"15\" data-lineheight=\"25\">Detayl\u0131 Bilgi<\/h4>\n<\/li>\n<\/ul>\n<\/div>\n<div class=\"tab-content\">\n<div id=\"tab-dcbde88f43b0e6fe7bf\" class=\"tab-pane fade fusion-clearfix in active\">\n<p><img loading=\"lazy\" decoding=\"async\" class=\"alignnone size-full wp-image-12480\" src=\"https:\/\/absalci.com.tr\/wp-content\/uploads\/2018\/10\/abs-g100-teknik.jpg\" sizes=\"auto, (max-width: 590px) 100vw, 590px\" srcset=\"https:\/\/www.absalci.com.tr\/wp-content\/uploads\/2018\/10\/abs-g100-teknik-200x94.jpg 200w, https:\/\/www.absalci.com.tr\/wp-content\/uploads\/2018\/10\/abs-g100-teknik-300x141.jpg 300w, https:\/\/www.absalci.com.tr\/wp-content\/uploads\/2018\/10\/abs-g100-teknik-400x188.jpg 400w, https:\/\/www.absalci.com.tr\/wp-content\/uploads\/2018\/10\/abs-g100-teknik.jpg 590w\" alt=\"\" width=\"590\" height=\"278\" \/><\/p>\n<\/div>\n<\/div>\n<\/div>\n<\/div>\n<\/div>\n","protected":false},"excerpt":{"rendered":"<p>Duvar \u00f6rmenin pratik, ekonomik ve h\u0131zl\u0131 yolu G100 Gaz Beton \u00d6rg\u00fc Harc\u0131<\/p>\n","protected":false},"featured_media":242,"comment_status":"closed","ping_status":"closed","template":"","meta":[],"product_brand":[],"product_cat":[45],"product_tag":[19,35,36,42,46,41,47],"class_list":{"0":"post-241","1":"product","2":"type-product","3":"status-publish","4":"has-post-thumbnail","6":"product_cat-seramik-yapistiricilari-ve-derz-dolgular","7":"product_tag-abs","8":"product_tag-derz","9":"product_tag-dolgu","10":"product_tag-kimyasallari","11":"product_tag-seramik","12":"product_tag-yapi","13":"product_tag-yapistiriclari","15":"first","16":"instock","17":"taxable","18":"shipping-taxable","19":"product-type-simple"},"_links":{"self":[{"href":"http:\/\/gonenyapi.com.tr\/index.php\/wp-json\/wp\/v2\/product\/241","targetHints":{"allow":["GET"]}}],"collection":[{"href":"http:\/\/gonenyapi.com.tr\/index.php\/wp-json\/wp\/v2\/product"}],"about":[{"href":"http:\/\/gonenyapi.com.tr\/index.php\/wp-json\/wp\/v2\/types\/product"}],"replies":[{"embeddable":true,"href":"http:\/\/gonenyapi.com.tr\/index.php\/wp-json\/wp\/v2\/comments?post=241"}],"wp:featuredmedia":[{"embeddable":true,"href":"http:\/\/gonenyapi.com.tr\/index.php\/wp-json\/wp\/v2\/media\/242"}],"wp:attachment":[{"href":"http:\/\/gonenyapi.com.tr\/index.php\/wp-json\/wp\/v2\/media?parent=241"}],"wp:term":[{"taxonomy":"product_brand","embeddable":true,"href":"http:\/\/gonenyapi.com.tr\/index.php\/wp-json\/wp\/v2\/product_brand?post=241"},{"taxonomy":"product_cat","embeddable":true,"href":"http:\/\/gonenyapi.com.tr\/index.php\/wp-json\/wp\/v2\/product_cat?post=241"},{"taxonomy":"product_tag","embeddable":true,"href":"http:\/\/gonenyapi.com.tr\/index.php\/wp-json\/wp\/v2\/product_tag?post=241"}],"curies":[{"name":"wp","href":"https:\/\/api.w.org\/{rel}","templated":true}]}}