{"id":239,"date":"2020-09-20T17:55:43","date_gmt":"2020-09-20T17:55:43","guid":{"rendered":"http:\/\/gonenyapi.com.tr\/?post_type=product&#038;p=239"},"modified":"2020-09-20T17:55:44","modified_gmt":"2020-09-20T17:55:44","slug":"b210w-seramik-derz-dolgusu","status":"publish","type":"product","link":"http:\/\/gonenyapi.com.tr\/index.php\/urun\/b210w-seramik-derz-dolgusu\/","title":{"rendered":"B210W Seramik Derz Dolgusu"},"content":{"rendered":"<div class=\"fusion-layout-column fusion_builder_column fusion_builder_column_2_3  fusion-two-third fusion-column-last 2_3\">\n<div class=\"fusion-column-wrapper\" data-bg-url=\"\">\n<div class=\"fusion-text\">\n<p>Su itici \u00f6zelli\u011fe sahip derz dolgu malzemesi<\/p>\n<p>Derzlerin temizlik ve s\u0131zd\u0131rmazl\u0131k g\u00fcc\u00fc\u2026<\/p>\n<ul>\n<li>1-6 mm derzlere g\u00fcvenli uygulama<\/li>\n<li>\u0130\u00e7 ve d\u0131\u015f mekanlarda<\/li>\n<li>Su iticilik<\/li>\n<li>Kirlenmeye diren\u00e7<\/li>\n<li>Kolay temizlenebilirlik<\/li>\n<li>TS EN 13888<\/li>\n<\/ul>\n<\/div>\n<\/div>\n<\/div>\n<div class=\"fusion-layout-column fusion_builder_column fusion_builder_column_1_1  fusion-one-full fusion-column-first fusion-column-last 1_1\">\n<div class=\"fusion-column-wrapper\" data-bg-url=\"\">\n<div class=\"fusion-tabs fusion-tabs-1 classic nav-not-justified horizontal-tabs icon-position-left\">\n<div class=\"nav\">\n<ul class=\"nav-tabs\">\n<li class=\"active\">\n<h4 class=\"fusion-tab-heading\" data-fontsize=\"15\" data-lineheight=\"25\">Detayl\u0131 Bilgi<\/h4>\n<\/li>\n<\/ul>\n<\/div>\n<div class=\"tab-content\">\n<div id=\"tab-54815207c88215fd798\" class=\"tab-pane fade fusion-clearfix in active\">\n<p><img loading=\"lazy\" decoding=\"async\" class=\"alignnone size-full wp-image-12475\" src=\"https:\/\/absalci.com.tr\/wp-content\/uploads\/2018\/10\/abs-b210w-teknik.jpg\" sizes=\"auto, (max-width: 639px) 100vw, 639px\" srcset=\"https:\/\/www.absalci.com.tr\/wp-content\/uploads\/2018\/10\/abs-b210w-teknik-200x117.jpg 200w, https:\/\/www.absalci.com.tr\/wp-content\/uploads\/2018\/10\/abs-b210w-teknik-300x175.jpg 300w, https:\/\/www.absalci.com.tr\/wp-content\/uploads\/2018\/10\/abs-b210w-teknik-400x233.jpg 400w, https:\/\/www.absalci.com.tr\/wp-content\/uploads\/2018\/10\/abs-b210w-teknik-600x350.jpg 600w, https:\/\/www.absalci.com.tr\/wp-content\/uploads\/2018\/10\/abs-b210w-teknik.jpg 639w\" alt=\"\" width=\"639\" height=\"373\" \/><\/p>\n<\/div>\n<\/div>\n<\/div>\n<\/div>\n<\/div>\n","protected":false},"excerpt":{"rendered":"<p>Su itici \u00f6zelli\u011fe sahip derz dolgu malzemesi<\/p>\n","protected":false},"featured_media":240,"comment_status":"closed","ping_status":"closed","template":"","meta":[],"product_brand":[],"product_cat":[45],"product_tag":[19,35,36,42,46,41,47],"class_list":{"0":"post-239","1":"product","2":"type-product","3":"status-publish","4":"has-post-thumbnail","6":"product_cat-seramik-yapistiricilari-ve-derz-dolgular","7":"product_tag-abs","8":"product_tag-derz","9":"product_tag-dolgu","10":"product_tag-kimyasallari","11":"product_tag-seramik","12":"product_tag-yapi","13":"product_tag-yapistiriclari","15":"first","16":"instock","17":"taxable","18":"shipping-taxable","19":"product-type-simple"},"_links":{"self":[{"href":"http:\/\/gonenyapi.com.tr\/index.php\/wp-json\/wp\/v2\/product\/239","targetHints":{"allow":["GET"]}}],"collection":[{"href":"http:\/\/gonenyapi.com.tr\/index.php\/wp-json\/wp\/v2\/product"}],"about":[{"href":"http:\/\/gonenyapi.com.tr\/index.php\/wp-json\/wp\/v2\/types\/product"}],"replies":[{"embeddable":true,"href":"http:\/\/gonenyapi.com.tr\/index.php\/wp-json\/wp\/v2\/comments?post=239"}],"wp:featuredmedia":[{"embeddable":true,"href":"http:\/\/gonenyapi.com.tr\/index.php\/wp-json\/wp\/v2\/media\/240"}],"wp:attachment":[{"href":"http:\/\/gonenyapi.com.tr\/index.php\/wp-json\/wp\/v2\/media?parent=239"}],"wp:term":[{"taxonomy":"product_brand","embeddable":true,"href":"http:\/\/gonenyapi.com.tr\/index.php\/wp-json\/wp\/v2\/product_brand?post=239"},{"taxonomy":"product_cat","embeddable":true,"href":"http:\/\/gonenyapi.com.tr\/index.php\/wp-json\/wp\/v2\/product_cat?post=239"},{"taxonomy":"product_tag","embeddable":true,"href":"http:\/\/gonenyapi.com.tr\/index.php\/wp-json\/wp\/v2\/product_tag?post=239"}],"curies":[{"name":"wp","href":"https:\/\/api.w.org\/{rel}","templated":true}]}}