{"id":237,"date":"2020-09-20T17:54:08","date_gmt":"2020-09-20T17:54:08","guid":{"rendered":"http:\/\/gonenyapi.com.tr\/?post_type=product&#038;p=237"},"modified":"2020-09-20T17:54:08","modified_gmt":"2020-09-20T17:54:08","slug":"b110-seramik-derz-dolgusu","status":"publish","type":"product","link":"http:\/\/gonenyapi.com.tr\/index.php\/urun\/b110-seramik-derz-dolgusu\/","title":{"rendered":"B110 Seramik Derz Dolgusu"},"content":{"rendered":"<div class=\"fusion-layout-column fusion_builder_column fusion_builder_column_2_3  fusion-two-third fusion-column-last 2_3\">\n<div class=\"fusion-column-wrapper\" data-bg-url=\"\">\n<div class=\"fusion-text\">\n<p>Seramik y\u00fczeylerin sa\u011flam dostu, ince derz dolgu malzemesi<\/p>\n<ul>\n<li>1-6 mm derzlere pratik uygulama<\/li>\n<li>M\u00fckemmel y\u00fczey g\u00f6r\u00fcn\u00fcm\u00fc<\/li>\n<li>Mutfak banyo gibi \u0131slak mekanlarda<\/li>\n<li>\u0130\u00e7 ve d\u0131\u015f mekanlarda<\/li>\n<li>TS EN 13888<\/li>\n<\/ul>\n<\/div>\n<\/div>\n<\/div>\n<div class=\"fusion-layout-column fusion_builder_column fusion_builder_column_1_1  fusion-one-full fusion-column-first fusion-column-last 1_1\">\n<div class=\"fusion-column-wrapper\" data-bg-url=\"\">\n<div class=\"fusion-tabs fusion-tabs-1 classic nav-not-justified horizontal-tabs icon-position-left\">\n<div class=\"nav\">\n<ul class=\"nav-tabs\">\n<li class=\"active\">\n<h4 class=\"fusion-tab-heading\" data-fontsize=\"15\" data-lineheight=\"25\">Detayl\u0131 Bilgi<\/h4>\n<\/li>\n<\/ul>\n<\/div>\n<div class=\"tab-content\">\n<div id=\"tab-82abfa9e55166bc6c19\" class=\"tab-pane fade fusion-clearfix in active\">\n<p><img loading=\"lazy\" decoding=\"async\" class=\"alignnone size-full wp-image-12470\" src=\"https:\/\/absalci.com.tr\/wp-content\/uploads\/2018\/10\/abs-b110-teknik.jpg\" sizes=\"auto, (max-width: 639px) 100vw, 639px\" srcset=\"https:\/\/www.absalci.com.tr\/wp-content\/uploads\/2018\/10\/abs-b110-teknik-200x117.jpg 200w, https:\/\/www.absalci.com.tr\/wp-content\/uploads\/2018\/10\/abs-b110-teknik-300x175.jpg 300w, https:\/\/www.absalci.com.tr\/wp-content\/uploads\/2018\/10\/abs-b110-teknik-400x233.jpg 400w, https:\/\/www.absalci.com.tr\/wp-content\/uploads\/2018\/10\/abs-b110-teknik-600x350.jpg 600w, https:\/\/www.absalci.com.tr\/wp-content\/uploads\/2018\/10\/abs-b110-teknik.jpg 639w\" alt=\"\" width=\"639\" height=\"373\" \/><\/p>\n<\/div>\n<\/div>\n<\/div>\n<\/div>\n<\/div>\n","protected":false},"excerpt":{"rendered":"<p>Seramik y\u00fczeylerin sa\u011flam dostu, ince derz dolgu malzemesi<\/p>\n","protected":false},"featured_media":238,"comment_status":"closed","ping_status":"closed","template":"","meta":[],"product_brand":[],"product_cat":[45],"product_tag":[19,35,36,42,46,41,47],"class_list":{"0":"post-237","1":"product","2":"type-product","3":"status-publish","4":"has-post-thumbnail","6":"product_cat-seramik-yapistiricilari-ve-derz-dolgular","7":"product_tag-abs","8":"product_tag-derz","9":"product_tag-dolgu","10":"product_tag-kimyasallari","11":"product_tag-seramik","12":"product_tag-yapi","13":"product_tag-yapistiriclari","15":"first","16":"instock","17":"taxable","18":"shipping-taxable","19":"product-type-simple"},"_links":{"self":[{"href":"http:\/\/gonenyapi.com.tr\/index.php\/wp-json\/wp\/v2\/product\/237","targetHints":{"allow":["GET"]}}],"collection":[{"href":"http:\/\/gonenyapi.com.tr\/index.php\/wp-json\/wp\/v2\/product"}],"about":[{"href":"http:\/\/gonenyapi.com.tr\/index.php\/wp-json\/wp\/v2\/types\/product"}],"replies":[{"embeddable":true,"href":"http:\/\/gonenyapi.com.tr\/index.php\/wp-json\/wp\/v2\/comments?post=237"}],"wp:featuredmedia":[{"embeddable":true,"href":"http:\/\/gonenyapi.com.tr\/index.php\/wp-json\/wp\/v2\/media\/238"}],"wp:attachment":[{"href":"http:\/\/gonenyapi.com.tr\/index.php\/wp-json\/wp\/v2\/media?parent=237"}],"wp:term":[{"taxonomy":"product_brand","embeddable":true,"href":"http:\/\/gonenyapi.com.tr\/index.php\/wp-json\/wp\/v2\/product_brand?post=237"},{"taxonomy":"product_cat","embeddable":true,"href":"http:\/\/gonenyapi.com.tr\/index.php\/wp-json\/wp\/v2\/product_cat?post=237"},{"taxonomy":"product_tag","embeddable":true,"href":"http:\/\/gonenyapi.com.tr\/index.php\/wp-json\/wp\/v2\/product_tag?post=237"}],"curies":[{"name":"wp","href":"https:\/\/api.w.org\/{rel}","templated":true}]}}