{"id":230,"date":"2020-09-19T20:40:52","date_gmt":"2020-09-19T20:40:52","guid":{"rendered":"http:\/\/gonenyapi.com.tr\/?post_type=product&#038;p=230"},"modified":"2020-09-29T13:56:58","modified_gmt":"2020-09-29T10:56:58","slug":"a120-seramik-yapistiricisi","status":"publish","type":"product","link":"http:\/\/gonenyapi.com.tr\/index.php\/urun\/a120-seramik-yapistiricisi\/","title":{"rendered":"A120 Seramik Yap\u0131\u015ft\u0131r\u0131c\u0131s\u0131"},"content":{"rendered":"<div class=\"fusion-builder-row fusion-builder-row-inner fusion-row \">\n<div class=\"fusion-layout-column fusion_builder_column fusion_builder_column_2_3 fusion-two-third fusion-column-last 2_3\">\n<div class=\"fusion-column-wrapper\" data-bg-url=\"\">\n<div class=\"fusion-text\">\n<p>G\u00fcvenli uygulama rahatl\u0131\u011f\u0131yla kayma \u00f6zelli\u011fi azalt\u0131lm\u0131\u015f seramik yap\u0131\u015ft\u0131rma harc\u0131<\/p>\n<ul>\n<li>Yukar\u0131dan a\u015fa\u011f\u0131 d\u00f6\u015feme<\/li>\n<li>\u0130\u00e7 ve d\u0131\u015f mekanlarda<\/li>\n<li>Yatay ve d\u00fc\u015fey zeminlerde<\/li>\n<li>Banyo, mutfak gibi \u0131slak mekanlarda<\/li>\n<li>TS EN 12004<\/li>\n<\/ul>\n<\/div>\n<\/div>\n<\/div>\n<div class=\"fusion-layout-column fusion_builder_column fusion_builder_column_1_1 fusion-one-full fusion-column-first fusion-column-last 1_1\">\n<div class=\"fusion-column-wrapper\" data-bg-url=\"\">\n<div class=\"fusion-tabs fusion-tabs-1 classic nav-not-justified horizontal-tabs icon-position-left\">\n<div class=\"nav\">\n<ul class=\"nav-tabs\">\n<li class=\"active\">\n<h4 class=\"fusion-tab-heading\" data-fontsize=\"15\" data-lineheight=\"25\">Detayl\u0131 Bilgi<\/h4>\n<\/li>\n<\/ul>\n<\/div>\n<div class=\"tab-content\">\n<div id=\"tab-a18e78bcb5c360932e8\" class=\"tab-pane fade fusion-clearfix in active\">\n<p><img loading=\"lazy\" decoding=\"async\" class=\"alignnone size-full wp-image-12455\" src=\"https:\/\/absalci.com.tr\/wp-content\/uploads\/2018\/10\/abs-a120-teknikn.jpg\" sizes=\"auto, (max-width: 639px) 100vw, 639px\" srcset=\"https:\/\/www.absalci.com.tr\/wp-content\/uploads\/2018\/10\/abs-a120-teknikn-200x125.jpg 200w, https:\/\/www.absalci.com.tr\/wp-content\/uploads\/2018\/10\/abs-a120-teknikn-300x188.jpg 300w, https:\/\/www.absalci.com.tr\/wp-content\/uploads\/2018\/10\/abs-a120-teknikn-400x250.jpg 400w, https:\/\/www.absalci.com.tr\/wp-content\/uploads\/2018\/10\/abs-a120-teknikn-600x376.jpg 600w, https:\/\/www.absalci.com.tr\/wp-content\/uploads\/2018\/10\/abs-a120-teknikn.jpg 639w\" alt=\"\" width=\"639\" height=\"400\" \/><\/p>\n<\/div>\n<\/div>\n<\/div>\n<\/div>\n<\/div>\n<\/div>\n","protected":false},"excerpt":{"rendered":"<p>G\u00fcvenli uygulama rahatl\u0131\u011f\u0131yla kayma \u00f6zelli\u011fi azalt\u0131lm\u0131\u015f seramik yap\u0131\u015ft\u0131rma harc\u0131<\/p>\n","protected":false},"featured_media":231,"comment_status":"closed","ping_status":"closed","template":"","meta":[],"product_brand":[],"product_cat":[45],"product_tag":[19,35,36,42,46,41,47],"class_list":{"0":"post-230","1":"product","2":"type-product","3":"status-publish","4":"has-post-thumbnail","6":"product_cat-seramik-yapistiricilari-ve-derz-dolgular","7":"product_tag-abs","8":"product_tag-derz","9":"product_tag-dolgu","10":"product_tag-kimyasallari","11":"product_tag-seramik","12":"product_tag-yapi","13":"product_tag-yapistiriclari","15":"first","16":"instock","17":"taxable","18":"shipping-taxable","19":"product-type-simple"},"_links":{"self":[{"href":"http:\/\/gonenyapi.com.tr\/index.php\/wp-json\/wp\/v2\/product\/230","targetHints":{"allow":["GET"]}}],"collection":[{"href":"http:\/\/gonenyapi.com.tr\/index.php\/wp-json\/wp\/v2\/product"}],"about":[{"href":"http:\/\/gonenyapi.com.tr\/index.php\/wp-json\/wp\/v2\/types\/product"}],"replies":[{"embeddable":true,"href":"http:\/\/gonenyapi.com.tr\/index.php\/wp-json\/wp\/v2\/comments?post=230"}],"wp:featuredmedia":[{"embeddable":true,"href":"http:\/\/gonenyapi.com.tr\/index.php\/wp-json\/wp\/v2\/media\/231"}],"wp:attachment":[{"href":"http:\/\/gonenyapi.com.tr\/index.php\/wp-json\/wp\/v2\/media?parent=230"}],"wp:term":[{"taxonomy":"product_brand","embeddable":true,"href":"http:\/\/gonenyapi.com.tr\/index.php\/wp-json\/wp\/v2\/product_brand?post=230"},{"taxonomy":"product_cat","embeddable":true,"href":"http:\/\/gonenyapi.com.tr\/index.php\/wp-json\/wp\/v2\/product_cat?post=230"},{"taxonomy":"product_tag","embeddable":true,"href":"http:\/\/gonenyapi.com.tr\/index.php\/wp-json\/wp\/v2\/product_tag?post=230"}],"curies":[{"name":"wp","href":"https:\/\/api.w.org\/{rel}","templated":true}]}}