{"id":224,"date":"2020-09-19T20:32:32","date_gmt":"2020-09-19T20:32:32","guid":{"rendered":"http:\/\/gonenyapi.com.tr\/?post_type=product&#038;p=224"},"modified":"2020-09-28T16:42:44","modified_gmt":"2020-09-28T13:42:44","slug":"abs-extreme","status":"publish","type":"product","link":"http:\/\/gonenyapi.com.tr\/index.php\/urun\/abs-extreme\/","title":{"rendered":"ABS Extreme"},"content":{"rendered":"<div class=\"post-content\">\n<div class=\"fusion-fullwidth fullwidth-box nonhundred-percent-fullwidth non-hundred-percent-height-scrolling\">\n<div class=\"fusion-builder-row fusion-row \">\n<div class=\"fusion-layout-column fusion_builder_column fusion_builder_column_4_5 fusion-builder-column-2 fusion-four-fifth fusion-column-last 4_5\">\n<div class=\"fusion-column-wrapper\" data-bg-url=\"\">\n<p><span class=\"fusion-imageframe imageframe-none imageframe-1 hover-type-none\"><img decoding=\"async\" class=\"img-responsive wp-image-13508\" title=\"extreme web\" src=\"https:\/\/absalci.com.tr\/wp-content\/uploads\/2018\/10\/extreme-web.jpg\" sizes=\"(max-width: 1000px) 100vw, 1000px\" srcset=\"https:\/\/www.absalci.com.tr\/wp-content\/uploads\/2018\/10\/extreme-web-200x143.jpg 200w, https:\/\/www.absalci.com.tr\/wp-content\/uploads\/2018\/10\/extreme-web-400x286.jpg 400w, https:\/\/www.absalci.com.tr\/wp-content\/uploads\/2018\/10\/extreme-web-600x430.jpg 600w, https:\/\/www.absalci.com.tr\/wp-content\/uploads\/2018\/10\/extreme-web-800x573.jpg 800w, https:\/\/www.absalci.com.tr\/wp-content\/uploads\/2018\/10\/extreme-web.jpg 1000w\" alt=\"\" width=\"\" height=\"\" \/><\/span><\/p>\n<div class=\"fusion-clearfix\"><\/div>\n<\/div>\n<\/div>\n<\/div>\n<\/div>\n<div class=\"fusion-fullwidth fullwidth-box nonhundred-percent-fullwidth non-hundred-percent-height-scrolling\">\n<div class=\"fusion-builder-row fusion-row \">\n<div class=\"fusion-layout-column fusion_builder_column fusion_builder_column_1_5 fusion-builder-column-3 fusion-one-fifth fusion-column-first 1_5\">\n<div class=\"fusion-column-wrapper\" data-bg-url=\"\">\n<div class=\"fusion-clearfix\"><\/div>\n<\/div>\n<\/div>\n<div class=\"fusion-layout-column fusion_builder_column fusion_builder_column_4_5 fusion-builder-column-4 fusion-four-fifth fusion-column-last 4_5\">\n<div class=\"fusion-column-wrapper\" data-bg-url=\"\">\n<div class=\"fusion-builder-row fusion-builder-row-inner fusion-row \">\n<div class=\"fusion-layout-column fusion_builder_column fusion_builder_column_1_1 fusion-one-full fusion-column-first fusion-column-last 1_1\">\n<div class=\"fusion-column-wrapper\" data-bg-url=\"\">\n<div class=\"fusion-text\">\n<p><strong>Kullan\u0131m uyar\u0131lar\u0131 ve \u00f6nerilerine aynen uyunuz!<\/strong><\/p>\n<ul>\n<li>ABS EXtreme, su ve neme kar\u015f\u0131 dayan\u0131kl\u0131 \u00f6zel\u00a0\u00e7ekirde\u011fi ve her iki y\u00fczeyini kaplayan cam elyaftan\u00a0\u00fcretilen \u015filtesiyle d\u0131\u015f duvar imalat\u0131nda kullan\u0131lan d\u0131\u015f\u00a0mekan kaplama plakas\u0131d\u0131r.<\/li>\n<li>ABS EXtreme; metal kaplama, yal\u0131 bask\u0131, ah\u015fap kaplama, dekoratif tu\u011fla kaplama gibi her t\u00fcrl\u00fc d\u0131\u015f\u00a0mekan kaplama malzemesi alt\u0131nda kullan\u0131labilir.<\/li>\n<li>ABS Extreme; sa\u00e7ak alt\u0131 uygulamalar\u0131n\u0131n\u00a0tamam\u0131nda kullan\u0131labilir.<\/li>\n<li>ABS EXtreme, y\u00fczeyden d\u00fc\u015f\u00fck su emme\u00a0\u00f6zelli\u011fine sahiptir. 2 saat sonunda (a\u011f\u0131rl\u0131k\u00e7a)\u00a0%5\u2019ten daha az su emer. ABS Extreme su yal\u0131t\u0131m\u00a0malzemesi olarak kullan\u0131lmamal\u0131d\u0131r.<\/li>\n<li>ABS EXtreme; boyut olarak al\u00e7\u0131 plaka sistemleriyle\u00a0%100 uyumludur. 40 cm ve 60 cm akslarda\u00a0\u00e7al\u0131\u015fma olana\u011f\u0131 sa\u011flar.<\/li>\n<li>ABS EXtreme sayesinde d\u0131\u015f duvarlar\u0131n, d\u0131\u015f mekan\u00a0sistemleri ile yap\u0131lmas\u0131 durumunda, se\u00e7ilen sisteme\u00a0g\u00f6re enerji performans s\u0131n\u0131f\u0131nda istenilen \u00fcst\u00a0de\u011ferler sa\u011flanmaktad\u0131r.<\/li>\n<li>ABS EXtreme su ve neme kar\u015f\u0131 dayan\u0131kl\u0131 \u00f6zel\u00a0\u00e7ekirde\u011fi ve her iki y\u00fczeyini kaplayan cam elyaftan\u00a0\u00fcretilen \u015filtesiyle d\u0131\u015f hava ko\u015fullar\u0131na dayan\u0131kl\u0131d\u0131r.<\/li>\n<li>ABS EXtreme y\u00fcksek neme dayan\u0131kl\u0131l\u0131\u011f\u0131n\u0131n\u00a0yan\u0131 s\u0131ra, anti-mikrobiyal olmas\u0131 nedeniyle k\u00fcf\u00a0olu\u015fumuna da engel olur.<\/li>\n<li>ABS EXtreme sahip oldu\u011fu al\u00e7\u0131 \u00e7ekirde\u011fi ve alev\u00a0almaz \u015filtesi ile TS EN 13501-1\u2019e g\u00f6re A1 yanmaz\u00a0yap\u0131 malzemeleri s\u0131n\u0131f\u0131nda yer almaktad\u0131r. Yang\u0131n\u00a0y\u00f6netmeli\u011findeki \u201cyanmaz malzeme kullan\u0131lmas\u0131\u201d\u00a0\u00f6ng\u00f6r\u00fclen t\u00fcm alanlarda ve yang\u0131n dayan\u0131kl\u0131 imal\u00a0edilmesi gereken t\u00fcm tasar\u0131mlarda kullan\u0131labilir.<\/li>\n<li>ABS EXtreme; buhar ge\u00e7irebilen bir yap\u0131ya sahiptir.\u00a0Bu sayede nefes alabilen mekanlar\u0131n i\u00e7erisindeki\u00a0nemin hapsolmas\u0131n\u0131 engeller. Yap\u0131n\u0131n \u00f6mr\u00fcn\u00fc\u00a0artt\u0131r\u0131rken, sa\u011fl\u0131kl\u0131 ya\u015fam alanlar\u0131n\u0131n da olu\u015fmas\u0131na\u00a0yard\u0131mc\u0131 olur.<\/li>\n<li>ABS EXtreme\u2019nin toplam su emilim de\u011feri %5\u2019ten\u00a0daha d\u00fc\u015f\u00fckt\u00fcr. Bu sayede y\u00fczeye temas eden suyu\u00a0iterek uzakla\u015ft\u0131r\u0131r ve buhar ge\u00e7irgenli\u011fini korur.<\/li>\n<li>ABS EXtreme ani \u0131s\u0131 ve nem de\u011fi\u015fikliklerinde\u00a0yap\u0131sal mukavemetini korur. De\u011fi\u015fken ko\u015fullarda\u00a0boyutlar\u0131n\u0131 muhafaza edebilen ABS EXtreme;\u00a0uyguland\u0131\u011f\u0131 sistemin di\u011fer elemanlar\u0131n\u0131 da korur.<\/li>\n<li>ABS EXtreme ile olu\u015fturulan sistemler, hafif\u00a0olmalar\u0131 sayesinde yap\u0131n\u0131n depreme kar\u015f\u0131\u00a0tasarlanan hesaplamalar\u0131na tam uyum sa\u011flar.\u00a0Ayr\u0131ca di\u011fer t\u00fcm kuru yap\u0131 sistemleri gibi s\u00fcnek\u00a0yap\u0131s\u0131 sayesinde depreme kar\u015f\u0131 dayan\u0131ma olumlu\u00a0katk\u0131 verir.<\/li>\n<li>ABS EXtreme\u2019nin i\u00e7 mekanlarda uygulanmas\u0131\u00a0halinde Al\u00e7\u0131 Plaka B\u00f6lme Duvar Sistemleri i\u00e7in\u00a0ge\u00e7erli olan konsol y\u00fck ta\u015f\u0131ma kapasiteleri\u00a0ABS Extreme i\u00e7in de ayn\u0131 \u015fekilde ge\u00e7erli olup\u00a0\u00fczerine 30 kg\/m2 seramik uygulamas\u0131 yapmak\u00a0m\u00fcmk\u00fcnd\u00fcr.<\/li>\n<\/ul>\n<\/div>\n<\/div>\n<\/div>\n<\/div>\n<div class=\"fusion-clearfix\"><\/div>\n<\/div>\n<\/div>\n<\/div>\n<\/div>\n<div class=\"fusion-fullwidth fullwidth-box nonhundred-percent-fullwidth non-hundred-percent-height-scrolling\">\n<div class=\"fusion-builder-row fusion-row \">\n<div class=\"fusion-layout-column fusion_builder_column fusion_builder_column_1_5 fusion-builder-column-5 fusion-one-fifth fusion-column-first 1_5\">\n<div class=\"fusion-column-wrapper\" data-bg-url=\"\">\n<div class=\"fusion-clearfix\"><\/div>\n<\/div>\n<\/div>\n<div class=\"fusion-layout-column fusion_builder_column fusion_builder_column_4_5 fusion-builder-column-6 fusion-four-fifth fusion-column-last 4_5\">\n<div class=\"fusion-column-wrapper\" data-bg-url=\"\">\n<div class=\"fusion-title title fusion-title-1 sep-underline sep-solid fusion-title-size-two fusion-border-below-title\">\n<h2 class=\"title-heading-left\" data-fontsize=\"34\" data-lineheight=\"50\">ABS Extreme\u2018nin sundu\u011fu avantajlar<\/h2>\n<\/div>\n<div class=\"fusion-builder-row fusion-builder-row-inner fusion-row \">\n<div class=\"fusion-layout-column fusion_builder_column fusion_builder_column_1_2 fusion-one-half fusion-column-first 1_2\">\n<div class=\"fusion-column-wrapper\" data-bg-url=\"\">\n<div class=\"imageframe-align-center\"><span class=\"fusion-imageframe imageframe-none imageframe-2 hover-type-none\"><img loading=\"lazy\" decoding=\"async\" class=\"img-responsive wp-image-13284\" title=\"i1\" src=\"https:\/\/absalci.com.tr\/wp-content\/uploads\/2018\/10\/i1-150x150.png\" sizes=\"auto, (max-width: 1000px) 100vw, 150px\" srcset=\"https:\/\/www.absalci.com.tr\/wp-content\/uploads\/2018\/10\/i1-200x200.png 200w, https:\/\/www.absalci.com.tr\/wp-content\/uploads\/2018\/10\/i1.png 400w\" alt=\"\" width=\"150\" height=\"150\" \/><\/span><\/div>\n<div class=\"fusion-text\">\n<p>Uygulama Kolayl\u0131\u011f\u0131<br \/>\nABS EXtreme\u2019nin uygulama\u00a0\u015fekli al\u00e7\u0131 plaka \u00fcr\u00fcnlerine\u00a0benzemektedir. Bi\u00e7imlendirilmesi kolay bir \u00fcr\u00fcn olan ABS EXtreme;\u00a0maket b\u0131\u00e7a\u011f\u0131yla kolayca\u00a0kesilip, \u015fekillendirilerek\u00a0kullan\u0131lacak y\u00fczeye\u00a0uygun hale getirilebilir.\u00a0Belirli bir e\u011frili\u011fe sahip y\u00fczeylere\u00a0de uygulanabilir.<\/p>\n<\/div>\n<\/div>\n<\/div>\n<div class=\"fusion-layout-column fusion_builder_column fusion_builder_column_1_2 fusion-one-half fusion-column-last 1_2\">\n<div class=\"fusion-column-wrapper\" data-bg-url=\"\">\n<div class=\"imageframe-align-center\"><span class=\"fusion-imageframe imageframe-none imageframe-3 hover-type-none\"><img loading=\"lazy\" decoding=\"async\" class=\"img-responsive wp-image-13286\" title=\"i2\" src=\"https:\/\/absalci.com.tr\/wp-content\/uploads\/2018\/10\/i2-150x150.png\" sizes=\"auto, (max-width: 1000px) 100vw, 150px\" srcset=\"https:\/\/www.absalci.com.tr\/wp-content\/uploads\/2018\/10\/i2-200x200.png 200w, https:\/\/www.absalci.com.tr\/wp-content\/uploads\/2018\/10\/i2.png 400w\" alt=\"\" width=\"150\" height=\"150\" \/><\/span><\/div>\n<div class=\"fusion-text\">\n<p>Hafiflik<br \/>\nABS EXtreme ile olu\u015fturulan cephe sistemleri konvansiyonel sistemlere oranla \u00e7ok daha hafiftir. Bu sayede yap\u0131ya daha az \u00f6l\u00fc y\u00fck getirilmektedir. Ayr\u0131ca nakliye masraflar\u0131n\u0131 da azaltarak maliyetleri d\u00fc\u015f\u00fcr\u00fcr.<\/p>\n<\/div>\n<\/div>\n<\/div>\n<div class=\"fusion-layout-column fusion_builder_column fusion_builder_column_1_2 fusion-one-half fusion-column-first 1_2\">\n<div class=\"fusion-column-wrapper\" data-bg-url=\"\">\n<div class=\"imageframe-align-center\"><span class=\"fusion-imageframe imageframe-none imageframe-4 hover-type-none\"><img loading=\"lazy\" decoding=\"async\" class=\"img-responsive wp-image-13287\" title=\"i3\" src=\"https:\/\/absalci.com.tr\/wp-content\/uploads\/2018\/10\/i3-150x150.png\" sizes=\"auto, (max-width: 1000px) 100vw, 150px\" srcset=\"https:\/\/www.absalci.com.tr\/wp-content\/uploads\/2018\/10\/i3-200x200.png 200w, https:\/\/www.absalci.com.tr\/wp-content\/uploads\/2018\/10\/i3.png 400w\" alt=\"\" width=\"150\" height=\"150\" \/><\/span><\/div>\n<div class=\"fusion-text\">\n<p>Zaman verimlili\u011fi<br \/>\nABS EXtreme geleneksel d\u0131\u015f mekan uygulamalar\u0131yla k\u0131yasland\u0131\u011f\u0131nda \u00e7ok daha h\u0131zl\u0131 uygulanabilmektedir. Bu sayede d\u0131\u015f mekan imalatlar\u0131n\u0131z hem daha k\u0131sa zamanda hem de daha d\u00fc\u015f\u00fck maliyetle \u00fcretilebilir.<\/p>\n<\/div>\n<\/div>\n<\/div>\n<div class=\"fusion-layout-column fusion_builder_column fusion_builder_column_1_2 fusion-one-half fusion-column-last 1_2\">\n<div class=\"fusion-column-wrapper\" data-bg-url=\"\">\n<div class=\"imageframe-align-center\"><span class=\"fusion-imageframe imageframe-none imageframe-5 hover-type-none\"><img loading=\"lazy\" decoding=\"async\" class=\"img-responsive wp-image-13288\" title=\"i4\" src=\"https:\/\/absalci.com.tr\/wp-content\/uploads\/2018\/10\/i4-150x150.png\" sizes=\"auto, (max-width: 1000px) 100vw, 150px\" srcset=\"https:\/\/www.absalci.com.tr\/wp-content\/uploads\/2018\/10\/i4-200x200.png 200w, https:\/\/www.absalci.com.tr\/wp-content\/uploads\/2018\/10\/i4.png 400w\" alt=\"\" width=\"150\" height=\"150\" \/><\/span><\/div>\n<div class=\"fusion-text\">\n<p>K\u0131\u015f \u015fartlar\u0131nda \u00fcretim<br \/>\nABS EXtreme ile d\u0131\u015f duvarlar\u0131 kaplanan \u015fantiyelerde k\u0131\u015f\u0131n so\u011fuk \u015fartlar\u0131nda bile i\u00e7 mekanlardaki \u00e7al\u0131\u015fmalar rahatl\u0131kla devam edebilir. \u0130\u00e7erideki her t\u00fcrl\u00fc malzeme ve \u00e7al\u0131\u015fanlar i\u00e7in d\u0131\u015f hava \u015fartlar\u0131ndan korunakl\u0131 bir alan sa\u011flan\u0131r<\/p>\n<\/div>\n<\/div>\n<\/div>\n<\/div>\n<div class=\"fusion-clearfix\"><\/div>\n<\/div>\n<\/div>\n<\/div>\n<\/div>\n<div class=\"fusion-fullwidth fullwidth-box nonhundred-percent-fullwidth non-hundred-percent-height-scrolling\">\n<div class=\"fusion-builder-row fusion-row \">\n<div class=\"fusion-layout-column fusion_builder_column fusion_builder_column_1_5 fusion-builder-column-7 fusion-one-fifth fusion-column-first 1_5\">\n<div class=\"fusion-column-wrapper\" data-bg-url=\"\">\n<div class=\"fusion-clearfix\"><\/div>\n<\/div>\n<\/div>\n<div class=\"fusion-layout-column fusion_builder_column fusion_builder_column_4_5 fusion-builder-column-8 fusion-four-fifth fusion-column-last 4_5\">\n<div class=\"fusion-column-wrapper\" data-bg-url=\"\">\n<div class=\"fusion-title title fusion-title-2 sep-underline sep-solid fusion-title-size-two fusion-border-below-title\">\n<h2 class=\"title-heading-left\" data-fontsize=\"34\" data-lineheight=\"50\">Kullan\u0131m\u00a0Alanlar\u0131<\/h2>\n<\/div>\n<div class=\"fusion-text\">\n<ul>\n<li>D\u0131\u015f mekan\u00a0duvar sistemleri\u00a0i\u00e7erisinde<\/li>\n<li>Her t\u00fcrl\u00fc metal\u00a0kaplama, yal\u0131\u00a0bask\u0131, ah\u015fap\u00a0kaplama, dekoratif\u00a0tu\u011fla kaplama\u00a0alt\u0131nda<\/li>\n<li>Havaland\u0131rmaya\u00a0sahip mekan\u00a0sistemleri\u00a0i\u00e7erisinde<\/li>\n<li>Islak sat\u0131hlarda ve\u00a0su riskine sahip\u00a0alanlarda<\/li>\n<li>T\u00fcm sa\u00e7ak alt\u0131\u00a0uygulamalar\u0131nda<\/li>\n<\/ul>\n<p>* Yal\u0131t\u0131m s\u0131vas\u0131 ile kullan\u0131m \u015fart\u0131 ile.<\/p>\n<\/div>\n<div class=\"fusion-title title fusion-title-3 sep-underline sep-solid fusion-title-size-two fusion-border-below-title\">\n<h2 class=\"title-heading-left\" data-fontsize=\"34\" data-lineheight=\"50\">Kullan\u0131m\u00a0\u00d6nerileri<\/h2>\n<\/div>\n<div class=\"fusion-text\">\n<ul>\n<li>ABS EXtreme \u00f6zel \u00fcretilmi\u015f borazan veya\u00a0matkap u\u00e7lu korozyona dayan\u0131kl\u0131 vidalar\u00a0ile profillere monte edilmelidir.<\/li>\n<li>ABS EXtreme sabitlenirken vidalar aras\u0131\u00a0en fazla 20 cm olmal\u0131d\u0131r.<\/li>\n<li>ABS EXtreme derzleri, alkali dayan\u0131ml\u0131\u00a0cam elyaf derz band\u0131 ile \u00e7imento esasl\u0131\u00a0polimer dolgular i\u00e7eren derz dolgu ve\u00a0d\u0131\u015f mekan astar\u0131 ile uygulan\u0131r.<\/li>\n<li>Profil aks aral\u0131klar\u0131 ve profilin tipi\u00a0belirlenirken kullan\u0131lacak olan sistem g\u00f6z\u00a0\u00f6n\u00fcnde bulundurulmal\u0131d\u0131r.<\/li>\n<li>ABS EXtreme y\u00fczeyine montajlanacak\u00a0yal\u0131t\u0131m malzemesi matkap u\u00e7lu\u00a0mantolama d\u00fcbeli kullan\u0131larak profillere\u00a0tutturulmal\u0131d\u0131r.<\/li>\n<li>ABS EXtreme d\u0131\u015f duvar uygulamas\u0131nda\u00a0derzler \u015fa\u015f\u0131rt\u0131larak uygulanmal\u0131d\u0131r.<\/li>\n<li>ABS EXtreme y\u00fczeyine 160 gr\/m2\u00a0a\u011f\u0131rl\u0131\u011f\u0131nda alkali dayan\u0131ml\u0131 s\u0131va filesi\u00a0uygulanmal\u0131d\u0131r. File d\u0131\u015f y\u00fczeye yak\u0131n\u00a0olmal\u0131 ve s\u0131va i\u00e7ine g\u00f6m\u00fclmelidir.<\/li>\n<li>ABS EXtreme hi\u00e7 bir sistemde su yal\u0131t\u0131m\u00a0malzemesi olarak kullan\u0131lmamal\u0131d\u0131r.<\/li>\n<li>Mantolama d\u00fcbel ba\u015flar\u0131na y\u00fczey s\u0131vama\u00a0uygulanmadan \u00f6nce \u00f6n dolgu i\u015flemi\u00a0yap\u0131lmal\u0131d\u0131r.<\/li>\n<li>ABS EXtreme\u2019nin k\u00f6\u015felerinin d\u00fczg\u00fcn\u00a0olmas\u0131n\u0131 sa\u011flamak i\u00e7in PVC esasl\u0131 fileli\u00a0k\u00f6\u015fe profili kullan\u0131lmal\u0131d\u0131r.<\/li>\n<\/ul>\n<\/div>\n<div class=\"fusion-title title fusion-title-4 sep-underline sep-solid fusion-title-size-two fusion-border-below-title\">\n<h2 class=\"title-heading-left\" data-fontsize=\"34\" data-lineheight=\"50\">Teknik \u00d6zellikler<\/h2>\n<\/div>\n<div class=\"table-1\">\n<table width=\"100%\">\n<tbody>\n<tr>\n<td align=\"left\">Uzunluk<\/td>\n<td align=\"left\">2400 mm<\/td>\n<\/tr>\n<tr>\n<td align=\"left\">Geni\u015flik<\/td>\n<td align=\"left\">1200 mm<\/td>\n<\/tr>\n<tr>\n<td align=\"left\">Kal\u0131nl\u0131k<\/td>\n<td align=\"left\">12,5 mm, 15 mm<\/td>\n<\/tr>\n<tr>\n<td align=\"left\">Uzunluk<\/td>\n<td align=\"left\">2400 mm<\/td>\n<\/tr>\n<tr>\n<td align=\"left\">Ortalama A\u011f\u0131rl\u0131k<\/td>\n<td align=\"left\">11 kg\/m\u00b2, 13,5 kg\/m\u00b2<\/td>\n<\/tr>\n<tr>\n<td align=\"left\">Y\u00fczeyden Su Emme 2 Saat (A\u011f\u0131rl\u0131k\u00e7a)<\/td>\n<td align=\"left\">&lt;%5 TS EN520\u2019ye g\u00f6re<\/td>\n<\/tr>\n<tr>\n<td align=\"left\">Kenar Tipi<\/td>\n<td align=\"left\">\u0130K (\u0130nceltilmi\u015f Kenar) \u2013 KK (K\u00fct Kenar)<\/td>\n<\/tr>\n<tr>\n<td align=\"left\">Yang\u0131n S\u0131n\u0131f\u0131<\/td>\n<td align=\"left\">A1: Hi\u00e7 yanmaz yap\u0131 malzemesi TS EN 13501\u2019e g\u00f6re<\/td>\n<\/tr>\n<tr>\n<td align=\"left\">Paletteki Plaka Say\u0131s\u0131<\/td>\n<td align=\"left\">50 adet\/palet, 40 adet\/palet<\/td>\n<\/tr>\n<tr>\n<td align=\"left\">Standartlar<\/td>\n<td align=\"left\">TS EN 15283-1+A1 Liflerle g\u00fc\u00e7lendirilmi\u015f al\u00e7\u0131 levhalar<\/td>\n<\/tr>\n<tr>\n<td align=\"left\">Sahip Oldu\u011fu Standart Tipi<\/td>\n<td align=\"left\">GM \u2013 FH1R<\/td>\n<\/tr>\n<\/tbody>\n<\/table>\n<\/div>\n<div class=\"fusion-clearfix\"><\/div>\n<\/div>\n<\/div>\n<\/div>\n<\/div>\n<div class=\"fusion-fullwidth fullwidth-box nonhundred-percent-fullwidth non-hundred-percent-height-scrolling\">\n<div class=\"fusion-builder-row fusion-row \">\n<div class=\"fusion-layout-column fusion_builder_column fusion_builder_column_1_5 fusion-builder-column-9 fusion-one-fifth fusion-column-first 1_5\">\n<div class=\"fusion-column-wrapper\" data-bg-url=\"\">\n<div class=\"fusion-clearfix\"><\/div>\n<\/div>\n<\/div>\n<div class=\"fusion-layout-column fusion_builder_column fusion_builder_column_4_5 fusion-builder-column-10 fusion-four-fifth fusion-column-last 4_5\">\n<div class=\"fusion-column-wrapper\" data-bg-url=\"\">\n<div class=\"fusion-builder-row fusion-builder-row-inner fusion-row \">\n<div class=\"fusion-layout-column fusion_builder_column fusion_builder_column_1_6 fusion-one-sixth fusion-column-first 1_6\">\n<div class=\"fusion-column-wrapper\" data-bg-url=\"\"><span class=\"fusion-imageframe imageframe-none imageframe-6 hover-type-none\"><img loading=\"lazy\" decoding=\"async\" class=\"img-responsive wp-image-13289\" title=\"61\" src=\"https:\/\/absalci.com.tr\/wp-content\/uploads\/2018\/10\/61-300x155.png\" sizes=\"auto, (max-width: 1000px) 100vw, 300px\" srcset=\"https:\/\/www.absalci.com.tr\/wp-content\/uploads\/2018\/10\/61-200x103.png 200w, https:\/\/www.absalci.com.tr\/wp-content\/uploads\/2018\/10\/61.png 400w\" alt=\"\" width=\"240\" height=\"124\" \/><\/span><\/div>\n<\/div>\n<div class=\"fusion-layout-column fusion_builder_column fusion_builder_column_1_6 fusion-one-sixth 1_6\">\n<div class=\"fusion-column-wrapper\" data-bg-url=\"\"><span class=\"fusion-imageframe imageframe-none imageframe-7 hover-type-none\"><img loading=\"lazy\" decoding=\"async\" class=\"img-responsive wp-image-13290\" title=\"62\" src=\"https:\/\/absalci.com.tr\/wp-content\/uploads\/2018\/10\/62-300x155.png\" sizes=\"auto, (max-width: 1000px) 100vw, 300px\" srcset=\"https:\/\/www.absalci.com.tr\/wp-content\/uploads\/2018\/10\/62-200x103.png 200w, https:\/\/www.absalci.com.tr\/wp-content\/uploads\/2018\/10\/62.png 400w\" alt=\"\" width=\"240\" height=\"124\" \/><\/span><\/div>\n<\/div>\n<div class=\"fusion-layout-column fusion_builder_column fusion_builder_column_1_6 fusion-one-sixth 1_6\">\n<div class=\"fusion-column-wrapper\" data-bg-url=\"\"><span class=\"fusion-imageframe imageframe-none imageframe-8 hover-type-none\"><img loading=\"lazy\" decoding=\"async\" class=\"img-responsive wp-image-13291\" title=\"63\" src=\"https:\/\/absalci.com.tr\/wp-content\/uploads\/2018\/10\/63-300x155.png\" sizes=\"auto, (max-width: 1000px) 100vw, 300px\" srcset=\"https:\/\/www.absalci.com.tr\/wp-content\/uploads\/2018\/10\/63-200x103.png 200w, https:\/\/www.absalci.com.tr\/wp-content\/uploads\/2018\/10\/63.png 400w\" alt=\"\" width=\"240\" height=\"124\" \/><\/span><\/div>\n<\/div>\n<div class=\"fusion-layout-column fusion_builder_column fusion_builder_column_1_6 fusion-one-sixth 1_6\">\n<div class=\"fusion-column-wrapper\" data-bg-url=\"\"><span class=\"fusion-imageframe imageframe-none imageframe-9 hover-type-none\"><img loading=\"lazy\" decoding=\"async\" class=\"img-responsive wp-image-13292\" title=\"64\" src=\"https:\/\/absalci.com.tr\/wp-content\/uploads\/2018\/10\/64-300x155.png\" sizes=\"auto, (max-width: 1000px) 100vw, 300px\" srcset=\"https:\/\/www.absalci.com.tr\/wp-content\/uploads\/2018\/10\/64-200x103.png 200w, https:\/\/www.absalci.com.tr\/wp-content\/uploads\/2018\/10\/64.png 400w\" alt=\"\" width=\"240\" height=\"124\" \/><\/span><\/div>\n<\/div>\n<div class=\"fusion-layout-column fusion_builder_column fusion_builder_column_1_6 fusion-one-sixth 1_6\">\n<div class=\"fusion-column-wrapper\" data-bg-url=\"\"><span class=\"fusion-imageframe imageframe-none imageframe-10 hover-type-none\"><img loading=\"lazy\" decoding=\"async\" class=\"img-responsive wp-image-13293\" title=\"65\" src=\"https:\/\/absalci.com.tr\/wp-content\/uploads\/2018\/10\/65-300x155.png\" sizes=\"auto, (max-width: 1000px) 100vw, 300px\" srcset=\"https:\/\/www.absalci.com.tr\/wp-content\/uploads\/2018\/10\/65-200x103.png 200w, https:\/\/www.absalci.com.tr\/wp-content\/uploads\/2018\/10\/65.png 400w\" alt=\"\" width=\"240\" height=\"124\" \/><\/span><\/div>\n<\/div>\n<div class=\"fusion-layout-column fusion_builder_column fusion_builder_column_1_6 fusion-one-sixth fusion-column-last 1_6\">\n<div class=\"fusion-column-wrapper\" data-bg-url=\"\"><span class=\"fusion-imageframe imageframe-none imageframe-11 hover-type-none\"><img loading=\"lazy\" decoding=\"async\" class=\"img-responsive wp-image-13294\" title=\"66\" src=\"https:\/\/absalci.com.tr\/wp-content\/uploads\/2018\/10\/66-300x155.png\" sizes=\"auto, (max-width: 1000px) 100vw, 300px\" srcset=\"https:\/\/www.absalci.com.tr\/wp-content\/uploads\/2018\/10\/66-200x103.png 200w, https:\/\/www.absalci.com.tr\/wp-content\/uploads\/2018\/10\/66.png 400w\" alt=\"\" width=\"240\" height=\"124\" \/><\/span><\/div>\n<\/div>\n<\/div>\n<div class=\"fusion-clearfix\"><\/div>\n<\/div>\n<\/div>\n<\/div>\n<\/div>\n<\/div>\n","protected":false},"excerpt":{"rendered":"<p>ABS EXtreme, su ve neme kar\u015f\u0131 dayan\u0131kl\u0131 \u00f6zel\u00a0\u00e7ekirde\u011fi ve her iki y\u00fczeyini kaplayan cam elyaftan\u00a0\u00fcretilen \u015filtesiyle d\u0131\u015f duvar imalat\u0131nda kullan\u0131lan d\u0131\u015f\u00a0mekan kaplama plakas\u0131d\u0131r.<\/p>\n","protected":false},"featured_media":481,"comment_status":"closed","ping_status":"closed","template":"","meta":[],"product_brand":[],"product_cat":[17,37],"product_tag":[19,21,38],"class_list":{"0":"post-224","1":"product","2":"type-product","3":"status-publish","4":"has-post-thumbnail","6":"product_cat-abs-alci","7":"product_cat-alci-plaka","8":"product_tag-abs","9":"product_tag-alci","10":"product_tag-plaka","12":"first","13":"instock","14":"taxable","15":"shipping-taxable","16":"product-type-simple"},"_links":{"self":[{"href":"http:\/\/gonenyapi.com.tr\/index.php\/wp-json\/wp\/v2\/product\/224","targetHints":{"allow":["GET"]}}],"collection":[{"href":"http:\/\/gonenyapi.com.tr\/index.php\/wp-json\/wp\/v2\/product"}],"about":[{"href":"http:\/\/gonenyapi.com.tr\/index.php\/wp-json\/wp\/v2\/types\/product"}],"replies":[{"embeddable":true,"href":"http:\/\/gonenyapi.com.tr\/index.php\/wp-json\/wp\/v2\/comments?post=224"}],"wp:featuredmedia":[{"embeddable":true,"href":"http:\/\/gonenyapi.com.tr\/index.php\/wp-json\/wp\/v2\/media\/481"}],"wp:attachment":[{"href":"http:\/\/gonenyapi.com.tr\/index.php\/wp-json\/wp\/v2\/media?parent=224"}],"wp:term":[{"taxonomy":"product_brand","embeddable":true,"href":"http:\/\/gonenyapi.com.tr\/index.php\/wp-json\/wp\/v2\/product_brand?post=224"},{"taxonomy":"product_cat","embeddable":true,"href":"http:\/\/gonenyapi.com.tr\/index.php\/wp-json\/wp\/v2\/product_cat?post=224"},{"taxonomy":"product_tag","embeddable":true,"href":"http:\/\/gonenyapi.com.tr\/index.php\/wp-json\/wp\/v2\/product_tag?post=224"}],"curies":[{"name":"wp","href":"https:\/\/api.w.org\/{rel}","templated":true}]}}