{"id":216,"date":"2020-09-19T20:22:01","date_gmt":"2020-09-19T20:22:01","guid":{"rendered":"http:\/\/gonenyapi.com.tr\/?post_type=product&#038;p=216"},"modified":"2020-09-19T20:25:07","modified_gmt":"2020-09-19T20:25:07","slug":"standart-r-alci-plaka","status":"publish","type":"product","link":"http:\/\/gonenyapi.com.tr\/index.php\/urun\/standart-r-alci-plaka\/","title":{"rendered":"Standart (R) Al\u00e7\u0131 Plaka"},"content":{"rendered":"<div class=\"fusion-builder-row fusion-builder-row-inner fusion-row \">\n<div class=\"fusion-layout-column fusion_builder_column fusion_builder_column_2_3 fusion-two-third fusion-column-last 2_3\">\n<div class=\"fusion-column-wrapper\" data-bg-url=\"\">\n<div class=\"fusion-text\">\n<p>ABS Standart Al\u00e7\u0131 Plaka (R); d\u00fczg\u00fcn y\u00fczeyli, esnek ve hafif\u00a0al\u00e7\u0131 plaka \u00e7e\u015fididir. \u00d6n y\u00fcz\u00fc fildi\u015fi, arka y\u00fcz\u00fc gri renkli ka\u011f\u0131t\u00a0kapl\u0131d\u0131r<\/p>\n<p>\u00c7e\u015fitli boyutlarda \u00fcretilen ABS Standart Al\u00e7\u0131 Plaka iki ayr\u0131\u00a0kenar \u015fekli se\u00e7eneklerine sahiptir.<\/p>\n<\/div>\n<\/div>\n<\/div>\n<div class=\"fusion-layout-column fusion_builder_column fusion_builder_column_1_1 fusion-one-full fusion-column-first fusion-column-last 1_1\">\n<div class=\"fusion-column-wrapper\" data-bg-url=\"\">\n<div class=\"fusion-tabs fusion-tabs-1 classic nav-not-justified horizontal-tabs icon-position-left\">\n<div class=\"nav\">\n<ul class=\"nav-tabs\">\n<li class=\"active\">\n<h4 class=\"fusion-tab-heading\" data-fontsize=\"15\" data-lineheight=\"25\">Detayl\u0131 Bilgi<\/h4>\n<\/li>\n<\/ul>\n<\/div>\n<div class=\"tab-content\">\n<div id=\"tab-5fc04b8d6176abf1f6b\" class=\"tab-pane fade fusion-clearfix in active\">\n<p><strong>Sundu\u011fu\u00a0Avantajlar:<\/strong><\/p>\n<ul>\n<li>H\u0131zl\u0131, temiz ve kuru b\u00f6lme duvar\u0131, asma tavan imali ve kaplama olana\u011f\u0131<\/li>\n<li>Planlama ve kullan\u0131m a\u00e7\u0131s\u0131ndan y\u00fcksek esneklik olana\u011f\u0131<\/li>\n<li>Mekanik ve elektrik tesisat\u0131 montaj\u0131nda kolayl\u0131k<\/li>\n<li>Y\u00fcksek ses ve \u0131s\u0131 izolasyonu elde etme olana\u011f\u0131<\/li>\n<li>Yap\u0131larda yang\u0131n direncinin artt\u0131r\u0131lmas\u0131 olana\u011f\u0131<\/li>\n<li>Hafif, depreme dayan\u0131kl\u0131 b\u00f6lme duvarlar\u0131 elde etme olana\u011f\u0131<\/li>\n<\/ul>\n<p><strong>Kullan\u0131m Alanlar\u0131<\/strong><\/p>\n<ul>\n<li>Asma tavan<\/li>\n<li>B\u00f6lme duvar<\/li>\n<li>Duvar giydirme<\/li>\n<li>Kuru s\u0131va duvar<\/li>\n<li>Kal\u0131nl\u0131k: kaplama<\/li>\n<\/ul>\n<p><strong>Teknik \u00d6zellikleri<\/strong><\/p>\n<div class=\"table-1\">\n<table width=\"100%\">\n<thead>\n<tr>\n<th align=\"left\">Kal\u0131nl\u0131k:<\/th>\n<th align=\"left\">A\u011f\u0131rl\u0131k:<\/th>\n<th align=\"left\">Uzunluk:<\/th>\n<th align=\"left\">Geni\u015flik:<\/th>\n<th align=\"left\">\u00dcr\u00fcn Standard\u0131:<\/th>\n<\/tr>\n<\/thead>\n<tbody>\n<tr>\n<td align=\"left\">8 mm<\/td>\n<td align=\"left\">5 \u2013 5.5 kg\/m\u00b2<\/td>\n<td align=\"left\">2000-3600 mm<\/td>\n<td align=\"left\">1200 mm<\/td>\n<td align=\"left\">TS EN 520 + A1 \u2013 T\u0130P A<\/td>\n<\/tr>\n<tr>\n<td align=\"left\">9,5 mm<\/td>\n<td align=\"left\">6 \u2013 6.5 kg\/m\u00b2<\/td>\n<td align=\"left\">2000-3600 mm<\/td>\n<td align=\"left\">1200 mm<\/td>\n<td align=\"left\">TS EN 520 + A1 \u2013 T\u0130P A<\/td>\n<\/tr>\n<tr>\n<td align=\"left\">12,5 mm<\/td>\n<td align=\"left\">7.5 \u2013 8.0 kg\/m\u00b2<\/td>\n<td align=\"left\">2000-3600 mm<\/td>\n<td align=\"left\">1200 mm<\/td>\n<td align=\"left\">TS EN 520 + A1 \u2013 T\u0130P A<\/td>\n<\/tr>\n<tr>\n<td align=\"left\">15 mm<\/td>\n<td align=\"left\">10 \u2013 11 kg\/m\u00b2<\/td>\n<td align=\"left\">2000-3600 mm<\/td>\n<td align=\"left\">1200 mm<\/td>\n<td align=\"left\">TS EN 520 + A1 \u2013 T\u0130P A<\/td>\n<\/tr>\n<\/tbody>\n<\/table>\n<\/div>\n<\/div>\n<\/div>\n<\/div>\n<\/div>\n<\/div>\n<\/div>\n<div class=\"fusion-title title fusion-title-1 sep-underline sep-solid fusion-title-size-three fusion-border-below-title\">\n<h3 class=\"title-heading-left\" data-fontsize=\"24\" data-lineheight=\"33\">ABS Al\u00e7\u0131 Plakalar\u0131 ile B\u00f6lme Duvar Yap\u0131lmas\u0131<\/h3>\n<\/div>\n<div class=\"fusion-text\">\n<p><strong>\u00d6n Haz\u0131rl\u0131klar<\/strong><br \/>\n\u2022 D\u00f6\u015feme ve tavan \u00fczerinde b\u00f6lme duvar\u0131 yeri titizlikle\u00a0i\u015faretlenir.<br \/>\n\u2022 Al\u00e7\u0131 plakalar\u0131 ta\u015f\u0131yacak olan galvanize sa\u00e7 profiller (Duvar\u00a0U ve C) yap\u0131lacak duvar \u00f6l\u00e7\u00fclerine uygun olarak kesilir.<br \/>\n\u2022 Montaj kolayl\u0131\u011f\u0131 a\u00e7\u0131s\u0131ndan, dikme olarak kullan\u0131lacak duvar\u00a0profillerinin, mevcut tavan y\u00fcksekli\u011finden 1 cm daha\u00a0k\u0131sa olacak \u015fekilde kesilmesine dikkat edilmelidir.<br \/>\n\u2022 Al\u00e7\u0131 plakalar mevcut tavan y\u00fcksekli\u011finden 1.5 cm k\u0131sa\u00a0olacak \u015fekilde kesilerek montaja haz\u0131r hale getirilir.<\/p>\n<p><strong>Duvar Profillerinin Montaj\u0131<\/strong><br \/>\n\u2022 Haz\u0131rlanan metal U profiller d\u00f6\u015feme ve tavana d\u00fcbel +\u00a0vida veya \u00f6zel ankraj elemanlar\u0131 ile tespit edilir.<br \/>\n\u2022 Dikme olarak kullan\u0131lacak duvar C profilleri, mevcut\u00a0duvar y\u00fczeyinden ba\u015flamak \u00fczere ve 60 cm aks aral\u0131\u011f\u0131\u00a0korunarak, U profillerin aras\u0131na serbest olarak yerle\u015ftirilir.<br \/>\n\u2022 Yap\u0131lacak duvar y\u00fczeyine seramik, mermer vb. kaplama\u00a0yap\u0131lacak ise, profillerin aks aral\u0131\u011f\u0131n\u0131n 40cm\u2019den fazla olmamas\u0131na\u00a0dikkat edilmelidir.<br \/>\n\u2022 Dikme olarak kullan\u0131lacak duvar C profillerinden ilki mevcut\u00a0duvara sabitlenir. Di\u011ferleri, muhtemel hatalar\u0131 \u00f6nlemek\u00a0i\u00e7in, al\u00e7\u0131 plaka montaj\u0131 s\u0131ras\u0131nda sabitlenmelidir.<\/p>\n<p><strong>Al\u00e7\u0131 Plakalar\u0131n Montaj\u0131<\/strong><br \/>\n\u2022 Haz\u0131rlanan al\u00e7\u0131 plakalar, d\u00f6\u015feme ile 1 cm bo\u015fluk b\u0131rak\u0131larak,\u00a0ta\u015f\u0131y\u0131c\u0131 konstr\u00fcksiyonun bir y\u00fcz\u00fcnden ve b\u00fct\u00fcn bir\u00a0plaka ile ba\u015flamak \u00fczere kenar hatlar\u0131 boyunca vidalan\u0131r.<br \/>\n\u2022 Plakalar\u0131n orta dikmeler ile ba\u011flant\u0131s\u0131, di\u011fer y\u00fczdeki plakalar\u0131n\u00a0montaj\u0131ndan sonra yap\u0131lmal\u0131d\u0131r.<br \/>\n\u2022 Vida aral\u0131klar\u0131n\u0131n en \u00e7ok 25 cm olmas\u0131na ve vidalaman\u0131n\u00a0plakalar\u0131n kenarlar\u0131na 1 cm\u2019den daha yak\u0131n yap\u0131lmamas\u0131na\u00a0dikkat edilmelidir.<br \/>\n\u2022 Al\u00e7\u0131 plakalar C profillerin yan y\u00fczlerini ortalayacak \u015fekilde\u00a0yanyana getirilmeli ve ayn\u0131 profil \u00fczerindeki birle\u015fme\u00a0yerlerindeki vidalar \u015fa\u015f\u0131rtmal\u0131 olmal\u0131d\u0131r.<br \/>\n\u2022 Duvar bo\u015flu\u011funda yer alacak tesisat i\u015flemleri tamamland\u0131ktan\u00a0sonra, di\u011fer y\u00fczdeki plakalar\u0131n montaj\u0131na yar\u0131m\u00a0plaka ile ba\u015flan\u0131r. B\u00f6ylelikle iki tarafta derzlerin kar\u015f\u0131l\u0131kl\u0131\u00a0gelmemesi sa\u011flanm\u0131\u015f olur. Bu y\u00fczdeki plakalar,\u00a0arkalar\u0131ndaki profillerin tamam\u0131na vidalan\u0131r.<\/p>\n<p><strong>Derz Dolgular\u0131n\u0131n Yap\u0131lmas\u0131<\/strong><br \/>\n\u2022 ABS Derz Dolgu Al\u00e7\u0131s\u0131, torba \u00fczerinde tarif edildi\u011fi \u015fekilde\u00a0har\u00e7 haline getirilip plakalar\u0131n birle\u015fim yerlerindeki\u00a0derzlere spatula ile doldurulur.<br \/>\n\u2022 Derzlerde olu\u015fabilecek \u00e7atlaklar\u0131 \u00f6nlemek i\u00e7in gerekli\u00a0olan derz band\u0131, spatula yard\u0131m\u0131yla, derz dolgu al\u00e7\u0131s\u0131n\u0131n\u00a0\u00fczerine bast\u0131r\u0131larak yerle\u015ftirilir.<br \/>\n\u2022 \u0130lk dolgunun prizini almas\u0131ndan sonra, yeni har\u00e7 ile derzlerin\u00a0son dolgu ve r\u00f6tu\u015flar\u0131 yap\u0131larak duvar montaj\u0131 tamamlanm\u0131\u015f\u00a0olur.<\/p>\n<\/div>\n<div class=\"fusion-title title fusion-title-2 sep-underline sep-solid fusion-title-size-three fusion-border-below-title\">\n<h3 class=\"title-heading-left\" data-fontsize=\"24\" data-lineheight=\"33\">ABS Al\u00e7\u0131 Plakalar\u0131 ile Asma Tavan Yap\u0131lmas\u0131<\/h3>\n<\/div>\n<div class=\"fusion-text\">\n<p><strong>Asma Tavan Konumunun Belirlenmesi<\/strong><br \/>\n\u2022 Yap\u0131lacak asma tavan\u0131n alt kodu belirlenerek \u00e7evre duvarlar\u0131n\u0131n\u00a0\u00fczerine i\u015faretlenir.<br \/>\n\u2022 Mevcut veya yap\u0131lmas\u0131 planlanan \u00e7e\u015fitli tesisat donan\u0131m\u0131n\u0131n\u00a0yerleri dikkate al\u0131narak, duvar kenar\u0131ndan 10 cm\u00a0a\u00e7\u0131ktan ba\u015flamak ve en \u00e7ok 90 cm aral\u0131kl\u0131 olmak \u00fczere,\u00a0tavanda ask\u0131 \u00e7ubuk hatlar\u0131 i\u015faretlenir.<\/p>\n<p><strong>Ta\u015f\u0131y\u0131c\u0131 Konstr\u00fcksiyonun Kurulmas\u0131<\/strong><br \/>\n\u2022 Amaca uygun boydaki ask\u0131 \u00e7ubuklar\u0131, belirlenen hatlar \u00fczerinde ve en \u00e7ok 110 cm aral\u0131klarla tavana sabitlenir.<br \/>\n\u2022 Ana ta\u015f\u0131y\u0131c\u0131 olarak g\u00f6rev yapacak tavan C profilleri, ask\u0131\u00a0ma\u015fas\u0131 yard\u0131m\u0131yla ask\u0131 \u00e7ubuklar\u0131na uygun kotda ba\u011flan\u0131r.<br \/>\n\u2022 Ana ta\u015f\u0131y\u0131c\u0131 profillerin terazisinde olup olmad\u0131\u011f\u0131 kontrol\u00a0edilir, ask\u0131 ma\u015fas\u0131 yard\u0131m\u0131 ile gerekli d\u00fczeltmeler yap\u0131l\u0131r.<br \/>\n\u2022 Ana ta\u015f\u0131y\u0131c\u0131 profil u\u00e7lar\u0131na rastlayan duvarlara, duvar \u00e7evre\u00a0profilleri (detay\u0131na uygun olarak L veya U profili) sabitlenir\u00a0ve ana ta\u015f\u0131y\u0131c\u0131 profiller ile ba\u011flant\u0131s\u0131 yap\u0131l\u0131r.<br \/>\n\u2022 Al\u00e7\u0131 plaka ta\u015f\u0131y\u0131c\u0131 profilleri olan tavan C profilleri ana ta\u015f\u0131y\u0131c\u0131\u00a0profillere dik istikamette klipslerle ba\u011flan\u0131r.<br \/>\n\u2022 Al\u00e7\u0131 plaka ta\u015f\u0131y\u0131c\u0131 profillerin aks aralar\u0131, se\u00e7ilecek plaka\u00a0tipine veya plakalar\u0131n dizilme y\u00f6n\u00fcne g\u00f6re 40 cm veya\u00a050 cm olmal\u0131d\u0131r.<\/p>\n<p><strong>Al\u00e7\u0131 Plakalar\u0131n Montaj\u0131<\/strong><br \/>\n\u2022 Amaca uygun tipteki al\u00e7\u0131 plakalar, dikmeler veya ta\u015f\u0131y\u0131c\u0131\u00a0sehpa yard\u0131m\u0131yla duvar\u0131n bir kenar\u0131ndan ba\u015flanarak profillere\u00a0yana\u015ft\u0131r\u0131l\u0131r ve vidalanarak tespit edilir.<br \/>\n\u2022 Al\u00e7\u0131 plakalar, C profillerinin alt y\u00fczlerini ortalayacak \u015fekilde\u00a0yan yana getirilmeli ve ayn\u0131 profil \u00fczerindeki birle\u015fme\u00a0yerlerinde vidalama \u015fa\u015f\u0131rtmal\u0131 olarak ve 20 cm aral\u0131klarla\u00a0yap\u0131lmal\u0131d\u0131r.<br \/>\n\u2022 Al\u00e7\u0131 plakalar\u0131n k\u0131sa kenarlar\u0131ndaki derzlerin \u015fa\u015f\u0131rtmal\u0131 olmas\u0131\u00a0sa\u011flanmal\u0131d\u0131r.<br \/>\n\u2022 Al\u00e7\u0131 plakalar\u0131n k\u0131sa kenar birle\u015fim yerlerine derz band\u0131\u00a0uygulayabilmek i\u00e7in en az bant geni\u015fli\u011finde suni pah\u00a0yap\u0131lmal\u0131d\u0131r. Bu ama\u00e7 i\u00e7in maket b\u0131\u00e7a\u011f\u0131 yard\u0131m\u0131 ile \u00f6n\u00a0y\u00fczeydeki karton kald\u0131r\u0131lmal\u0131 ve alt\u0131ndaki al\u00e7\u0131 tabaka rende\u00a0ve\/veya t\u00f6rp\u00fc yard\u0131m\u0131yla tra\u015flanmal\u0131d\u0131r.<\/p>\n<p><strong>Derz Dolgular\u0131n\u0131n Yap\u0131lmas\u0131<\/strong><br \/>\n\u2022 Derz dolgular\u0131 b\u00f6lme duvar\u0131 yap\u0131m\u0131nda a\u00e7\u0131kland\u0131\u011f\u0131 \u015fekilde\u00a0yap\u0131larak montaj i\u015flemi tamamlan\u0131r.<br \/>\n\u2022 Al\u00e7\u0131 plakalar ile olu\u015fturulan b\u00f6lme duvar\u0131, asma tavan ve\u00a0kuru s\u0131va y\u00fczeylerinde yap\u0131lacak boya uygulamas\u0131nda\u00a0m\u00fckemmel bir sonu\u00e7 elde edebilmek i\u00e7in; y\u00fczeylerin\u00a0ABS Saten Perdah Al\u00e7\u0131s\u0131 ile kaplanmas\u0131nda yarar vard\u0131r.<\/p>\n<\/div>\n<div class=\"fusion-title title fusion-title-3 sep-underline sep-solid fusion-title-size-three fusion-border-below-title\">\n<h3 class=\"title-heading-left\" data-fontsize=\"24\" data-lineheight=\"33\">ABS Al\u00e7\u0131 Plakalar\u0131 ile Kuru S\u0131va Uygulamas\u0131<\/h3>\n<\/div>\n<div class=\"fusion-text\">\n<p>Kuru s\u0131va, gazbeton, beton, tu\u011fla vb. s\u0131va gerektiren y\u00fczeyler\u00a0ile arzu edilen d\u00fczg\u00fcnl\u00fckte olmayan mevcut s\u0131va\u00a0y\u00fczeylerinin duvar ka\u011f\u0131d\u0131, boya vb. kaplama yap\u0131lmas\u0131na\u00a0zemin haz\u0131rlamak veya mevcut duvarlar\u0131n \u0131s\u0131 ve\/veya ses\u00a0yal\u0131t\u0131m\u0131 performanslar\u0131n\u0131n artt\u0131r\u0131lmas\u0131 ama\u00e7lar\u0131na y\u00f6nelik\u00a0olarak, al\u00e7\u0131 plakalar\u0131n \u00f6zel yap\u0131\u015ft\u0131r\u0131c\u0131 al\u00e7\u0131lar ile y\u00fczeylere yap\u0131\u015ft\u0131r\u0131lmas\u0131\u00a0i\u015flemidir.<\/p>\n<p><strong>\u00d6n Haz\u0131rl\u0131klar<\/strong><br \/>\n\u2022 Uygulama yap\u0131lacak y\u00fczey toz, kir, kal\u0131p ya\u011f\u0131, boya vb.\u00a0yap\u0131\u015fmaya engel olacak etkenlerden ar\u0131nd\u0131r\u0131l\u0131r.<br \/>\n\u2022 Kuru s\u0131va uygulanacak y\u00fczeylerin \u015fak\u00fcl ve mastar kontrol\u00fc\u00a0yap\u0131l\u0131r. Yap\u0131lan kontrol sonucu, saptanan \u015fak\u00fcl ve\u00a0mastar bozukluklar\u0131n\u0131n durumuna g\u00f6re, minimum s\u0131va\u00a0kal\u0131nl\u0131\u011f\u0131n\u0131 elde edecek ve tampon g\u00f6revi yapacak anolar\u00a0olu\u015fturulur.<br \/>\n\u2022 Bu ama\u00e7 i\u00e7in ABS Kartonpiyer Al\u00e7\u0131s\u0131 veya ABS Al\u00e7\u0131 Plaka\u00a0par\u00e7alar\u0131 tercih edilmelidir. Anolar iste\u011fe ve eldeki malzemeye\u00a0ba\u011fl\u0131 olarak \u015ferit veya takoz \u015feklinde olabilir.<br \/>\n\u2022 Anolar olu\u015fturulmadan \u00f6nce, Al\u00e7\u0131 Plakalar\u0131n derzleri\u00a0mevcut duvar \u00fczerine i\u015faretlenerek yap\u0131\u015ft\u0131r\u0131c\u0131 harc\u0131 ile\u00a0anolar\u0131n \u00e7ak\u0131\u015fmamas\u0131 sa\u011flanmal\u0131d\u0131r.<br \/>\n\u2022 Yeterli miktarda al\u00e7\u0131 plaka, mevcut kat y\u00fcksekli\u011finden 1.5\u00a0cm k\u0131sa olacak \u015fekilde, kesilerek ve arka y\u00fczleri \u00fcste gelecek\u00a0\u015fekilde uygun bir yerde istiflenir.<\/p>\n<p><strong>Yap\u0131\u015ft\u0131r\u0131c\u0131 Harc\u0131n Haz\u0131rlanmas\u0131<\/strong><br \/>\n\u2022 Yap\u0131\u015ft\u0131rma i\u015flemi i\u00e7in ABS Al\u00e7\u0131 Plaka Yap\u0131\u015ft\u0131r\u0131c\u0131 Al\u00e7\u0131s\u0131, torba\u00a0\u00fczerindeki tarife uygun olarak, har\u00e7 haline getirilir.<br \/>\n\u2022 Bir defada haz\u0131rlanacak har\u00e7 miktar\u0131, bir adet al\u00e7\u0131 plakaya\u00a0(yakla\u015f\u0131k 3 m2) yetecek miktarda (yakla\u015f\u0131k 15 kg) olmal\u0131d\u0131r.<\/p>\n<p><strong>Al\u00e7\u0131 Plakalar\u0131n Y\u00fczeye Yap\u0131\u015ft\u0131r\u0131lmas\u0131<\/strong><br \/>\n\u2022 Haz\u0131rlanan yap\u0131\u015ft\u0131r\u0131c\u0131 harc\u0131, al\u00e7\u0131 plakalar\u0131n uzun kenarlar\u0131\u00a0boyunca \u015ferit halinde, plakan\u0131n ortas\u0131nda ise bu \u015feritlere\u00a0paralel olarak, 30-35 cm aral\u0131klarla ve topaklar halinde\u00a0yerle\u015ftirilir.<br \/>\n\u2022 Al\u00e7\u0131 Plaka \u00fczerine konulan yap\u0131\u015ft\u0131r\u0131c\u0131 al\u00e7\u0131 topaklar\u0131n\u0131n ve\u00a0\u015feritlerinin y\u00fcksekli\u011fi duvardaki ano kal\u0131nl\u0131\u011f\u0131ndan en az 2\u00a0cm daha fazla olmal\u0131d\u0131r.<br \/>\n\u2022 Yap\u0131\u015ft\u0131rmaya duvar\u0131n bir k\u00f6\u015fesinden ba\u015flan\u0131r. \u00dczerine\u00a0yap\u0131\u015ft\u0131r\u0131c\u0131 har\u00e7 konulan Al\u00e7\u0131 Plaka, uygulanaca\u011f\u0131 y\u00fczeye\u00a0d\u00f6\u015femeden 1 cm yukar\u0131da olacak \u015fakilde yap\u0131\u015ft\u0131r\u0131l\u0131r.\u00a0Mastar yard\u0131m\u0131 ile yatay ve dikey olarak bast\u0131r\u0131larak al\u00e7\u0131\u00a0plakan\u0131n anolara tam olarak oturmas\u0131 sa\u011flan\u0131r.<br \/>\n\u2022 Bu yap\u0131\u015ft\u0131rma i\u015flemi s\u0131ras\u0131nda plakalar\u0131n yatay ve d\u00fc\u015fey\u00a0terazisi kontrol edilmelidir.<br \/>\n\u2022 Y\u00fczeye yap\u0131\u015ft\u0131r\u0131lan Al\u00e7\u0131 Plakalar\u0131n sarkmas\u0131n\u0131 \u00f6nlemek\u00a0i\u00e7in, altlar\u0131na ge\u00e7ici olarak plaka par\u00e7alar\u0131 veya ah\u015fap takoz\u00a0konulmal\u0131d\u0131r.<br \/>\n\u2022 Di\u011fer plakalar da ayn\u0131 y\u00f6ntemle yap\u0131\u015ft\u0131r\u0131larak kuru s\u0131va\u00a0yap\u0131m\u0131n\u0131n ilk a\u015famas\u0131 tamamlan\u0131r.<\/p>\n<p><strong>Derz Dolgular\u0131n\u0131n Yap\u0131lmas\u0131<\/strong><br \/>\n\u2022 Derz dolgular\u0131 b\u00f6lme duvar\u0131 yap\u0131m\u0131nda a\u00e7\u0131kland\u0131\u011f\u0131 \u015fekilde yap\u0131larak montaj i\u015flemi tamamlan\u0131r<\/p>\n<\/div>\n<div class=\"fusion-title title fusion-title-4 sep-underline sep-solid fusion-title-size-three fusion-border-below-title\">\n<h3 class=\"title-heading-left\" data-fontsize=\"24\" data-lineheight=\"33\">Uyar\u0131 ve \u00d6neriler<\/h3>\n<\/div>\n<div class=\"fusion-text\">\n<p>\u2022 3 m\u2019den y\u00fcksek 15m\u2019den uzun duvarlarda d\u00fc\u015fey hareket derzleri b\u0131rak\u0131lmal\u0131d\u0131r.<br \/>\n\u2022 Tavanlarda ise en ve boy olarak d\u00fc\u015f\u00fcn\u00fcld\u00fc\u011f\u00fcnde 10 m\u00a0daha uzun mesafelerde her 10 m\u2019de bir dilatasyon (genle\u015fme) bo\u015flu\u011fu b\u0131rak\u0131lmal\u0131d\u0131r.<br \/>\n\u2022 Normal ko\u015fullarda asma tavan ile mevcut tavan aras\u0131ndaki\u00a0kot fark\u0131 100 cm\u2018yi ge\u00e7memelidir. Kot fark\u0131 100\u00a0cm\u2019yi ge\u00e7iyor ise, kutu profilden ta\u015f\u0131y\u0131c\u0131 konstr\u00fcksiyon\u00a0olu\u015fturulmal\u0131d\u0131r.<br \/>\n\u2022 Tavanda plaka ta\u015f\u0131y\u0131c\u0131 profil aks aral\u0131klar\u0131 plaka dizili\u015f y\u00f6n\u00fcne\u00a0g\u00f6re 40 cm veya 50 cm olmal\u0131d\u0131r. Plaka uzun kenar\u0131,\u00a0profil ile ayn\u0131 istikamette d\u00f6\u015feniyor ise, profil aks\u00a0aral\u0131klar\u0131 40 cm olmal\u0131d\u0131r. Plaka uzun kenar\u0131 profillere dik\u00a0istikamette (90\u00b0) d\u00f6\u015fenecekse, profil aks aral\u0131klar\u0131 50 cm\u00a0olmal\u0131d\u0131r.<br \/>\n\u2022 Yap\u0131lmak istenen duvar y\u00fcksekli\u011fi kullan\u0131lan profil dikmesi\u00a0(DC) uzunlu\u011fundan fazla ise dikmeler (DC) ters\u00a0olarak birbirinin i\u00e7ine tak\u0131labilirler. \u00dcst \u00fcste binen profillerin\u00a0ek yeri boyu, toplam uzunlu\u011fun %20 si kadar veya\u00a0120cm olmal\u0131d\u0131r.<br \/>\n\u2022 Daha y\u00fcksek duvar imalatlar\u0131nda, DC\u2019ler en az 100\u2019l\u00fck\u00a0profil olmal\u0131 ve aks aral\u0131klar\u0131 30-40 cm olmal\u0131 ve DC\u2019ler\u00a0m\u00fcmk\u00fcnse tek par\u00e7adan olu\u015fmal\u0131 ve et kal\u0131nl\u0131\u011f\u0131n\u0131n da\u00a00,60 mm \u00fczerinde olmas\u0131 sa\u011flanmal\u0131d\u0131r.<br \/>\n\u2022 Zorunlu hallerde y\u00fcksek duvarlarda mukavemeti art\u0131rmak\u00a0i\u00e7in DC\u2019ler s\u0131rt s\u0131rta vidalanabilir.<br \/>\n\u2022 Ara b\u00f6lme duvarlarda profil aks aral\u0131klar\u0131 60 cm, \u0131slak hacimlerde\u00a0ise 30\u2014 veya 40 cm olmal\u0131d\u0131r.<br \/>\n\u2022 Ah\u015fap binalarda al\u00e7\u0131 plaka kaplamas\u0131 planlanan duvar ve\u00a0tavanlarda kullan\u0131lacak ah\u015fap malzemelerin S 10 s\u0131n\u0131f\u0131na\u00a0uygun olmas\u0131, montaj s\u0131ras\u0131nda nem i\u00e7eri\u011finin %20\u2018yi\u00a0ge\u00e7memesi dikkat edilmelidir.<br \/>\n\u2022 Plaka ve plaka ta\u015f\u0131y\u0131c\u0131 elemanlar\u0131n\u0131n kullan\u0131laca\u011f\u0131 ortama\u00a0uyum sa\u011flamas\u0131 a\u00e7\u0131s\u0131ndan, 48 saat \u00f6ncesinde uygulama\u00a0ortam\u0131nda bulundurulmas\u0131nda fayda vard\u0131r. \u2022 G\u00f6mme\u00a0veya plaka \u00fcst\u00fc \u0131\u015f\u0131k fikst\u00fcrleri gibi \u0131s\u0131 \u00fcreten elemanlar\u00a0plakadan izole edilmelidir.<br \/>\n\u2022 A\u00e7\u0131 plakalar uzun s\u00fcre d\u0131\u015far\u0131da ve g\u00fcne\u015f alt\u0131nda stoklanmamal\u0131.\u00a0Kapal\u0131 ve kuru bir ortamda palet \u00fcst\u00fcnde stoklanmal\u0131d\u0131r.<br \/>\n\u2022 Al\u00e7\u0131 plakalar\u0131n alt\u0131na konan paletlerin y\u00fcksekli\u011fi e\u015fit ve\u00a0konan yerin d\u00fczg\u00fcn, alet aralar\u0131 ise maksimum 50 cm\u00a0olmas\u0131na dikkat edilmelidir ve en fazla 6 palet \u00fcst \u00fcste\u00a0konmal\u0131d\u0131r.<br \/>\n\u2022 +5\u00b0C\u2019nin alt\u0131ndaki s\u0131cakl\u0131klarda uygulama yap\u0131lmamal\u0131d\u0131r.<br \/>\n\u2022 Al\u00e7\u0131 plaka duvarlara as\u0131lacak \u00e7er\u00e7eve vb. a\u011f\u0131rl\u0131kl\u0131 malzemeler,\u00a0al\u00e7\u0131 plaka i\u00e7in \u00f6zel olarak imal edilmi\u015f d\u00fcbellerle\u00a0yap\u0131lmal\u0131d\u0131r.<br \/>\n\u2022 6 mm\u2019lik Al\u00e7\u0131 Plakalar 600 mm, 12.5 mm\u2019lik Al\u00e7\u0131 Plakalar\u00a0ise 1000 mm\u2019lik \u00e7apl\u0131 d\u00f6n\u00fc\u015flere imkan vermektedir.\u00a0Daha k\u00fc\u00e7\u00fck \u00e7apl\u0131 d\u00f6n\u00fc\u015fler i\u00e7in Al\u00e7\u0131 Plakan\u0131n nemlendirilmesi\u00a0gereklidir.<br \/>\n\u2022 Al\u00e7\u0131 Plakalar bir yerden bir yere ta\u015f\u0131n\u0131rken veya indirilirken,\u00a0ta\u015f\u0131ma arabas\u0131 ile veya iki ki\u015fi taraf\u0131ndan tutularak\u00a0ta\u015f\u0131nmal\u0131d\u0131r.<br \/>\n\u2022 \u00c7ok katl\u0131 kaplamalarda alt katlardaki plakalar\u0131n vida aral\u0131klar\u0131\u00a0seyrek olabilir (30- 35cm).<br \/>\n\u2022 Alt kat plakalar\u0131n derz yerlerine sadece derz dolgusu yap\u0131lmas\u0131\u00a0yeterlidir. Derz band\u0131na gerek yoktur. Derz band\u0131\u00a0en \u00fcst katta derz dolgusu ile birlikte uygulanmal\u0131d\u0131r.<br \/>\n\u2022 Islanm\u0131\u015f veya nemli plakalar havadar bir yerde ve dikey\u00a0olarak istiflenerek kurumaya b\u0131rak\u0131lmal\u0131d\u0131r. Kurudu\u011fundan\u00a0emin olunduktan sonra kullan\u0131lmal\u0131d\u0131r.<br \/>\n\u2022 Pah kenarlar\u0131nda vidalama yap\u0131l\u0131rken, vidalar pah kenar\u0131ndan\u00a01 cm i\u00e7eride olacak \u015fekilde vidalanmal\u0131. Yan yana\u00a0gelen plakalarda vidalar \u015fa\u015f\u0131rtmal\u0131 yap\u0131lmal\u0131d\u0131r.<br \/>\n\u2022 Vidalama matkab\u0131 vida ba\u015flar\u0131n\u0131 al\u00e7\u0131 plakaya 1 mm g\u00f6mecek\u00a0\u015fekilde ayar yap\u0131lmal\u0131d\u0131r.<br \/>\n\u2022 90\u00b0\u2019lik d\u0131\u015f k\u00f6\u015feleri darbelere kar\u015f\u0131 g\u00fc\u00e7lendirmek i\u00e7in delikli\u00a0k\u00f6\u015fe profili kullan\u0131lmal\u0131d\u0131r.<br \/>\n\u2022 Al\u00e7\u0131 plakalar\u0131n kafa kafaya gelen k\u0131sa kenarlar\u0131na, montaj\u00a0\u00f6ncesinde s\u00fcni pah yap\u0131lmal\u0131d\u0131r<\/p>\n<\/div>\n<div class=\"fusion-title title fusion-title-5 sep-underline sep-solid fusion-title-size-three fusion-border-below-title\">\n<h3 class=\"title-heading-left\" data-fontsize=\"24\" data-lineheight=\"33\">G\u00fcvenlik Bilgileri<\/h3>\n<\/div>\n<div class=\"fusion-text\">\n<p><strong>Ambalaj<\/strong><br \/>\nStandart \u00fcr\u00fcn (120 x 2500 x 12.5 mm) \u00f6l\u00e7\u00fclerinde,\u00a050\u2019\u015fer adetlik \u00e7emberli paletler\u00a0halinde haz\u0131rlanmaktad\u0131r.\u00a0Her palet 150 m2 (3 m2 x 50 adet) al\u00e7\u0131 plaka\u00a0i\u00e7ermektedir. Paletteki bu say\u0131lar \u00fcretilen al\u00e7\u0131\u00a0plaka kal\u0131nl\u0131\u011f\u0131na ve boyutuna g\u00f6re de\u011fi\u015fmektedir.<\/p>\n<p><strong>Depolama<\/strong><br \/>\nKuru ve kapal\u0131 bir ortamda, d\u00fczg\u00fcn\u00a0bir zeminde, palet \u00fcst\u00fcnde en fazla\u00a06 palet \u00fcst \u00fcste konmal\u0131 ve alt\u0131na\u00a0konan paletlerin y\u00fckseklikleri e\u015fit ve\u00a0aral\u0131klar\u0131 en fazla 50 cm olmal\u0131d\u0131r.<\/p>\n<p><strong>Standartlar<\/strong><br \/>\nTS EN 520-A1\u2019e\u00a0uygundur<\/p>\n<\/div>\n","protected":false},"excerpt":{"rendered":"<p>ABS Standart Al\u00e7\u0131 Plaka (R); d\u00fczg\u00fcn y\u00fczeyli, esnek ve hafif\u00a0al\u00e7\u0131 plaka \u00e7e\u015fididir. \u00d6n y\u00fcz\u00fc fildi\u015fi, arka y\u00fcz\u00fc gri renkli ka\u011f\u0131t\u00a0kapl\u0131d\u0131r<\/p>\n","protected":false},"featured_media":217,"comment_status":"closed","ping_status":"closed","template":"","meta":[],"product_brand":[],"product_cat":[17,37],"product_tag":[19,21,38],"class_list":{"0":"post-216","1":"product","2":"type-product","3":"status-publish","4":"has-post-thumbnail","6":"product_cat-abs-alci","7":"product_cat-alci-plaka","8":"product_tag-abs","9":"product_tag-alci","10":"product_tag-plaka","12":"first","13":"instock","14":"taxable","15":"shipping-taxable","16":"product-type-simple"},"_links":{"self":[{"href":"http:\/\/gonenyapi.com.tr\/index.php\/wp-json\/wp\/v2\/product\/216","targetHints":{"allow":["GET"]}}],"collection":[{"href":"http:\/\/gonenyapi.com.tr\/index.php\/wp-json\/wp\/v2\/product"}],"about":[{"href":"http:\/\/gonenyapi.com.tr\/index.php\/wp-json\/wp\/v2\/types\/product"}],"replies":[{"embeddable":true,"href":"http:\/\/gonenyapi.com.tr\/index.php\/wp-json\/wp\/v2\/comments?post=216"}],"wp:featuredmedia":[{"embeddable":true,"href":"http:\/\/gonenyapi.com.tr\/index.php\/wp-json\/wp\/v2\/media\/217"}],"wp:attachment":[{"href":"http:\/\/gonenyapi.com.tr\/index.php\/wp-json\/wp\/v2\/media?parent=216"}],"wp:term":[{"taxonomy":"product_brand","embeddable":true,"href":"http:\/\/gonenyapi.com.tr\/index.php\/wp-json\/wp\/v2\/product_brand?post=216"},{"taxonomy":"product_cat","embeddable":true,"href":"http:\/\/gonenyapi.com.tr\/index.php\/wp-json\/wp\/v2\/product_cat?post=216"},{"taxonomy":"product_tag","embeddable":true,"href":"http:\/\/gonenyapi.com.tr\/index.php\/wp-json\/wp\/v2\/product_tag?post=216"}],"curies":[{"name":"wp","href":"https:\/\/api.w.org\/{rel}","templated":true}]}}