{"id":208,"date":"2020-09-19T20:13:13","date_gmt":"2020-09-19T20:13:13","guid":{"rendered":"http:\/\/gonenyapi.com.tr\/?post_type=product&#038;p=208"},"modified":"2020-09-19T20:13:14","modified_gmt":"2020-09-19T20:13:14","slug":"intreme-natura","status":"publish","type":"product","link":"http:\/\/gonenyapi.com.tr\/index.php\/urun\/intreme-natura\/","title":{"rendered":"Intreme Natura"},"content":{"rendered":"<div class=\"fusion-fullwidth fullwidth-box nonhundred-percent-fullwidth non-hundred-percent-height-scrolling\">\n<div class=\"fusion-builder-row fusion-row \">\n<div class=\"fusion-layout-column fusion_builder_column fusion_builder_column_4_5 fusion-builder-column-2 fusion-four-fifth fusion-column-last 4_5\">\n<div class=\"fusion-column-wrapper\" data-bg-url=\"\"><span class=\"fusion-imageframe imageframe-none imageframe-1 hover-type-none\"><img decoding=\"async\" class=\"img-responsive wp-image-14357\" title=\"intreme natura web\" src=\"https:\/\/absalci.com.tr\/wp-content\/uploads\/2020\/01\/intreme-natura-web.jpg\" sizes=\"(max-width: 1000px) 100vw, 1000px\" srcset=\"https:\/\/www.absalci.com.tr\/wp-content\/uploads\/2020\/01\/intreme-natura-web-200x143.jpg 200w, https:\/\/www.absalci.com.tr\/wp-content\/uploads\/2020\/01\/intreme-natura-web-400x286.jpg 400w, https:\/\/www.absalci.com.tr\/wp-content\/uploads\/2020\/01\/intreme-natura-web-600x430.jpg 600w, https:\/\/www.absalci.com.tr\/wp-content\/uploads\/2020\/01\/intreme-natura-web-800x573.jpg 800w, https:\/\/www.absalci.com.tr\/wp-content\/uploads\/2020\/01\/intreme-natura-web.jpg 1000w\" alt=\"\" width=\"\" height=\"\" \/><\/span><\/p>\n<div class=\"fusion-clearfix\"><\/div>\n<\/div>\n<\/div>\n<\/div>\n<\/div>\n<div class=\"fusion-fullwidth fullwidth-box nonhundred-percent-fullwidth non-hundred-percent-height-scrolling\">\n<div class=\"fusion-builder-row fusion-row \">\n<div class=\"fusion-layout-column fusion_builder_column fusion_builder_column_1_5 fusion-builder-column-3 fusion-one-fifth fusion-column-first 1_5\">\n<div class=\"fusion-column-wrapper\" data-bg-url=\"\">\n<div class=\"fusion-clearfix\"><\/div>\n<\/div>\n<\/div>\n<div class=\"fusion-layout-column fusion_builder_column fusion_builder_column_4_5 fusion-builder-column-4 fusion-four-fifth fusion-column-last fusion-blend-mode 4_5\">\n<div class=\"fusion-column-wrapper\" data-bg-url=\"\">\n<div class=\"fusion-builder-row fusion-builder-row-inner fusion-row \">\n<div class=\"fusion-layout-column fusion_builder_column fusion_builder_column_1_1  fusion-one-full fusion-column-first fusion-column-last 1_1\">\n<div class=\"fusion-column-wrapper\" data-bg-url=\"\">\n<div class=\"fusion-text\">\n<p>Farkl\u0131 \u00fcretim teknolojisiyle elde edilen \u00f6zel Jips-Mix ile \u00fcretilmi\u015f, g\u00fc\u00e7l\u00fc pah kenarlar\u0131 ile daha dayan\u0131kl\u0131, harekete uyumlanma \u00f6zelli\u011fine sahip, daha d\u00fczg\u00fcn ve kolay kesilebilen, hafif i\u00e7 mekan al\u00e7\u0131 plakas\u0131<\/p>\n<\/div>\n<\/div>\n<\/div>\n<\/div>\n<div class=\"fusion-clearfix\"><\/div>\n<\/div>\n<\/div>\n<\/div>\n<\/div>\n<div class=\"fusion-fullwidth fullwidth-box nonhundred-percent-fullwidth non-hundred-percent-height-scrolling\">\n<div class=\"fusion-builder-row fusion-row \">\n<div class=\"fusion-layout-column fusion_builder_column fusion_builder_column_1_5 fusion-builder-column-5 fusion-one-fifth fusion-column-first 1_5\">\n<div class=\"fusion-column-wrapper\" data-bg-url=\"\">\n<div class=\"fusion-clearfix\"><\/div>\n<\/div>\n<\/div>\n<div class=\"fusion-layout-column fusion_builder_column fusion_builder_column_4_5 fusion-builder-column-6 fusion-four-fifth fusion-column-last 4_5\">\n<div class=\"fusion-column-wrapper\" data-bg-url=\"\">\n<div class=\"fusion-content-boxes content-boxes columns row fusion-columns-1 fusion-columns-total-3 fusion-content-boxes-1 content-boxes-timeline-vertical content-left content-boxes-icon-with-title fusion-delayed-animation\" data-animation-delay=\"350\" data-animationoffset=\"100%\">\n<div class=\"fusion-column content-box-column content-box-column content-box-column-1 col-lg-12 col-md-12 col-sm-12 fusion-content-box-hover  content-box-column-last-in-row fusion-appear\">\n<div class=\"col content-box-wrapper content-wrapper link-area-box icon-hover-animation-slide fusion-animated fadeIn\" data-animationtype=\"fadeIn\" data-animationduration=\"0.25\" data-animationoffset=\"100%\">\n<div class=\"heading heading-with-icon icon-left\">\n<div class=\"icon\"><\/div>\n<h3 class=\"content-box-heading\" data-inline-fontsize=\"true\" data-inline-lineheight=\"true\" data-fontsize=\"20\" data-lineheight=\"25\">HAF\u0130FL\u0130KTE YEN\u0130 B\u0130R BAKI\u015e A\u00c7ISI<\/h3>\n<\/div>\n<div class=\"fusion-clearfix\"><\/div>\n<div class=\"content-container\">\n<p>End\u00fcstri standartlar\u0131n\u0131n \u00e7ok alt\u0131ndaki hafifli\u011fiyle nakliyeden montaja pek \u00e7ok alanda avantaj<\/p>\n<\/div>\n<div class=\"content-box-shortcode-timeline-vertical\"><\/div>\n<\/div>\n<\/div>\n<div class=\"fusion-column content-box-column content-box-column content-box-column-2 col-lg-12 col-md-12 col-sm-12 fusion-content-box-hover  content-box-column-last-in-row fusion-appear\">\n<div class=\"col content-box-wrapper content-wrapper link-area-box icon-hover-animation-slide fusion-animated fadeIn\" data-animationtype=\"fadeIn\" data-animationduration=\"0.25\" data-animationoffset=\"100%\">\n<div class=\"heading heading-with-icon icon-left\">\n<div class=\"icon\"><\/div>\n<h3 class=\"content-box-heading\" data-inline-fontsize=\"true\" data-inline-lineheight=\"true\" data-fontsize=\"20\" data-lineheight=\"25\">DAYANIKLILIKTA YEN\u0130 B\u0130R BAKI\u015e A\u00c7ISI<\/h3>\n<\/div>\n<div class=\"fusion-clearfix\"><\/div>\n<div class=\"content-container\">\n<p>G\u00fc\u00e7lendirilmi\u015f pah kenarlar\u0131 ile kendisinden \u00e7ok daha a\u011f\u0131r plakalar kadar dayan\u0131kl\u0131<\/p>\n<\/div>\n<div class=\"content-box-shortcode-timeline-vertical\"><\/div>\n<\/div>\n<\/div>\n<div class=\"fusion-column content-box-column content-box-column content-box-column-3 col-lg-12 col-md-12 col-sm-12 fusion-content-box-hover  content-box-column-last content-box-column-last-in-row fusion-appear\">\n<div class=\"col content-box-wrapper content-wrapper link-area-box icon-hover-animation-slide fusion-animated fadeIn\" data-animationtype=\"fadeIn\" data-animationduration=\"0.25\" data-animationoffset=\"100%\">\n<div class=\"heading heading-with-icon icon-left\">\n<div class=\"icon\"><\/div>\n<h3 class=\"content-box-heading\" data-inline-fontsize=\"true\" data-inline-lineheight=\"true\" data-fontsize=\"20\" data-lineheight=\"25\">HAREKETE UYUMDA YEN\u0130 B\u0130R BAKI\u015e A\u00c7ISI<\/h3>\n<\/div>\n<div class=\"fusion-clearfix\"><\/div>\n<div class=\"content-container\">\n<p>Esnekli\u011fi sayesinde harekete uyumlanabilir, her tasar\u0131mda rahatl\u0131kla uygulanabilir<\/p>\n<\/div>\n<\/div>\n<\/div>\n<div class=\"fusion-clearfix\"><\/div>\n<\/div>\n<div class=\"fusion-clearfix\"><\/div>\n<\/div>\n<\/div>\n<\/div>\n<\/div>\n<div class=\"fusion-fullwidth fullwidth-box nonhundred-percent-fullwidth non-hundred-percent-height-scrolling\">\n<div class=\"fusion-builder-row fusion-row \">\n<div class=\"fusion-layout-column fusion_builder_column fusion_builder_column_1_5 fusion-builder-column-7 fusion-one-fifth fusion-column-first 1_5\">\n<div class=\"fusion-column-wrapper\" data-bg-url=\"\">\n<div class=\"fusion-clearfix\"><\/div>\n<\/div>\n<\/div>\n<div class=\"fusion-layout-column fusion_builder_column fusion_builder_column_4_5 fusion-builder-column-8 fusion-four-fifth fusion-column-last 4_5\">\n<div class=\"fusion-column-wrapper\" data-bg-url=\"\">\n<div class=\"fusion-title title fusion-title-1 sep-underline sep-solid fusion-title-size-two fusion-border-below-title\">\n<h2 class=\"title-heading-left\" data-fontsize=\"34\" data-lineheight=\"50\">Intreme Natura\u2019n\u0131n art\u0131lar\u0131<\/h2>\n<\/div>\n<div class=\"fusion-text\">\n<ul>\n<li>Daha h\u0131zl\u0131 ve kolay montaj ile zaman tasarrufu<\/li>\n<li>Harekete uyumlanma \u00f6zelli\u011fi<\/li>\n<li>Daha d\u00fczg\u00fcn ve kolay kesilir<\/li>\n<li>Daha hafif olmas\u0131na ra\u011fmen ayn\u0131 k\u0131r\u0131lma direnci<\/li>\n<li>Daha hafif olmas\u0131na ra\u011fmen ayn\u0131 sarkma direnci<\/li>\n<li>Binalar\u0131n y\u00fcklerini hafifletmek i\u00e7in farkl\u0131 tip plaka kullanmaya gerek kalmaz<\/li>\n<\/ul>\n<\/div>\n<div class=\"table-1\">\n<table width=\"100%\">\n<thead>\n<tr>\n<th align=\"left\"><\/th>\n<th align=\"left\">Standart (R) Al\u00e7\u0131 Plaka<\/th>\n<th align=\"left\">Intreme Natura<\/th>\n<\/tr>\n<\/thead>\n<tbody>\n<tr>\n<td align=\"left\">Kullan\u0131m Alanlar\u0131<\/td>\n<td align=\"left\">Asma tavan, B\u00f6lme duvar, Duvar Giydirme, Kuru s\u0131va duvar kaplama<\/td>\n<td align=\"left\">Asma tavan, B\u00f6lme duvar, Duvar Giydirme, Kuru s\u0131va duvar kaplama<\/td>\n<\/tr>\n<tr>\n<td align=\"left\">Kal\u0131nl\u0131k<\/td>\n<td align=\"left\">12,5 mm<\/td>\n<td align=\"left\">12,5 mm<\/td>\n<\/tr>\n<tr>\n<td align=\"left\">A\u011f\u0131rl\u0131k<\/td>\n<td align=\"left\">7.9-8.2 kg m\u00b2<\/td>\n<td align=\"left\">7.0-7.3 kg m\u00b2 (Yakla\u015f\u0131k %14 daha hafif)<\/td>\n<\/tr>\n<tr>\n<td align=\"left\">26 tonluk bir arac\u0131n ortalama ta\u015f\u0131ma kapasitesi<\/td>\n<td align=\"left\">3300 m\u00b2<\/td>\n<td align=\"left\">3720 m\u00b2<\/td>\n<\/tr>\n<tr>\n<td align=\"left\">Plaka Y\u00fczeyi<\/td>\n<td align=\"left\">D\u00fczg\u00fcn y\u00fczey<\/td>\n<td align=\"left\">D\u00fczg\u00fcn y\u00fczey<\/td>\n<\/tr>\n<tr>\n<td align=\"left\">Yo\u011funluk<\/td>\n<td align=\"left\">630-650 kg\/m\u00b3<\/td>\n<td align=\"left\">560-585 kg\/m\u00b3<\/td>\n<\/tr>\n<tr>\n<td align=\"left\">Paralel mukavemet<\/td>\n<td align=\"left\">210 N<\/td>\n<td align=\"left\">210 N<\/td>\n<\/tr>\n<tr>\n<td align=\"left\">Dik mukavemet<\/td>\n<td align=\"left\">550 N<\/td>\n<td align=\"left\">550 N<\/td>\n<\/tr>\n<tr>\n<td align=\"left\">Is\u0131l iletkenlik de\u011feri<\/td>\n<td align=\"left\">0,25 W\/mK<\/td>\n<td align=\"left\">0,25 W\/mK<\/td>\n<\/tr>\n<tr>\n<td align=\"left\">Su buhar\u0131 ge\u00e7i\u015fine diren\u00e7 katsay\u0131s\u0131<\/td>\n<td align=\"left\">10<\/td>\n<td align=\"left\">10<\/td>\n<\/tr>\n<tr>\n<td align=\"left\">Uzunluk<\/td>\n<td align=\"left\">2000-3600 mm<\/td>\n<td align=\"left\">2000-3600 mm<\/td>\n<\/tr>\n<tr>\n<td align=\"left\">Geni\u015flik<\/td>\n<td align=\"left\">1200 mm<\/td>\n<td align=\"left\">1200 mm<\/td>\n<\/tr>\n<tr>\n<td align=\"left\">\u00dcr\u00fcn Standart\u0131<\/td>\n<td align=\"left\">A2 \u2013 s1, d0 (TS EN 520 +A1\u2019e g\u00f6re)<\/td>\n<td align=\"left\">A2 \u2013 s1, d0 (TS EN 520 +A1\u2019e g\u00f6re)<\/td>\n<\/tr>\n<\/tbody>\n<\/table>\n<\/div>\n<\/div>\n<\/div>\n<\/div>\n<\/div>\n","protected":false},"excerpt":{"rendered":"<div class=\"fusion-builder-row fusion-builder-row-inner fusion-row \">\n<div class=\"fusion-layout-column fusion_builder_column fusion_builder_column_1_1  fusion-one-full fusion-column-first fusion-column-last 1_1\">\n<div class=\"fusion-column-wrapper\" data-bg-url=\"\">\n<div class=\"fusion-text\">\n<p>Farkl\u0131 \u00fcretim teknolojisiyle elde edilen \u00f6zel Jips-Mix ile \u00fcretilmi\u015f, g\u00fc\u00e7l\u00fc pah kenarlar\u0131 ile daha dayan\u0131kl\u0131, harekete uyumlanma \u00f6zelli\u011fine sahip, daha d\u00fczg\u00fcn ve kolay kesilebilen, hafif i\u00e7 mekan al\u00e7\u0131 plakas\u0131<\/p>\n<\/div>\n<\/div>\n<\/div>\n<\/div>\n<div class=\"fusion-clearfix\"><\/div>\n","protected":false},"featured_media":209,"comment_status":"closed","ping_status":"closed","template":"","meta":[],"product_brand":[],"product_cat":[17,37],"product_tag":[19,21,38],"class_list":{"0":"post-208","1":"product","2":"type-product","3":"status-publish","4":"has-post-thumbnail","6":"product_cat-abs-alci","7":"product_cat-alci-plaka","8":"product_tag-abs","9":"product_tag-alci","10":"product_tag-plaka","12":"first","13":"instock","14":"taxable","15":"shipping-taxable","16":"product-type-simple"},"_links":{"self":[{"href":"http:\/\/gonenyapi.com.tr\/index.php\/wp-json\/wp\/v2\/product\/208","targetHints":{"allow":["GET"]}}],"collection":[{"href":"http:\/\/gonenyapi.com.tr\/index.php\/wp-json\/wp\/v2\/product"}],"about":[{"href":"http:\/\/gonenyapi.com.tr\/index.php\/wp-json\/wp\/v2\/types\/product"}],"replies":[{"embeddable":true,"href":"http:\/\/gonenyapi.com.tr\/index.php\/wp-json\/wp\/v2\/comments?post=208"}],"wp:featuredmedia":[{"embeddable":true,"href":"http:\/\/gonenyapi.com.tr\/index.php\/wp-json\/wp\/v2\/media\/209"}],"wp:attachment":[{"href":"http:\/\/gonenyapi.com.tr\/index.php\/wp-json\/wp\/v2\/media?parent=208"}],"wp:term":[{"taxonomy":"product_brand","embeddable":true,"href":"http:\/\/gonenyapi.com.tr\/index.php\/wp-json\/wp\/v2\/product_brand?post=208"},{"taxonomy":"product_cat","embeddable":true,"href":"http:\/\/gonenyapi.com.tr\/index.php\/wp-json\/wp\/v2\/product_cat?post=208"},{"taxonomy":"product_tag","embeddable":true,"href":"http:\/\/gonenyapi.com.tr\/index.php\/wp-json\/wp\/v2\/product_tag?post=208"}],"curies":[{"name":"wp","href":"https:\/\/api.w.org\/{rel}","templated":true}]}}