{"id":204,"date":"2020-09-19T19:55:59","date_gmt":"2020-09-19T19:55:59","guid":{"rendered":"http:\/\/gonenyapi.com.tr\/?post_type=product&#038;p=204"},"modified":"2020-09-28T16:45:49","modified_gmt":"2020-09-28T13:45:49","slug":"flextreme-esnek-alci-plaka","status":"publish","type":"product","link":"http:\/\/gonenyapi.com.tr\/index.php\/urun\/flextreme-esnek-alci-plaka\/","title":{"rendered":"Flextreme Esnek Al\u00e7\u0131 Plaka"},"content":{"rendered":"<div class=\"fusion-fullwidth fullwidth-box nonhundred-percent-fullwidth non-hundred-percent-height-scrolling\">\n<div class=\"fusion-builder-row fusion-row \">\n<div class=\"fusion-layout-column fusion_builder_column fusion_builder_column_4_5 fusion-builder-column-2 fusion-four-fifth fusion-column-last 4_5\">\n<div class=\"fusion-column-wrapper\" data-bg-url=\"\">\n<p><span class=\"fusion-imageframe imageframe-none imageframe-1 hover-type-none\"><img decoding=\"async\" class=\"img-responsive wp-image-14770\" title=\"flextreme-web\" src=\"http:\/\/www.absalci.com.tr\/wp-content\/uploads\/2020\/05\/flextreme-web-1.jpg\" sizes=\"(max-width: 1000px) 100vw, 1000px\" srcset=\"https:\/\/www.absalci.com.tr\/wp-content\/uploads\/2020\/05\/flextreme-web-1-200x200.jpg 200w, https:\/\/www.absalci.com.tr\/wp-content\/uploads\/2020\/05\/flextreme-web-1-400x400.jpg 400w, https:\/\/www.absalci.com.tr\/wp-content\/uploads\/2020\/05\/flextreme-web-1-600x600.jpg 600w, https:\/\/www.absalci.com.tr\/wp-content\/uploads\/2020\/05\/flextreme-web-1-800x800.jpg 800w, https:\/\/www.absalci.com.tr\/wp-content\/uploads\/2020\/05\/flextreme-web-1.jpg 1000w\" alt=\"\" width=\"\" height=\"\" \/><\/span><\/p>\n<div class=\"fusion-clearfix\"><\/div>\n<\/div>\n<\/div>\n<\/div>\n<\/div>\n<div class=\"fusion-fullwidth fullwidth-box nonhundred-percent-fullwidth non-hundred-percent-height-scrolling\">\n<div class=\"fusion-builder-row fusion-row \">\n<div class=\"fusion-layout-column fusion_builder_column fusion_builder_column_1_5 fusion-builder-column-3 fusion-one-fifth fusion-column-first 1_5\">\n<div class=\"fusion-column-wrapper\" data-bg-url=\"\">\n<div class=\"fusion-clearfix\"><\/div>\n<\/div>\n<\/div>\n<div class=\"fusion-layout-column fusion_builder_column fusion_builder_column_4_5 fusion-builder-column-4 fusion-four-fifth fusion-column-last fusion-blend-mode 4_5\">\n<div class=\"fusion-column-wrapper\" data-bg-url=\"\">\n<div class=\"fusion-builder-row fusion-builder-row-inner fusion-row \">\n<div class=\"fusion-layout-column fusion_builder_column fusion_builder_column_1_1 fusion-one-full fusion-column-first fusion-column-last 1_1\">\n<div class=\"fusion-column-wrapper\" data-bg-url=\"\">\n<div class=\"fusion-text\">\n<h3 data-fontsize=\"24\" data-lineheight=\"33\">Y\u00fcksek esneklik \u00f6zelli\u011fi ile kuru ve \u0131slak olarak \u015fekillendirme yap\u0131labilen 5 kg\/m2 hafif i\u00e7 mekan al\u00e7\u0131 plaka<\/h3>\n<\/div>\n<\/div>\n<\/div>\n<\/div>\n<div class=\"fusion-clearfix\"><\/div>\n<\/div>\n<\/div>\n<\/div>\n<\/div>\n<div class=\"fusion-fullwidth fullwidth-box nonhundred-percent-fullwidth non-hundred-percent-height-scrolling\">\n<div class=\"fusion-builder-row fusion-row \">\n<div class=\"fusion-layout-column fusion_builder_column fusion_builder_column_1_5 fusion-builder-column-5 fusion-one-fifth fusion-column-first 1_5\">\n<div class=\"fusion-column-wrapper\" data-bg-url=\"\">\n<div class=\"fusion-clearfix\"><\/div>\n<\/div>\n<\/div>\n<div class=\"fusion-layout-column fusion_builder_column fusion_builder_column_4_5 fusion-builder-column-6 fusion-four-fifth fusion-column-last 4_5\">\n<div class=\"fusion-column-wrapper\" data-bg-url=\"\">\n<div class=\"fusion-content-boxes content-boxes columns row fusion-columns-1 fusion-columns-total-4 fusion-content-boxes-1 content-boxes-timeline-vertical content-left content-boxes-icon-with-title fusion-delayed-animation\" data-animation-delay=\"350\" data-animationoffset=\"100%\">\n<div class=\"fusion-column content-box-column content-box-column content-box-column-1 col-lg-12 col-md-12 col-sm-12 fusion-content-box-hover content-box-column-last-in-row fusion-appear\">\n<div class=\"col content-box-wrapper content-wrapper link-area-box icon-hover-animation-slide fusion-animated fadeIn\" data-animationtype=\"fadeIn\" data-animationduration=\"0.25\" data-animationoffset=\"100%\">\n<div class=\"heading heading-with-icon icon-left\">\n<div class=\"icon\"><\/div>\n<h3 class=\"content-box-heading\" data-inline-fontsize=\"true\" data-inline-lineheight=\"true\" data-fontsize=\"20\" data-lineheight=\"25\">HAF\u0130FL\u0130KTE YEN\u0130 B\u0130R BAKI\u015e A\u00c7ISI<\/h3>\n<\/div>\n<div class=\"fusion-clearfix\"><\/div>\n<div class=\"content-container\">Hafifli\u011fi sayesinde esneklik gerektiren mimari tasar\u0131mlarda kolay uygulama<\/div>\n<div class=\"content-box-shortcode-timeline-vertical\"><\/div>\n<\/div>\n<\/div>\n<div class=\"fusion-column content-box-column content-box-column content-box-column-2 col-lg-12 col-md-12 col-sm-12 fusion-content-box-hover content-box-column-last-in-row fusion-appear\">\n<div class=\"col content-box-wrapper content-wrapper link-area-box icon-hover-animation-slide fusion-animated fadeIn\" data-animationtype=\"fadeIn\" data-animationduration=\"0.25\" data-animationoffset=\"100%\">\n<div class=\"heading heading-with-icon icon-left\">\n<div class=\"icon\"><\/div>\n<h3 class=\"content-box-heading\" data-inline-fontsize=\"true\" data-inline-lineheight=\"true\" data-fontsize=\"20\" data-lineheight=\"25\">DAYANIKLILIKTA YEN\u0130 B\u0130R BAKI\u015e A\u00c7ISI<\/h3>\n<\/div>\n<div class=\"fusion-clearfix\"><\/div>\n<div class=\"content-container\">G\u00fc\u00e7lendirilmi\u015f pah kenarlar\u0131 ile \u00e7ok daha dayan\u0131kl\u0131<\/div>\n<div class=\"content-box-shortcode-timeline-vertical\"><\/div>\n<\/div>\n<\/div>\n<div class=\"fusion-column content-box-column content-box-column content-box-column-3 col-lg-12 col-md-12 col-sm-12 fusion-content-box-hover content-box-column-last-in-row fusion-appear\">\n<div class=\"col content-box-wrapper content-wrapper link-area-box icon-hover-animation-slide fusion-animated fadeIn\" data-animationtype=\"fadeIn\" data-animationduration=\"0.25\" data-animationoffset=\"100%\">\n<div class=\"heading heading-with-icon icon-left\">\n<div class=\"icon\"><\/div>\n<h3 class=\"content-box-heading\" data-inline-fontsize=\"true\" data-inline-lineheight=\"true\" data-fontsize=\"20\" data-lineheight=\"25\">ESNEKL\u0130KTE YEN\u0130 B\u0130R BAKI\u015e A\u00c7ISI<\/h3>\n<\/div>\n<div class=\"fusion-clearfix\"><\/div>\n<div class=\"content-container\">\n<p>Y\u00fcksek esneklik, d\u00fczg\u00fcn ve kolay kesim \u00f6zellikleriyle her tasar\u0131mda rahatl\u0131kla uygulanabilir<\/p>\n<\/div>\n<div class=\"content-box-shortcode-timeline-vertical\"><\/div>\n<\/div>\n<\/div>\n<div class=\"fusion-column content-box-column content-box-column content-box-column-4 col-lg-12 col-md-12 col-sm-12 fusion-content-box-hover content-box-column-last content-box-column-last-in-row fusion-appear\">\n<div class=\"col content-box-wrapper content-wrapper link-area-box icon-hover-animation-slide fusion-animated fadeIn\" data-animationtype=\"fadeIn\" data-animationduration=\"0.25\" data-animationoffset=\"100%\">\n<div class=\"heading heading-with-icon icon-left\">\n<div class=\"icon\"><\/div>\n<h3 class=\"content-box-heading\" data-inline-fontsize=\"true\" data-inline-lineheight=\"true\" data-fontsize=\"20\" data-lineheight=\"25\">\u00dcRET\u0130M TEKNOLOJ\u0130S\u0130NDE YEN\u0130 B\u0130R BAKI\u015e A\u00c7ISI<\/h3>\n<\/div>\n<div class=\"fusion-clearfix\"><\/div>\n<div class=\"content-container\">\n<p>Farkl\u0131 \u00fcretim teknolojisiyle elde edilen \u00f6zel jips-mix ile \u00fcretim<\/p>\n<\/div>\n<\/div>\n<\/div>\n<div class=\"fusion-clearfix\"><\/div>\n<\/div>\n<div class=\"fusion-clearfix\"><\/div>\n<\/div>\n<\/div>\n<\/div>\n<\/div>\n<div class=\"fusion-fullwidth fullwidth-box nonhundred-percent-fullwidth non-hundred-percent-height-scrolling\">\n<div class=\"fusion-builder-row fusion-row \">\n<div class=\"fusion-layout-column fusion_builder_column fusion_builder_column_1_5 fusion-builder-column-7 fusion-one-fifth fusion-column-first 1_5\">\n<div class=\"fusion-column-wrapper\" data-bg-url=\"\">\n<div class=\"fusion-clearfix\"><\/div>\n<\/div>\n<\/div>\n<div class=\"fusion-layout-column fusion_builder_column fusion_builder_column_4_5 fusion-builder-column-8 fusion-four-fifth fusion-column-last 4_5\">\n<div class=\"fusion-column-wrapper\" data-bg-url=\"\">\n<div class=\"fusion-title title fusion-title-1 sep-underline sep-solid fusion-title-size-two fusion-border-below-title\">\n<h2 class=\"title-heading-left\" data-fontsize=\"34\" data-lineheight=\"50\">Flextreme\u2019nin Avantajlar\u0131<\/h2>\n<\/div>\n<div class=\"fusion-text\">\n<p>Kuru veya \u0131slak olarak kullan\u0131mda y\u00fcksek esneklik \u00f6zelli\u011fine sahiptir<br \/>\nYap\u0131lara estetik mimari dokunu\u015flar daha kolay verilebilir<br \/>\nDaha h\u0131zl\u0131 ve kolay montaj ile zaman tasarrufu sa\u011flar<br \/>\nDaha d\u00fczg\u00fcn ve kolay kesilir<br \/>\nDaha hafif olmas\u0131na ra\u011fmen ayn\u0131 k\u0131r\u0131lma ve sarkma direncine sahiptir<br \/>\nBinalar\u0131n y\u00fcklerini hafifletmek i\u00e7in farkl\u0131 tip plaka kullanmaya gerek kalmaz<\/p>\n<\/div>\n<div class=\"fusion-title title fusion-title-2 sep-underline sep-solid fusion-title-size-two fusion-border-below-title\">\n<h2 class=\"title-heading-left\" data-fontsize=\"34\" data-lineheight=\"50\">Teknik \u00d6zellikler<\/h2>\n<\/div>\n<div class=\"table-1\">\n<table width=\"100%\">\n<thead>\n<tr>\n<td align=\"left\">Standart<\/td>\n<td align=\"left\">TS EN 520 + A1<\/td>\n<\/tr>\n<\/thead>\n<tbody>\n<tr>\n<td align=\"left\">Tipi<\/td>\n<td align=\"left\">TIP A<\/td>\n<\/tr>\n<tr>\n<td align=\"left\">Tan\u0131m\u0131<\/td>\n<td align=\"left\">Kuru ve \u0131slak olarak y\u00fcksek esneklik \u00f6zelli\u011fi ile \u015fekillendirme yap\u0131labilen al\u00e7\u0131 plaka.<\/td>\n<\/tr>\n<tr>\n<td align=\"left\">Kal\u0131nl\u0131k<\/td>\n<td align=\"left\">6,5 mm<\/td>\n<\/tr>\n<tr>\n<td align=\"left\">\u00d6l\u00e7\u00fcleri<\/td>\n<td align=\"left\">EN : 1200 mm, BOY : 3000 mm<\/td>\n<\/tr>\n<tr>\n<td align=\"left\">A\u011f\u0131rl\u0131k<\/td>\n<td align=\"left\">5.0 \u2013 5.3 Kg \/ m2<\/td>\n<\/tr>\n<tr>\n<td align=\"left\">A\u011f\u0131rl\u0131k<\/td>\n<td align=\"left\">5.0 \u2013 5.3 Kg \/ m2<\/td>\n<\/tr>\n<tr>\n<td align=\"left\">Yo\u011funluk<\/td>\n<td align=\"left\">769 Kg\/m3 815 Kg\/ m3<\/td>\n<\/tr>\n<tr>\n<td align=\"left\">A\u011f\u0131rl\u0131k<\/td>\n<td align=\"left\">5.0 \u2013 5.3 Kg \/ m2<\/td>\n<\/tr>\n<tr>\n<td align=\"left\">Geni\u015flik tolerans\u0131<\/td>\n<td align=\"left\">+0 \/ -4 mm<\/td>\n<\/tr>\n<tr>\n<td align=\"left\">Uzunluk tolerans\u0131<\/td>\n<td align=\"left\">+0\/ -0.5 mm<\/td>\n<\/tr>\n<tr>\n<td align=\"left\">Uzunluk tolerans\u0131<\/td>\n<td align=\"left\">+0\/ -0.5 mm<\/td>\n<\/tr>\n<tr>\n<td align=\"left\">Kal\u0131nl\u0131k tolerans\u0131<\/td>\n<td align=\"left\">+0.5 \/ -0.5 mm<\/td>\n<\/tr>\n<tr>\n<td align=\"left\">Is\u0131 iletkenlik \u03bb<\/td>\n<td align=\"left\">0.25 W\/(m\u2219K)<\/td>\n<\/tr>\n<tr>\n<td align=\"left\">Su buhar\u0131 ge\u00e7irgenli\u011fi (\u0131slak)<\/td>\n<td align=\"left\">4 \u03bc<\/td>\n<\/tr>\n<tr>\n<td align=\"left\">Su buhar\u0131 ge\u00e7irgenli\u011fi (kuru)<\/td>\n<td align=\"left\">10 \u03bc<\/td>\n<\/tr>\n<tr>\n<td align=\"left\">Kuru e\u011filme yar\u0131 \u00e7ap\u0131<\/td>\n<td align=\"left\">r \u2265 1000 mm<\/td>\n<\/tr>\n<tr>\n<td align=\"left\">Islak e\u011filme yar\u0131 \u00e7ap\u0131<\/td>\n<td align=\"left\">r \u2265 300 mm<\/td>\n<\/tr>\n<tr>\n<td align=\"left\">Islak e\u011filme yar\u0131 \u00e7ap\u0131<\/td>\n<td align=\"left\">r \u2265 300 mm<\/td>\n<\/tr>\n<tr>\n<td align=\"left\">K\u0131sa kenar\u0131n diklikten sapmas\u0131 (1 M plaka geni\u015fli\u011fi i\u00e7in)<\/td>\n<td align=\"left\">\u2264 2,5 mm<\/td>\n<\/tr>\n<tr>\n<td align=\"left\">E\u011filmede k\u0131r\u0131lma (ka\u011f\u0131t liflerine dik)<\/td>\n<td align=\"left\">&gt; 280 N<\/td>\n<\/tr>\n<tr>\n<td align=\"left\">E\u011filmede k\u0131r\u0131lma (ka\u011f\u0131t liflerine paralel)<\/td>\n<td align=\"left\">&gt; 109 N<\/td>\n<\/tr>\n<tr>\n<td align=\"left\">Yang\u0131na tepki<\/td>\n<td align=\"left\">A2-s1,d0<\/td>\n<\/tr>\n<\/tbody>\n<\/table>\n<\/div>\n<\/div>\n<\/div>\n<\/div>\n<\/div>\n","protected":false},"excerpt":{"rendered":"<div class=\"fusion-builder-row fusion-builder-row-inner fusion-row \">\n<div class=\"fusion-layout-column fusion_builder_column fusion_builder_column_1_1 fusion-one-full fusion-column-first fusion-column-last 1_1\">\n<div class=\"fusion-column-wrapper\" data-bg-url=\"\">\n<div class=\"fusion-text\">\n<h3 data-fontsize=\"24\" data-lineheight=\"33\">Y\u00fcksek esneklik \u00f6zelli\u011fi ile kuru ve \u0131slak olarak \u015fekillendirme yap\u0131labilen 5 kg\/m2 hafif i\u00e7 mekan al\u00e7\u0131 plaka<\/h3>\n<\/div>\n<\/div>\n<\/div>\n<\/div>\n","protected":false},"featured_media":205,"comment_status":"closed","ping_status":"closed","template":"","meta":[],"product_brand":[],"product_cat":[17,37],"product_tag":[19,21,38],"class_list":{"0":"post-204","1":"product","2":"type-product","3":"status-publish","4":"has-post-thumbnail","6":"product_cat-abs-alci","7":"product_cat-alci-plaka","8":"product_tag-abs","9":"product_tag-alci","10":"product_tag-plaka","12":"first","13":"instock","14":"taxable","15":"shipping-taxable","16":"product-type-simple"},"_links":{"self":[{"href":"http:\/\/gonenyapi.com.tr\/index.php\/wp-json\/wp\/v2\/product\/204","targetHints":{"allow":["GET"]}}],"collection":[{"href":"http:\/\/gonenyapi.com.tr\/index.php\/wp-json\/wp\/v2\/product"}],"about":[{"href":"http:\/\/gonenyapi.com.tr\/index.php\/wp-json\/wp\/v2\/types\/product"}],"replies":[{"embeddable":true,"href":"http:\/\/gonenyapi.com.tr\/index.php\/wp-json\/wp\/v2\/comments?post=204"}],"wp:featuredmedia":[{"embeddable":true,"href":"http:\/\/gonenyapi.com.tr\/index.php\/wp-json\/wp\/v2\/media\/205"}],"wp:attachment":[{"href":"http:\/\/gonenyapi.com.tr\/index.php\/wp-json\/wp\/v2\/media?parent=204"}],"wp:term":[{"taxonomy":"product_brand","embeddable":true,"href":"http:\/\/gonenyapi.com.tr\/index.php\/wp-json\/wp\/v2\/product_brand?post=204"},{"taxonomy":"product_cat","embeddable":true,"href":"http:\/\/gonenyapi.com.tr\/index.php\/wp-json\/wp\/v2\/product_cat?post=204"},{"taxonomy":"product_tag","embeddable":true,"href":"http:\/\/gonenyapi.com.tr\/index.php\/wp-json\/wp\/v2\/product_tag?post=204"}],"curies":[{"name":"wp","href":"https:\/\/api.w.org\/{rel}","templated":true}]}}