{"id":187,"date":"2020-09-19T18:12:48","date_gmt":"2020-09-19T18:12:48","guid":{"rendered":"http:\/\/gonenyapi.com.tr\/?post_type=product&#038;p=187"},"modified":"2020-09-19T19:12:34","modified_gmt":"2020-09-19T19:12:34","slug":"m95-makine-siva-alcisi","status":"publish","type":"product","link":"http:\/\/gonenyapi.com.tr\/index.php\/urun\/m95-makine-siva-alcisi\/","title":{"rendered":"M95 Makine S\u0131va Al\u00e7\u0131s\u0131"},"content":{"rendered":"<div class=\"fusion-builder-row fusion-builder-row-inner fusion-row \">\n<div class=\"fusion-layout-column fusion_builder_column fusion_builder_column_2_3 fusion-two-third fusion-column-last 2_3\">\n<div class=\"fusion-column-wrapper\" data-bg-url=\"\">\n<div class=\"fusion-text\">\n<p>\u0130\u00e7 duvar ve tavanlarda tek katta makina ile uygulanan, al\u00e7\u0131 esasl\u0131 y\u00fcksek kaliteli bir s\u0131va \u00fcr\u00fcn\u00fcd\u00fcr.<\/p>\n<ul>\n<li>Tu\u011fla, beton, gazbeton vb. s\u0131va gerektiren t\u00fcm duvar ve tavan y\u00fczeylerinde uygulanabilir<\/li>\n<li>S\u0131va uygulamalar\u0131n\u0131 h\u0131zland\u0131r\u0131r. Daha sert ve darbelere kar\u015f\u0131 daha dayankl\u0131 y\u00fczeyler verir<\/li>\n<li>Ayr\u0131ca, elle uygulanan s\u0131va al\u00e7\u0131s\u0131 \u00f6zelliklerinin t\u00fcm\u00fcn\u00fc b\u00fcnyesinde bulundurur<\/li>\n<li>35 kg\u2019l\u0131k lamine edilmi\u015f polipropilen torbalar i\u00e7indedir.<\/li>\n<li>TS EN 13279-1,2<\/li>\n<\/ul>\n<\/div>\n<\/div>\n<\/div>\n<div class=\"fusion-layout-column fusion_builder_column fusion_builder_column_1_1 fusion-one-full fusion-column-first fusion-column-last 1_1\">\n<div class=\"fusion-column-wrapper\" data-bg-url=\"\">\n<div class=\"fusion-tabs fusion-tabs-1 classic nav-not-justified horizontal-tabs icon-position-left\">\n<div class=\"nav\">\n<ul class=\"nav-tabs\">\n<li class=\"active\">\n<h4 class=\"fusion-tab-heading\" data-fontsize=\"15\" data-lineheight=\"25\">Detayl\u0131 Bilgi<\/h4>\n<\/li>\n<li>\n<h4 class=\"fusion-tab-heading\" data-fontsize=\"15\" data-lineheight=\"25\">D\u00f6k\u00fcmanlar<\/h4>\n<\/li>\n<\/ul>\n<\/div>\n<div class=\"tab-content\">\n<div id=\"tab-32df634ac7f10289444\" class=\"tab-pane fade fusion-clearfix in active\">\n<div class=\"table-1\">\n<table width=\"100%\">\n<tbody>\n<tr>\n<td align=\"left\" width=\"35%\">Kar\u0131\u015f\u0131m Suyu<\/td>\n<td align=\"left\" width=\"65%\">10 kg al\u00e7\u0131ya 5,4 \u2013 5,8 lt su<\/td>\n<\/tr>\n<tr>\n<td align=\"left\">Donma Sonu<\/td>\n<td align=\"left\">220 \u2013 250 dakika*<\/td>\n<\/tr>\n<tr>\n<td align=\"left\">Tek katta Uygulama Kal\u0131nl\u0131\u011f\u0131<\/td>\n<td align=\"left\">Yakla\u015f\u0131k 4 g\u00fcn<\/td>\n<\/tr>\n<tr>\n<td align=\"left\">Bas\u0131n\u00e7 Mukavemeti<\/td>\n<td align=\"left\">min. 2,5 N\/mm\u00b2<\/td>\n<\/tr>\n<tr>\n<td align=\"left\">E\u011filme Mukavemeti<\/td>\n<td align=\"left\">min. 1,0 N\/mm\u00b2<\/td>\n<\/tr>\n<tr>\n<td align=\"left\">Y\u00fczey Sertli\u011fi<\/td>\n<td align=\"left\">50 Shore D<\/td>\n<\/tr>\n<tr>\n<td align=\"left\">T\u00fcketim miktar\u0131 (1 cm kal\u0131nl\u0131kta)<\/td>\n<td align=\"left\">10,5 kg\/m\u00b2* Belirtilen donma zamanlar\u0131 uygulama ve mevsim ko\u015fullar\u0131na g\u00f6re +\/- %10 de\u011fi\u015fiklik g\u00f6sterebilir.<\/td>\n<\/tr>\n<\/tbody>\n<\/table>\n<\/div>\n<\/div>\n<\/div>\n<\/div>\n<\/div>\n<\/div>\n<\/div>\n","protected":false},"excerpt":{"rendered":"<p>\u0130\u00e7 duvar ve tavanlarda tek katta makina ile uygulanan, al\u00e7\u0131 esasl\u0131 y\u00fcksek kaliteli bir s\u0131va \u00fcr\u00fcn\u00fcd\u00fcr.<\/p>\n","protected":false},"featured_media":188,"comment_status":"closed","ping_status":"closed","template":"","meta":[],"product_brand":[],"product_cat":[17,18],"product_tag":[19,21,29,20],"class_list":{"0":"post-187","1":"product","2":"type-product","3":"status-publish","4":"has-post-thumbnail","6":"product_cat-abs-alci","7":"product_cat-toz-alci","8":"product_tag-abs","9":"product_tag-alci","10":"product_tag-m95","11":"product_tag-toz","13":"first","14":"instock","15":"taxable","16":"shipping-taxable","17":"product-type-simple"},"_links":{"self":[{"href":"http:\/\/gonenyapi.com.tr\/index.php\/wp-json\/wp\/v2\/product\/187","targetHints":{"allow":["GET"]}}],"collection":[{"href":"http:\/\/gonenyapi.com.tr\/index.php\/wp-json\/wp\/v2\/product"}],"about":[{"href":"http:\/\/gonenyapi.com.tr\/index.php\/wp-json\/wp\/v2\/types\/product"}],"replies":[{"embeddable":true,"href":"http:\/\/gonenyapi.com.tr\/index.php\/wp-json\/wp\/v2\/comments?post=187"}],"wp:featuredmedia":[{"embeddable":true,"href":"http:\/\/gonenyapi.com.tr\/index.php\/wp-json\/wp\/v2\/media\/188"}],"wp:attachment":[{"href":"http:\/\/gonenyapi.com.tr\/index.php\/wp-json\/wp\/v2\/media?parent=187"}],"wp:term":[{"taxonomy":"product_brand","embeddable":true,"href":"http:\/\/gonenyapi.com.tr\/index.php\/wp-json\/wp\/v2\/product_brand?post=187"},{"taxonomy":"product_cat","embeddable":true,"href":"http:\/\/gonenyapi.com.tr\/index.php\/wp-json\/wp\/v2\/product_cat?post=187"},{"taxonomy":"product_tag","embeddable":true,"href":"http:\/\/gonenyapi.com.tr\/index.php\/wp-json\/wp\/v2\/product_tag?post=187"}],"curies":[{"name":"wp","href":"https:\/\/api.w.org\/{rel}","templated":true}]}}