{"id":1205,"date":"2020-10-07T23:44:28","date_gmt":"2020-10-07T20:44:28","guid":{"rendered":"http:\/\/gonenyapi.com.tr\/?post_type=product&#038;p=1205"},"modified":"2020-10-07T23:44:28","modified_gmt":"2020-10-07T20:44:28","slug":"osb-sumas","status":"publish","type":"product","link":"http:\/\/gonenyapi.com.tr\/index.php\/urun\/osb-sumas\/","title":{"rendered":"OSB Suma\u015f"},"content":{"rendered":"<table width=\"400\" cellspacing=\"0\" cellpadding=\"0\" border=\"1\" align=\"center\">\n<tbody>\n<tr>\n<td width=\"110\" bgcolor=\"#000066\"><center class=\"style5\"><span class=\"style1\">NED\u0130R ? : <\/span><\/center><\/td>\n<td class=\"style4\" width=\"284\">\n<ul>\n<li>OSB; Y\u00fcksek Mukavemetli Neme Dayan\u0131kl\u0131 Levhad\u0131r.<\/li>\n<li>\u0130stenildi\u011fi takdirde ate\u015fe dayan\u0131kl\u0131 OSB de \u00fcretilir.<\/li>\n<\/ul>\n<\/td>\n<\/tr>\n<\/tbody>\n<\/table>\n<p>&nbsp;<\/p>\n<table width=\"400\" cellspacing=\"0\" cellpadding=\"0\" border=\"1\" align=\"center\">\n<tbody>\n<tr>\n<td width=\"110\" bgcolor=\"#000066\"><center class=\"style5\"><span class=\"style1\">Kullan\u0131ld\u0131\u011f\u0131<br \/>\nAlanlar : <\/span><\/center><\/td>\n<td class=\"style4\" width=\"284\">\n<ul>\n<li>\u00c7at\u0131 kaplamalar\u0131, shingle alt\u0131 levhas\u0131, yer d\u00f6\u015femesi, kombine ve tek uygulamalarda;<\/li>\n<li>Ara\u00e7 karoseri imalat\u0131nda, her t\u00fcrl\u00fc i\u00e7 dekorasyon i\u015finde ve ambalaj sanayinde;<\/li>\n<li>Ma\u011faza, d\u00fckkan yap\u0131m\u0131 ve dekorasyonunda, Baraka ve prefabrik yap\u0131lar\u0131n i\u00e7 b\u00f6l\u00fcmlerinde;<\/li>\n<li>Depo, sahne, spor salonu, okul gibi mekanlarda. S\u0131ra, masa yap\u0131m\u0131 gibi marangozluk uygulamalar\u0131nda;<\/li>\n<li>Neme dayan\u0131kl\u0131, d\u00fcz ve izoleli sat\u0131hlar\u0131n yap\u0131m\u0131nda;<\/li>\n<li>Ta\u015f\u0131y\u0131c\u0131 zeminler, duvar ve ara b\u00f6lme yap\u0131lar\u0131nda;<\/li>\n<li>Duvar kaplamalar\u0131nda, Siding alt\u0131nda &#8230;<\/li>\n<\/ul>\n<p>&nbsp;<\/td>\n<\/tr>\n<\/tbody>\n<\/table>\n<p>&nbsp;<\/p>\n<table width=\"400\" cellspacing=\"0\" cellpadding=\"0\" border=\"1\" align=\"center\">\n<tbody>\n<tr>\n<td width=\"110\" valign=\"middle\" bgcolor=\"#E67819\" align=\"center\"><center class=\"style5\"><span class=\"style2\">\u00dcST\u00dcN<br \/>\n\u00d6ZELL\u0130KLER\u0130 : <\/span><\/center><\/td>\n<td class=\"style4\" width=\"284\">\n<ul>\n<li>Suda \u015fi\u015fme y\u00fczdesi ve e\u011filme direnci test edilmi\u015f ve sonu\u00e7lar\u0131 TS EN 300 Y\u00f6nlendirilmi\u015f Lif Levhalar standartlar\u0131na uygun olarak \u00fcretilmi\u015ftir. Ayr\u0131ca FIRETEX yanma \u00f6nleyici madde katk\u0131s\u0131 ile \u00fcretilen OSB-F adl\u0131 \u00fcr\u00fcn\u00fcn yanmaya kar\u015f\u0131 daha diren\u00e7li oldu\u011fu saptanm\u0131\u015ft\u0131r.<\/li>\n<\/ul>\n<\/td>\n<\/tr>\n<\/tbody>\n<\/table>\n<p>&nbsp;<\/p>\n<table width=\"400\" cellspacing=\"0\" cellpadding=\"0\" border=\"1\" align=\"center\">\n<tbody>\n<tr>\n<td width=\"110\" bgcolor=\"#E67819\"><center class=\"style5\"><span class=\"style2\">\u00d6l\u00e7\u00fcleri : <\/span><\/center><\/td>\n<td class=\"style4\" width=\"284\">\n&nbsp;&nbsp;&nbsp;Standart olarak OSB levhalar\u0131,<br \/>\n&nbsp;&nbsp; &nbsp;&nbsp;183 x 244 ve 183 x 122 ebatlar\u0131nda ve<br \/>\n&nbsp;&nbsp;&nbsp;&nbsp;&nbsp;9, 11, 15, 18, 22 mm. kal\u0131nl\u0131klar\u0131 ile<br \/>\n&nbsp;&nbsp;&nbsp;&nbsp;&nbsp;11 mm. kal\u0131nl\u0131kta 122 x 244 ve 61 x 244 cm<br \/>\n&nbsp;&nbsp;&nbsp;&nbsp; ebatlar\u0131nda da \u00fcretilmektedir.<\/p>\n<p>&nbsp;&nbsp;&nbsp;M\u00fc\u015fterilerimizin istekleri do\u011frultusunda<br \/>\n&nbsp;&nbsp; farkl\u0131&nbsp;ebatlarda da \u00fcretim yapma imkan\u0131m\u0131z<br \/>\n&nbsp;&nbsp; bulunmaktad\u0131r.<\/td>\n<\/tr>\n<\/tbody>\n<\/table>\n","protected":false},"excerpt":{"rendered":"<ul>\n<li>OSB; Y\u00fcksek Mukavemetli Neme Dayan\u0131kl\u0131 Levhad\u0131r.<\/li>\n<\/ul>\n","protected":false},"featured_media":1206,"comment_status":"closed","ping_status":"closed","template":"","meta":[],"product_brand":[],"product_cat":[199],"product_tag":[],"class_list":{"0":"post-1205","1":"product","2":"type-product","3":"status-publish","4":"has-post-thumbnail","6":"product_cat-osb-sumas","8":"first","9":"instock","10":"taxable","11":"shipping-taxable","12":"product-type-simple"},"_links":{"self":[{"href":"http:\/\/gonenyapi.com.tr\/index.php\/wp-json\/wp\/v2\/product\/1205","targetHints":{"allow":["GET"]}}],"collection":[{"href":"http:\/\/gonenyapi.com.tr\/index.php\/wp-json\/wp\/v2\/product"}],"about":[{"href":"http:\/\/gonenyapi.com.tr\/index.php\/wp-json\/wp\/v2\/types\/product"}],"replies":[{"embeddable":true,"href":"http:\/\/gonenyapi.com.tr\/index.php\/wp-json\/wp\/v2\/comments?post=1205"}],"wp:featuredmedia":[{"embeddable":true,"href":"http:\/\/gonenyapi.com.tr\/index.php\/wp-json\/wp\/v2\/media\/1206"}],"wp:attachment":[{"href":"http:\/\/gonenyapi.com.tr\/index.php\/wp-json\/wp\/v2\/media?parent=1205"}],"wp:term":[{"taxonomy":"product_brand","embeddable":true,"href":"http:\/\/gonenyapi.com.tr\/index.php\/wp-json\/wp\/v2\/product_brand?post=1205"},{"taxonomy":"product_cat","embeddable":true,"href":"http:\/\/gonenyapi.com.tr\/index.php\/wp-json\/wp\/v2\/product_cat?post=1205"},{"taxonomy":"product_tag","embeddable":true,"href":"http:\/\/gonenyapi.com.tr\/index.php\/wp-json\/wp\/v2\/product_tag?post=1205"}],"curies":[{"name":"wp","href":"https:\/\/api.w.org\/{rel}","templated":true}]}}