{"id":1203,"date":"2020-10-07T23:40:45","date_gmt":"2020-10-07T20:40:45","guid":{"rendered":"http:\/\/gonenyapi.com.tr\/?post_type=product&#038;p=1203"},"modified":"2020-10-07T23:40:45","modified_gmt":"2020-10-07T20:40:45","slug":"mahya-sonlama","status":"publish","type":"product","link":"http:\/\/gonenyapi.com.tr\/index.php\/urun\/mahya-sonlama\/","title":{"rendered":"Mahya Sonlama"},"content":{"rendered":"<ul class=\"teknik\">\n<li>Boyut: 205&#215;410 mm<\/li>\n<li>A\u011f\u0131rl\u0131k: 205&#215;410 mm<\/li>\n<\/ul>\n","protected":false},"excerpt":{"rendered":"<p>Mahya Sonlama<\/p>\n","protected":false},"featured_media":1204,"comment_status":"closed","ping_status":"closed","template":"","meta":[],"product_brand":[],"product_cat":[198],"product_tag":[],"class_list":{"0":"post-1203","1":"product","2":"type-product","3":"status-publish","4":"has-post-thumbnail","6":"product_cat-akgun-kiremit","8":"first","9":"instock","10":"taxable","11":"shipping-taxable","12":"product-type-simple"},"_links":{"self":[{"href":"http:\/\/gonenyapi.com.tr\/index.php\/wp-json\/wp\/v2\/product\/1203","targetHints":{"allow":["GET"]}}],"collection":[{"href":"http:\/\/gonenyapi.com.tr\/index.php\/wp-json\/wp\/v2\/product"}],"about":[{"href":"http:\/\/gonenyapi.com.tr\/index.php\/wp-json\/wp\/v2\/types\/product"}],"replies":[{"embeddable":true,"href":"http:\/\/gonenyapi.com.tr\/index.php\/wp-json\/wp\/v2\/comments?post=1203"}],"wp:featuredmedia":[{"embeddable":true,"href":"http:\/\/gonenyapi.com.tr\/index.php\/wp-json\/wp\/v2\/media\/1204"}],"wp:attachment":[{"href":"http:\/\/gonenyapi.com.tr\/index.php\/wp-json\/wp\/v2\/media?parent=1203"}],"wp:term":[{"taxonomy":"product_brand","embeddable":true,"href":"http:\/\/gonenyapi.com.tr\/index.php\/wp-json\/wp\/v2\/product_brand?post=1203"},{"taxonomy":"product_cat","embeddable":true,"href":"http:\/\/gonenyapi.com.tr\/index.php\/wp-json\/wp\/v2\/product_cat?post=1203"},{"taxonomy":"product_tag","embeddable":true,"href":"http:\/\/gonenyapi.com.tr\/index.php\/wp-json\/wp\/v2\/product_tag?post=1203"}],"curies":[{"name":"wp","href":"https:\/\/api.w.org\/{rel}","templated":true}]}}