{"id":1201,"date":"2020-10-07T23:39:27","date_gmt":"2020-10-07T20:39:27","guid":{"rendered":"http:\/\/gonenyapi.com.tr\/?post_type=product&#038;p=1201"},"modified":"2020-10-07T23:39:27","modified_gmt":"2020-10-07T20:39:27","slug":"mahya","status":"publish","type":"product","link":"http:\/\/gonenyapi.com.tr\/index.php\/urun\/mahya\/","title":{"rendered":"Mahya"},"content":{"rendered":"<ul class=\"teknik\">\n<li>Boyut: 205&#215;410 mm<\/li>\n<li>A\u011f\u0131rl\u0131k: 205&#215;410 mm<\/li>\n<li>Kaplama: 205&#215;410 mm<\/li>\n<\/ul>\n<ul class=\"urunic\">\n<li><a href=\"http:\/\/www.akgunkiremit.com\/\/img\/urun\/b\/Mahya.jpg\" rel=\"prettyPhoto\"> <img decoding=\"async\" class=\"uresim\" src=\"http:\/\/www.akgunkiremit.com\/\/img\/urun\/Mahya.jpg\"><\/a><\/li>\n<li>\u00c7at\u0131larda kaplama kiremitlerin kesi\u015fme hatt\u0131na d\u00f6\u015fenir ve her iki kesiti de birbirine kenetlemek i\u00e7in kullan\u0131l\u0131r. Kesi\u015fme noktalar\u0131 \u00e7at\u0131larda en \u00e7ok dikkat \u00e7eken b\u00f6l\u00fcm oldu\u011fundan mahya renginin kiremit rengi ile farkl\u0131l\u0131k g\u00f6stermemesi i\u00e7in Akg\u00fcn Mahya Yap\u0131\u015ft\u0131r\u0131c\u0131s\u0131 ile uygulama yap\u0131lmal\u0131d\u0131r. Akg\u00fcn Kiremit\u2019in Eski\u015fehir\u2019deki kendi hammadde sahalar\u0131ndan elde etti\u011fi kiremit topra\u011f\u0131n\u0131n y\u00fcksek kalitesi ve TSE-EN 1304 standartlar\u0131nda \u00fcretilen mahya tipi kiremitler, kendine \u00f6zg\u00fc rengiyle de kiremitlerin ideal birle\u015ftirme malzemesidir.<\/li>\n<\/ul>\n","protected":false},"excerpt":{"rendered":"<p>\u00c7at\u0131larda kaplama kiremitlerin kesi\u015fme hatt\u0131na d\u00f6\u015fenir ve her iki kesiti de birbirine kenetlemek i\u00e7in kullan\u0131l\u0131r.<\/p>\n","protected":false},"featured_media":1202,"comment_status":"closed","ping_status":"closed","template":"","meta":[],"product_brand":[],"product_cat":[198],"product_tag":[],"class_list":{"0":"post-1201","1":"product","2":"type-product","3":"status-publish","4":"has-post-thumbnail","6":"product_cat-akgun-kiremit","8":"first","9":"instock","10":"taxable","11":"shipping-taxable","12":"product-type-simple"},"_links":{"self":[{"href":"http:\/\/gonenyapi.com.tr\/index.php\/wp-json\/wp\/v2\/product\/1201","targetHints":{"allow":["GET"]}}],"collection":[{"href":"http:\/\/gonenyapi.com.tr\/index.php\/wp-json\/wp\/v2\/product"}],"about":[{"href":"http:\/\/gonenyapi.com.tr\/index.php\/wp-json\/wp\/v2\/types\/product"}],"replies":[{"embeddable":true,"href":"http:\/\/gonenyapi.com.tr\/index.php\/wp-json\/wp\/v2\/comments?post=1201"}],"wp:featuredmedia":[{"embeddable":true,"href":"http:\/\/gonenyapi.com.tr\/index.php\/wp-json\/wp\/v2\/media\/1202"}],"wp:attachment":[{"href":"http:\/\/gonenyapi.com.tr\/index.php\/wp-json\/wp\/v2\/media?parent=1201"}],"wp:term":[{"taxonomy":"product_brand","embeddable":true,"href":"http:\/\/gonenyapi.com.tr\/index.php\/wp-json\/wp\/v2\/product_brand?post=1201"},{"taxonomy":"product_cat","embeddable":true,"href":"http:\/\/gonenyapi.com.tr\/index.php\/wp-json\/wp\/v2\/product_cat?post=1201"},{"taxonomy":"product_tag","embeddable":true,"href":"http:\/\/gonenyapi.com.tr\/index.php\/wp-json\/wp\/v2\/product_tag?post=1201"}],"curies":[{"name":"wp","href":"https:\/\/api.w.org\/{rel}","templated":true}]}}