{"id":1199,"date":"2020-10-07T23:37:42","date_gmt":"2020-10-07T20:37:42","guid":{"rendered":"http:\/\/gonenyapi.com.tr\/?post_type=product&#038;p=1199"},"modified":"2020-10-07T23:37:42","modified_gmt":"2020-10-07T20:37:42","slug":"duralux","status":"publish","type":"product","link":"http:\/\/gonenyapi.com.tr\/index.php\/urun\/duralux\/","title":{"rendered":"Duralux"},"content":{"rendered":"<ul class=\"teknik\">\n<li>Boyut: 245&#215;405 mm<\/li>\n<li>A\u011f\u0131rl\u0131k: 245&#215;405 mm<\/li>\n<li>Kaplama: 245&#215;405 mm<\/li>\n<\/ul>\n<ul class=\"urunic\">\n<li><a href=\"http:\/\/www.akgunkiremit.com\/\/img\/urun\/b\/Duralux.jpg\" rel=\"prettyPhoto\"> <img decoding=\"async\" class=\"uresim\" src=\"http:\/\/www.akgunkiremit.com\/\/img\/urun\/Duralux.jpg\"><\/a><\/li>\n<li>Duralux tipi kiremitler Akg\u00fcn Kiremit fabrikas\u0131 taraf\u0131ndan tasarlanm\u0131\u015f \u00f6zel kiremitlerdir. Akg\u00fcn Kiremit\u2019in Duralux tipi kiremiti di\u011fer kiremitlerden ay\u0131ran temel fark hammaddesinin yani topra\u011f\u0131n\u0131n Eski\u015fehir\u2019den elde ediliyor olmas\u0131. Sahip oldu\u011fu \u00f6zelliklere bir nesil boyu binalarda d\u0131\u015f etkenlere kar\u015f\u0131 \u00e7at\u0131lar\u0131n ilk koruyucusu ve vazge\u00e7ilmez kaplama malzemesidir. TSE-EN 1304 standartlar\u0131nda \u00fcretilen Duralux tipi kiremitler, kendine \u00f6zg\u00fc rengiyle de \u00e7at\u0131lar\u0131n ideal kaplama malzemesidir.<\/li>\n<\/ul>\n","protected":false},"excerpt":{"rendered":"<p>Duralux tipi kiremitler Akg\u00fcn Kiremit fabrikas\u0131 taraf\u0131ndan tasarlanm\u0131\u015f \u00f6zel kiremitlerdir.<\/p>\n","protected":false},"featured_media":1200,"comment_status":"closed","ping_status":"closed","template":"","meta":[],"product_brand":[],"product_cat":[198],"product_tag":[],"class_list":{"0":"post-1199","1":"product","2":"type-product","3":"status-publish","4":"has-post-thumbnail","6":"product_cat-akgun-kiremit","8":"first","9":"instock","10":"taxable","11":"shipping-taxable","12":"product-type-simple"},"_links":{"self":[{"href":"http:\/\/gonenyapi.com.tr\/index.php\/wp-json\/wp\/v2\/product\/1199","targetHints":{"allow":["GET"]}}],"collection":[{"href":"http:\/\/gonenyapi.com.tr\/index.php\/wp-json\/wp\/v2\/product"}],"about":[{"href":"http:\/\/gonenyapi.com.tr\/index.php\/wp-json\/wp\/v2\/types\/product"}],"replies":[{"embeddable":true,"href":"http:\/\/gonenyapi.com.tr\/index.php\/wp-json\/wp\/v2\/comments?post=1199"}],"wp:featuredmedia":[{"embeddable":true,"href":"http:\/\/gonenyapi.com.tr\/index.php\/wp-json\/wp\/v2\/media\/1200"}],"wp:attachment":[{"href":"http:\/\/gonenyapi.com.tr\/index.php\/wp-json\/wp\/v2\/media?parent=1199"}],"wp:term":[{"taxonomy":"product_brand","embeddable":true,"href":"http:\/\/gonenyapi.com.tr\/index.php\/wp-json\/wp\/v2\/product_brand?post=1199"},{"taxonomy":"product_cat","embeddable":true,"href":"http:\/\/gonenyapi.com.tr\/index.php\/wp-json\/wp\/v2\/product_cat?post=1199"},{"taxonomy":"product_tag","embeddable":true,"href":"http:\/\/gonenyapi.com.tr\/index.php\/wp-json\/wp\/v2\/product_tag?post=1199"}],"curies":[{"name":"wp","href":"https:\/\/api.w.org\/{rel}","templated":true}]}}