{"id":1197,"date":"2020-10-07T23:36:42","date_gmt":"2020-10-07T20:36:42","guid":{"rendered":"http:\/\/gonenyapi.com.tr\/?post_type=product&#038;p=1197"},"modified":"2020-10-07T23:36:42","modified_gmt":"2020-10-07T20:36:42","slug":"duraantik-alaturka-tip","status":"publish","type":"product","link":"http:\/\/gonenyapi.com.tr\/index.php\/urun\/duraantik-alaturka-tip\/","title":{"rendered":"Duraantik\/ Alaturka Tip"},"content":{"rendered":"<ul class=\"teknik\">\n<li>Boyut: 130x165x420 mm<\/li>\n<li>A\u011f\u0131rl\u0131k: 130x165x420 mm<\/li>\n<li>Kaplama: 130x165x420 mm<\/li>\n<\/ul>\n<ul class=\"urunic\">\n<li><a href=\"http:\/\/www.akgunkiremit.com\/\/img\/urun\/b\/Duraantik.jpg\" rel=\"prettyPhoto\"> <img decoding=\"async\" class=\"uresim\" src=\"http:\/\/www.akgunkiremit.com\/\/img\/urun\/Duraantik.jpg\"><\/a><\/li>\n<li>\u00c7at\u0131larda eski mimari anlay\u0131\u015f\u0131 birebir yans\u0131tan Duraantik tip kiremitimiz Osmanl\u0131 kiremit olarak da sekt\u00f6rde bilinmekte dir. Su tahliye \u00f6zelli\u011fi \u00e7ok y\u00fcksektir.Do\u011fayla e\u015fsiz bir uyum i\u00e7ersinde olmas\u0131 nedeniyle daha \u00e7ok do\u011fa ile uyumlu villa ve konutlarda, tarihi yap\u0131larda,k\u00f6\u015fk, konak, yal\u0131 gibi katma de\u011feri y\u00fcksek yap\u0131larda tercih edilmektedir. Akg\u00fcn kiremit\u2019in Eski\u015fehir\u2019 deki hammadde sahalar\u0131ndan elde etti\u011fi kiremit topra\u011f\u0131n\u0131n y\u00fcksek kalitesi ve TSE-EN 1304 standartlar\u0131nda \u00fcretilen Duraantik tipi kiremitler, kendine \u00f6zg\u00fc rengiyle de \u00e7at\u0131lar\u0131n ideal kaplama malzemesidir.<\/li>\n<\/ul>\n","protected":false},"excerpt":{"rendered":"<p>\u00c7at\u0131larda eski mimari anlay\u0131\u015f\u0131 birebir yans\u0131tan Duraantik tip kiremitimiz Osmanl\u0131 kiremit olarak da sekt\u00f6rde bilinmekte dir.<\/p>\n","protected":false},"featured_media":1198,"comment_status":"closed","ping_status":"closed","template":"","meta":[],"product_brand":[],"product_cat":[198],"product_tag":[],"class_list":{"0":"post-1197","1":"product","2":"type-product","3":"status-publish","4":"has-post-thumbnail","6":"product_cat-akgun-kiremit","8":"first","9":"instock","10":"taxable","11":"shipping-taxable","12":"product-type-simple"},"_links":{"self":[{"href":"http:\/\/gonenyapi.com.tr\/index.php\/wp-json\/wp\/v2\/product\/1197","targetHints":{"allow":["GET"]}}],"collection":[{"href":"http:\/\/gonenyapi.com.tr\/index.php\/wp-json\/wp\/v2\/product"}],"about":[{"href":"http:\/\/gonenyapi.com.tr\/index.php\/wp-json\/wp\/v2\/types\/product"}],"replies":[{"embeddable":true,"href":"http:\/\/gonenyapi.com.tr\/index.php\/wp-json\/wp\/v2\/comments?post=1197"}],"wp:featuredmedia":[{"embeddable":true,"href":"http:\/\/gonenyapi.com.tr\/index.php\/wp-json\/wp\/v2\/media\/1198"}],"wp:attachment":[{"href":"http:\/\/gonenyapi.com.tr\/index.php\/wp-json\/wp\/v2\/media?parent=1197"}],"wp:term":[{"taxonomy":"product_brand","embeddable":true,"href":"http:\/\/gonenyapi.com.tr\/index.php\/wp-json\/wp\/v2\/product_brand?post=1197"},{"taxonomy":"product_cat","embeddable":true,"href":"http:\/\/gonenyapi.com.tr\/index.php\/wp-json\/wp\/v2\/product_cat?post=1197"},{"taxonomy":"product_tag","embeddable":true,"href":"http:\/\/gonenyapi.com.tr\/index.php\/wp-json\/wp\/v2\/product_tag?post=1197"}],"curies":[{"name":"wp","href":"https:\/\/api.w.org\/{rel}","templated":true}]}}