{"id":1194,"date":"2020-10-07T23:35:10","date_gmt":"2020-10-07T20:35:10","guid":{"rendered":"http:\/\/gonenyapi.com.tr\/?post_type=product&#038;p=1194"},"modified":"2020-10-07T23:35:10","modified_gmt":"2020-10-07T20:35:10","slug":"duravilla-granada-tip","status":"publish","type":"product","link":"http:\/\/gonenyapi.com.tr\/index.php\/urun\/duravilla-granada-tip\/","title":{"rendered":"Duravilla\/ Granada Tip"},"content":{"rendered":"<ul class=\"teknik\">\n<li>Boyut: 245&#215;405 mm<\/li>\n<li>A\u011f\u0131rl\u0131k: 245&#215;405 mm<\/li>\n<li>Kaplama: 245&#215;405 mm<\/li>\n<\/ul>\n<ul class=\"urunic\">\n<li><a href=\"http:\/\/www.akgunkiremit.com\/\/img\/urun\/b\/Duravilla.jpg\" rel=\"prettyPhoto\"> <img decoding=\"async\" class=\"uresim\" src=\"http:\/\/www.akgunkiremit.com\/\/img\/urun\/Duravilla.jpg\"><\/a><\/li>\n<li>Yar\u0131dan itibaren geni\u015f bir kavise sahip Duravilla tipi kiremitlerimiz, \u00e7at\u0131larda deniz dalgas\u0131 g\u00f6r\u00fcn\u00fcm\u00fc verir. Bu g\u00f6r\u00fcn\u00fcm\u00fc ile \u00e7at\u0131larda benzersiz bir estetik sa\u011flar. Uzun y\u0131llar \u00e7at\u0131larda denizin co\u015fkusunu verir. Akg\u00fcn kiremit\u2019in Eski\u015fehir\u2019 deki hammadde sahalar\u0131ndan elde etti\u011fi kiremit topra\u011f\u0131n\u0131n y\u00fcksek kalitesi ve TSE-EN 1304 standartlar\u0131nda \u00fcretilen Duravilla tipi kiremitler, kendine \u00f6zg\u00fc rengiyle de \u00e7at\u0131lar\u0131n ideal kaplama malzemesidir.<\/li>\n<\/ul>\n","protected":false},"excerpt":{"rendered":"<p>Yar\u0131dan itibaren geni\u015f bir kavise sahip Duravilla tipi kiremitlerimiz, \u00e7at\u0131larda deniz dalgas\u0131 g\u00f6r\u00fcn\u00fcm\u00fc verir.<\/p>\n","protected":false},"featured_media":1196,"comment_status":"closed","ping_status":"closed","template":"","meta":[],"product_brand":[],"product_cat":[198],"product_tag":[],"class_list":{"0":"post-1194","1":"product","2":"type-product","3":"status-publish","4":"has-post-thumbnail","6":"product_cat-akgun-kiremit","8":"first","9":"instock","10":"taxable","11":"shipping-taxable","12":"product-type-simple"},"_links":{"self":[{"href":"http:\/\/gonenyapi.com.tr\/index.php\/wp-json\/wp\/v2\/product\/1194","targetHints":{"allow":["GET"]}}],"collection":[{"href":"http:\/\/gonenyapi.com.tr\/index.php\/wp-json\/wp\/v2\/product"}],"about":[{"href":"http:\/\/gonenyapi.com.tr\/index.php\/wp-json\/wp\/v2\/types\/product"}],"replies":[{"embeddable":true,"href":"http:\/\/gonenyapi.com.tr\/index.php\/wp-json\/wp\/v2\/comments?post=1194"}],"wp:featuredmedia":[{"embeddable":true,"href":"http:\/\/gonenyapi.com.tr\/index.php\/wp-json\/wp\/v2\/media\/1196"}],"wp:attachment":[{"href":"http:\/\/gonenyapi.com.tr\/index.php\/wp-json\/wp\/v2\/media?parent=1194"}],"wp:term":[{"taxonomy":"product_brand","embeddable":true,"href":"http:\/\/gonenyapi.com.tr\/index.php\/wp-json\/wp\/v2\/product_brand?post=1194"},{"taxonomy":"product_cat","embeddable":true,"href":"http:\/\/gonenyapi.com.tr\/index.php\/wp-json\/wp\/v2\/product_cat?post=1194"},{"taxonomy":"product_tag","embeddable":true,"href":"http:\/\/gonenyapi.com.tr\/index.php\/wp-json\/wp\/v2\/product_tag?post=1194"}],"curies":[{"name":"wp","href":"https:\/\/api.w.org\/{rel}","templated":true}]}}