{"id":1191,"date":"2020-10-07T23:25:38","date_gmt":"2020-10-07T20:25:38","guid":{"rendered":"http:\/\/gonenyapi.com.tr\/?post_type=product&#038;p=1191"},"modified":"2020-10-07T23:25:38","modified_gmt":"2020-10-07T20:25:38","slug":"marsilya-tek-su-kanali","status":"publish","type":"product","link":"http:\/\/gonenyapi.com.tr\/index.php\/urun\/marsilya-tek-su-kanali\/","title":{"rendered":"Marsilya\/ Tek Su Kanal\u0131"},"content":{"rendered":"<ul class=\"teknik\">\n<li>Boyut: 230&#215;410 mm<\/li>\n<li>A\u011f\u0131rl\u0131k: 230&#215;410 mm<\/li>\n<li>Kaplama: 230&#215;410 mm<\/li>\n<\/ul>\n<ul class=\"urunic\">\n<li><a href=\"http:\/\/www.akgunkiremit.com\/\/img\/urun\/b\/Marsilya.jpg\" rel=\"prettyPhoto\"> <img decoding=\"async\" class=\"uresim\" src=\"http:\/\/www.akgunkiremit.com\/\/img\/urun\/Marsilya.jpg\"><\/a><\/li>\n<li>Marsilya tipi kiremitler en \u00e7ok tercih edilen kiremit tipidir.Akg\u00fcn Kiremit\u2019in Marsilya tipi di\u011fer kiremitlerden farkl\u0131 olarak T\u00fcrkiye\u2019nin kiremit hammaddesinin yani topra\u011f\u0131n\u0131n Eski\u015fehir\u2019den elde ediyor olmas\u0131.Sahip oldu\u011fu \u00f6zelliklerle bir nesil boyu binalarda d\u0131\u015f etkenlere kar\u015f\u0131 \u00e7at\u0131lar\u0131n ilk koruyucusu ve vazge\u00e7ilmez kaplama malzemesidir.TSE-EN 1304 standartlar\u0131nda \u00fcretilen Marsilya tipi kiremitler, kendine \u00f6zg\u00fc rengiyle de \u00e7at\u0131lar\u0131n ideal kaplama malzemesidir.<\/li>\n<\/ul>\n","protected":false},"excerpt":{"rendered":"<p>Marsilya tipi kiremitler en \u00e7ok tercih edilen kiremit tipidir.<\/p>\n","protected":false},"featured_media":1192,"comment_status":"closed","ping_status":"closed","template":"","meta":[],"product_brand":[],"product_cat":[198],"product_tag":[],"class_list":{"0":"post-1191","1":"product","2":"type-product","3":"status-publish","4":"has-post-thumbnail","6":"product_cat-akgun-kiremit","8":"first","9":"instock","10":"taxable","11":"shipping-taxable","12":"product-type-simple"},"_links":{"self":[{"href":"http:\/\/gonenyapi.com.tr\/index.php\/wp-json\/wp\/v2\/product\/1191","targetHints":{"allow":["GET"]}}],"collection":[{"href":"http:\/\/gonenyapi.com.tr\/index.php\/wp-json\/wp\/v2\/product"}],"about":[{"href":"http:\/\/gonenyapi.com.tr\/index.php\/wp-json\/wp\/v2\/types\/product"}],"replies":[{"embeddable":true,"href":"http:\/\/gonenyapi.com.tr\/index.php\/wp-json\/wp\/v2\/comments?post=1191"}],"wp:featuredmedia":[{"embeddable":true,"href":"http:\/\/gonenyapi.com.tr\/index.php\/wp-json\/wp\/v2\/media\/1192"}],"wp:attachment":[{"href":"http:\/\/gonenyapi.com.tr\/index.php\/wp-json\/wp\/v2\/media?parent=1191"}],"wp:term":[{"taxonomy":"product_brand","embeddable":true,"href":"http:\/\/gonenyapi.com.tr\/index.php\/wp-json\/wp\/v2\/product_brand?post=1191"},{"taxonomy":"product_cat","embeddable":true,"href":"http:\/\/gonenyapi.com.tr\/index.php\/wp-json\/wp\/v2\/product_cat?post=1191"},{"taxonomy":"product_tag","embeddable":true,"href":"http:\/\/gonenyapi.com.tr\/index.php\/wp-json\/wp\/v2\/product_tag?post=1191"}],"curies":[{"name":"wp","href":"https:\/\/api.w.org\/{rel}","templated":true}]}}