{"id":1187,"date":"2020-10-07T23:19:03","date_gmt":"2020-10-07T20:19:03","guid":{"rendered":"http:\/\/gonenyapi.com.tr\/?post_type=product&#038;p=1187"},"modified":"2020-10-07T23:19:03","modified_gmt":"2020-10-07T20:19:03","slug":"ic-cephe-boyalari-tavan-boyasi","status":"publish","type":"product","link":"http:\/\/gonenyapi.com.tr\/index.php\/urun\/ic-cephe-boyalari-tavan-boyasi\/","title":{"rendered":"\u0130\u00e7 cephe Boyalar\u0131 \/ Tavan Boyas\u0131"},"content":{"rendered":"<h2>Tavan Boyas\u0131<\/h2>\n<h4>Tan\u0131m\u0131<\/h4>\n<p>Akrilik kopolimer esasl\u0131, mat g\u00f6r\u00fcn\u00fcml\u00fc, \u00e7ok beyaz ve \u00f6rt\u00fcc\u00fc, i\u00e7 cephe tavan boyas\u0131d\u0131r.<\/p>\n<h4>Kullan\u0131m Alanlar\u0131<\/h4>\n<ul>\n<li class=\"item_1\">\u0130\u00e7 cephe y\u00fczeylerde.<\/li>\n<li class=\"item_2\">Duvar ve tavanlarda.<\/li>\n<li class=\"item_3\">Eski boyal\u0131 y\u00fczeylerde.<\/li>\n<li class=\"item_4\">S\u0131val\u0131, beton ve kire\u00e7 badanal\u0131 y\u00fczeylerde.<\/li>\n<\/ul>\n<h4>Avantajlar\u0131<\/h4>\n<ul>\n<li class=\"item_1\">Y\u00fcksek teneff\u00fcs kabiliyetine sahiptir.<\/li>\n<li class=\"item_2\">Mat ve p\u00fcr\u00fczs\u00fcz g\u00f6r\u00fcn\u00fc\u015fl\u00fcd\u00fcr, \u0131\u015f\u0131k alt\u0131nda parlama yapmaz.<\/li>\n<li class=\"item_3\">\u00c7ok y\u00fcksek \u00f6rtme kabiliyetine sahiptir.<\/li>\n<li class=\"item_4\">Kabarma ve d\u00f6k\u00fclme yapmaz.<\/li>\n<li class=\"item_5\">Uygulama s\u0131ras\u0131nda y\u00fczeydeki y\u00fcksek yay\u0131lma g\u00fcc\u00fc sayesinde zaman ve i\u015f\u00e7ilikten tasarruf sa\u011flar.<\/li>\n<\/ul>\n<h4>Y\u00fczey Haz\u0131rl\u0131\u011f\u0131<\/h4>\n<p>Uygulamas\u0131 yap\u0131lacak y\u00fczeyler; sa\u011flam, her t\u00fcrl\u00fc kir, ya\u011f ve tozdan ar\u0131nd\u0131r\u0131lm\u0131\u015f, temiz ve kuru olmal\u0131d\u0131r. Eski boyalar kaz\u0131narak temizlenmeli ve y\u00fczeydeki \u00e7atlaklar <a href=\"https:\/\/www.baumerk.com\/tr\/urun\/macun\/inpast-akrilik-ic-cephe-macunu\">INPAST Akrilik \u0130\u00e7 Cephe Macun<\/a> ile doldurulmal\u0131d\u0131r.<\/p>\n<h4>Uygulama<\/h4>\n<p>Su ile ilk kat i\u00e7in %20, ikinci kat i\u00e7in %15 oran\u0131nda inceltiniz. Boyay\u0131 kullanmadan \u00f6nce iyice kar\u0131\u015ft\u0131r\u0131n\u0131z ve boyay\u0131 ba\u015fka marka bir boya ile kar\u0131\u015ft\u0131rmay\u0131n\u0131z. F\u0131r\u00e7a veya rulo ile minimum +5\u00baC, maksimum +30\u00baC\u2019de uygulanabilir.<\/p>\n<h4>Sarfiyat<\/h4>\n<p>0,200 &#8211; 0,250 kg \/ m\u00b2 iki kat uygulamada<\/p>\n<h4>Ambalaj<\/h4>\n<p>20 kg \/ 17,5 kg \/ 10 kg \/ 3 kg plastik ambalajda<\/p>\n<h4>Depolama \u015eekli ve S\u00fcresi<\/h4>\n<p>A\u011fz\u0131 a\u00e7\u0131lmam\u0131\u015f orijinal ambalaj\u0131nda oda s\u0131cakl\u0131\u011f\u0131nda 2 y\u0131ld\u0131r.<\/p>\n","protected":false},"excerpt":{"rendered":"<p>Akrilik kopolimer esasl\u0131, mat g\u00f6r\u00fcn\u00fcml\u00fc, \u00e7ok beyaz ve \u00f6rt\u00fcc\u00fc, i\u00e7 cephe tavan boyas\u0131d\u0131r.<\/p>\n","protected":false},"featured_media":1188,"comment_status":"closed","ping_status":"closed","template":"","meta":[],"product_brand":[],"product_cat":[197],"product_tag":[],"class_list":{"0":"post-1187","1":"product","2":"type-product","3":"status-publish","4":"has-post-thumbnail","6":"product_cat-boya-ve-kaplama-grubu","8":"first","9":"instock","10":"taxable","11":"shipping-taxable","12":"product-type-simple"},"_links":{"self":[{"href":"http:\/\/gonenyapi.com.tr\/index.php\/wp-json\/wp\/v2\/product\/1187","targetHints":{"allow":["GET"]}}],"collection":[{"href":"http:\/\/gonenyapi.com.tr\/index.php\/wp-json\/wp\/v2\/product"}],"about":[{"href":"http:\/\/gonenyapi.com.tr\/index.php\/wp-json\/wp\/v2\/types\/product"}],"replies":[{"embeddable":true,"href":"http:\/\/gonenyapi.com.tr\/index.php\/wp-json\/wp\/v2\/comments?post=1187"}],"wp:featuredmedia":[{"embeddable":true,"href":"http:\/\/gonenyapi.com.tr\/index.php\/wp-json\/wp\/v2\/media\/1188"}],"wp:attachment":[{"href":"http:\/\/gonenyapi.com.tr\/index.php\/wp-json\/wp\/v2\/media?parent=1187"}],"wp:term":[{"taxonomy":"product_brand","embeddable":true,"href":"http:\/\/gonenyapi.com.tr\/index.php\/wp-json\/wp\/v2\/product_brand?post=1187"},{"taxonomy":"product_cat","embeddable":true,"href":"http:\/\/gonenyapi.com.tr\/index.php\/wp-json\/wp\/v2\/product_cat?post=1187"},{"taxonomy":"product_tag","embeddable":true,"href":"http:\/\/gonenyapi.com.tr\/index.php\/wp-json\/wp\/v2\/product_tag?post=1187"}],"curies":[{"name":"wp","href":"https:\/\/api.w.org\/{rel}","templated":true}]}}