{"id":965,"date":"2020-10-04T13:29:43","date_gmt":"2020-10-04T10:29:43","guid":{"rendered":"http:\/\/gonenyapi.com.tr\/?page_id=965"},"modified":"2020-10-16T16:50:55","modified_gmt":"2020-10-16T13:50:55","slug":"mesafeli-satis-sozlesmesi","status":"publish","type":"page","link":"http:\/\/gonenyapi.com.tr\/index.php\/mesafeli-satis-sozlesmesi\/","title":{"rendered":"Mesafeli Sat\u0131\u015f S\u00f6zle\u015fmesi"},"content":{"rendered":"<div class=\"sayfalar\">\n<div class=\"iskelet\">\n<div class=\"solyazilar\">\n<div class=\"kutu2-detay\">\n<div>\n<p><strong>MADDE 1- TARAFLAR<\/strong><\/p>\n<p>&nbsp;<\/p>\n<p>1.1- SATICI<\/p>\n<p>\u00dcnvan\u0131 : YE\u015e\u0130L G\u00d6NEN YAPI MALZEMELER\u0130 \u0130N\u015eAAT SANAY\u0130 VE T\u0130CARET L\u0130M\u0130TED \u015e\u0130RKET\u0130<\/p>\n<p>E-mail : bilgi@gonenyapi.com.tr<\/p>\n<p>&nbsp;<\/p>\n<p>1.2 -ALICI<\/p>\n<p>Ad\u0131\/Soyad\u0131\/\u00dcnvan\u0131 :<\/p>\n<p>Adresi :<\/p>\n<p>Telefon :<\/p>\n<p>E-mail :<\/p>\n<p>&nbsp;<\/p>\n<p><strong>MADDE 2- KONU<\/strong><\/p>\n<p>&nbsp;<\/p>\n<p>\u0130\u015fbu s\u00f6zle\u015fmenin konusu, ALICIn\u0131n SATICIya ait internet sitesinden elektronik ortamda sipari\u015fini yapt\u0131\u011f\u0131 a\u015fa\u011f\u0131da nitelikleri ve sat\u0131\u015f fiyat\u0131 belirtilen \u00fcr\u00fcn\u00fcn sat\u0131\u015f\u0131 ve teslimi ile ilgili olarak 4077 say\u0131l\u0131 T\u00fcketicilerin Korunmas\u0131 Hakk\u0131ndaki Kanun ve Mesafeli S\u00f6zle\u015fmeleri Uygulama Esas ve Usulleri Hakk\u0131nda Y\u00f6netmelik h\u00fck\u00fcmleri gere\u011fince taraflar\u0131n hak ve y\u00fck\u00fcml\u00fcl\u00fcklerinin saptanmas\u0131d\u0131r.<\/p>\n<p>&nbsp;<\/p>\n<p><strong>MADDE 3- S\u00d6ZLE\u015eME KONUSU \u00dcR\u00dcN<\/strong><\/p>\n<p>&nbsp;<\/p>\n<p>\u00dcr\u00fcnlerin Cinsi ve t\u00fcr\u00fc, Miktar\u0131, Marka\/Modeli, Rengi, Sat\u0131\u015f Bedeli yukar\u0131da belirtildi\u011fi gibidir.<\/p>\n<p>\u00d6deme \u015eekli :<\/p>\n<p>&nbsp;<\/p>\n<p>Teslimat Adresi :<\/p>\n<p>Teslim Edilecek Ki\u015fi :<\/p>\n<p>Fatura Adresi :<\/p>\n<p>Kargo \u00dccreti :<\/p>\n<p>&nbsp;<\/p>\n<p><strong>MADDE 4- GENEL H\u00dcK\u00dcMLER<\/strong><\/p>\n<p>&nbsp;<\/p>\n<p>&nbsp;<\/p>\n<p>4.1- ALICI, SATICI internet sitesinde s\u00f6zle\u015fme konusu \u00fcr\u00fcn\u00fcn temel nitelikleri, sat\u0131\u015f fiyat\u0131 ve \u00f6deme \u015fekli ile teslimata ili\u015fkin \u00f6n bilgileri okuyup bilgi sahibi oldu\u011funu, i\u015f yo\u011funlu\u011funa g\u00f6re teslimat s\u00fcresinin 3 ay\u0131 bulabilece\u011fini ve elektronik ortamda gerekli teyidi verdi\u011fini beyan eder.<\/p>\n<p>4.2- S\u00f6zle\u015fme konusu \u00fcr\u00fcn, yasal 30 g\u00fcnl\u00fck s\u00fcreyi a\u015fmamak ko\u015fulu ile her bir \u00fcr\u00fcn i\u00e7in ALICIn\u0131n yerle\u015fim yerinin uzakl\u0131\u011f\u0131na ba\u011fl\u0131 olarak internet sitesinde \u00f6n bilgiler i\u00e7inde a\u00e7\u0131klanan s\u00fcre i\u00e7inde ALICI veya g\u00f6sterdi\u011fi adresteki ki\u015fi\/kurulu\u015fa teslim edilir.<\/p>\n<p>4.3- S\u00f6zle\u015fme konusu \u00fcr\u00fcn, ALICIdan ba\u015fka bir ki\u015fi\/kurulu\u015fa teslim edilecek ise, teslim edilecek ki\u015fi\/kurulu\u015fun teslimat\u0131 kabul etmemesinden SATICI sorumlu tutulamaz.<\/p>\n<p>4.4- SATICI, s\u00f6zle\u015fme konusu \u00fcr\u00fcn\u00fcn sa\u011flam, eksiksiz, sipari\u015fte belirtilen niteliklere uygun ve varsa garanti belgeleri ve kullan\u0131m k\u0131lavuzlar\u0131 ile teslim edilmesinden sorumludur.<\/p>\n<p>4.5- S\u00f6zle\u015fme konusu \u00fcr\u00fcn\u00fcn teslimat\u0131 i\u00e7in i\u015fbu s\u00f6zle\u015fmenin imzal\u0131 n\u00fcshas\u0131n\u0131n SATICIya ula\u015ft\u0131r\u0131lm\u0131\u015f olmas\u0131 ve bedelinin ALICIn\u0131n tercih etti\u011fi \u00f6deme \u015fekli ile \u00f6denmi\u015f olmas\u0131 \u015fartt\u0131r. Herhangi bir nedenle \u00fcr\u00fcn bedeli \u00f6denmez veya banka kay\u0131tlar\u0131nda iptal edilir ise, SATICI \u00fcr\u00fcn\u00fcn teslimi y\u00fck\u00fcml\u00fcl\u00fc\u011f\u00fcnden kurtulmu\u015f kabul edilir.<\/p>\n<p>4.6- \u00dcr\u00fcn\u00fcn tesliminden sonra ALICIya ait kredi kart\u0131n\u0131n ALICIn\u0131n kusurundan kaynaklanmayan bir \u015fekilde yetkisiz ki\u015filerce haks\u0131z veya hukuka ayk\u0131r\u0131 olarak kullan\u0131lmas\u0131 nedeni ile ilgili banka veya finans kurulu\u015fun \u00fcr\u00fcn bedelini SATICIya \u00f6dememesi halinde, ALICIn\u0131n kendisine teslim edilmi\u015f olmas\u0131 kayd\u0131yla \u00fcr\u00fcn\u00fcn 3 g\u00fcn i\u00e7inde SATICIya g\u00f6nderilmesi zorunludur. Bu takdirde nakliye giderleri ALICIya aittir.<\/p>\n<p>4.7- SATICI m\u00fccbir sebepler veya nakliyeyi engelleyen hava muhalefeti, ula\u015f\u0131m\u0131n kesilmesi gibi ola\u011fan\u00fcst\u00fc durumlar nedeni ile s\u00f6zle\u015fme konusu \u00fcr\u00fcn\u00fc s\u00fcresi i\u00e7inde teslim edemez ise, durumu ALICIya bildirmekle y\u00fck\u00fcml\u00fcd\u00fcr. Bu takdirde ALICI sipari\u015fin iptal edilmesini, s\u00f6zle\u015fme konusu \u00fcr\u00fcn\u00fcn varsa emsali ile de\u011fi\u015ftirilmesini, ve\/veya teslimat s\u00fcresinin engelleyici durumun ortadan kalkmas\u0131na kadar ertelenmesi haklar\u0131ndan birini kullanabilir. ALICIn\u0131n sipari\u015fi iptal etmesi halinde \u00f6dedi\u011fi tutar 10 g\u00fcn i\u00e7inde kendisine nakten ve defaten \u00f6denir.<\/p>\n<p>4.8- Garanti belgesi ile sat\u0131lan \u00fcr\u00fcnlerden olan veya olmayan \u00fcr\u00fcnlerin ar\u0131zal\u0131 veya bozuk olanlar, garanti \u015fartlar\u0131 i\u00e7inde gerekli onar\u0131m\u0131n yap\u0131lmas\u0131 i\u00e7in SATICIya g\u00f6nderilebilir, bu takdirde kargo giderleri SATICI taraf\u0131ndan kar\u015f\u0131lanacakt\u0131r.<\/p>\n<p>4.9- \u0130\u015fbu s\u00f6zle\u015fme, ALICI taraf\u0131ndan imzalan\u0131p SATICIya faks veya posta yolu ile ula\u015ft\u0131r\u0131lmas\u0131ndan sonra ge\u00e7erlilik kazan\u0131r.<\/p>\n<p>&nbsp;<\/p>\n<p><strong>MADDE 5- CAYMA HAKKI<\/strong><\/p>\n<p>&nbsp;<\/p>\n<p>&nbsp;<\/p>\n<p>ALICI, s\u00f6zle\u015fme konusu \u00fcr\u00fcr\u00fcn\u00fcn kendisine veya g\u00f6sterdi\u011fi adresteki ki\u015fi\/kurulu\u015fa tesliminden itibaren 7 g\u00fcn i\u00e7inde cayma hakk\u0131na sahiptir. Cayma hakk\u0131n\u0131n kullan\u0131lmas\u0131 i\u00e7in bu s\u00fcre i\u00e7inde SATICIya faks, e-mail veya telefon ile bildirimde bulunulmas\u0131 ve \u00fcr\u00fcn\u00fcn 6. madde h\u00fck\u00fcmleri \u00e7er\u00e7evesinde kullan\u0131lmam\u0131\u015f olmas\u0131 \u015fartt\u0131r. Bu hakk\u0131n kullan\u0131lmas\u0131 halinde, 3. ki\u015fiye veya ALICIya teslim edilen \u00fcr\u00fcn\u00fcn SATICIya g\u00f6nderildi\u011fine ili\u015fkin kargo teslim tutana\u011f\u0131 \u00f6rne\u011fi ile fatura asl\u0131n\u0131n iadesi zorunludur. Bu belgelerin ula\u015fmas\u0131n\u0131 takip eden 7 g\u00fcn i\u00e7inde \u00fcr\u00fcn bedeli ALICIya iade edilir. Fatura asl\u0131 g\u00f6nderilmez ise KDV ve varsa sair yasal y\u00fck\u00fcml\u00fcl\u00fckler iade edilemez. Cayma hakk\u0131 nedeni ile iade edilen \u00fcr\u00fcn\u00fcn kargo bedeli SATICI taraf\u0131ndan kar\u015f\u0131lan\u0131r.<\/p>\n<p>&nbsp;<\/p>\n<p><strong>MADDE 6- CAYMA HAKKI KULLANILAMAYACAK \u00dcR\u00dcNLER<\/strong><\/p>\n<p>&nbsp;<\/p>\n<p>&nbsp;<\/p>\n<p>Niteli\u011fi itibar\u0131yla iade edilemeyecek \u00fcr\u00fcnler, tek kullan\u0131ml\u0131k \u00fcr\u00fcnler, kopyalanabilir yaz\u0131l\u0131m ve programlar, sarf malzemeleri, h\u0131zl\u0131 bozulan veya son kullan\u0131m tarihi ge\u00e7en \u00fcr\u00fcnler ve hizmet i\u00e7in cayma hakk\u0131 kullan\u0131lamaz.<\/p>\n<p>&nbsp;<\/p>\n<p><strong>MADDE 7- GENEL H\u00dcK\u00dcMLER<\/strong><\/p>\n<p>&nbsp;<\/p>\n<p>7.1- 18 ya\u015f\u0131ndan k\u00fc\u00e7\u00fck ki\u015filer SATICI\u2019dan al\u0131\u015f-veri\u015f yapamaz.<\/p>\n<p>&nbsp;<\/p>\n<p>7.2- Dizgi ve sistem hatalar\u0131ndan meydana gelen fiyat yanl\u0131\u015fl\u0131klar\u0131ndan SATICI sorumlu de\u011fildir<\/p>\n<p>&nbsp;<\/p>\n<p><strong>MADDE 8- YETK\u0130L\u0130 MAHKEME<\/strong><\/p>\n<p>&nbsp;<\/p>\n<p>\u0130\u015fbu s\u00f6zle\u015fmenin uygulanmas\u0131nda, Sanayi ve Ticaret Bakanl\u0131\u011f\u0131nca ilan edilen de\u011fere kadar T\u00fcketici Hakem Heyetleri ile ALICIn\u0131n veya SATICIn\u0131n yerle\u015fim yerindeki T\u00fcketici Mahkemeleri yetkilidir.<\/p>\n<p>&nbsp;<\/p>\n<p>Sipari\u015fin ger\u00e7ekle\u015fmesi durumunda ALICI i\u015fbu s\u00f6zle\u015fmenin t\u00fcm ko\u015fullar\u0131n\u0131 kabul etmi\u015f say\u0131l\u0131r.<\/p>\n<p>&nbsp;<\/p>\n<p>SATICI<\/p>\n<p>YE\u015e\u0130L G\u00d6NEN YAPI MALZEMELER\u0130 \u0130N\u015eAAT SANAY\u0130 VE T\u0130CARET L\u0130M\u0130TED \u015e\u0130RKET\u0130<\/p>\n<p>&nbsp;<\/p>\n<p>&nbsp;<\/p>\n<p>ALICI<\/p>\n<p>Ad\u0131\/Soyad\u0131 :<\/p>\n<p>&nbsp;<\/p>\n<p>Tarih :<\/p>\n<\/div>\n<\/div>\n<\/div>\n<div class=\"sagyazilar\"><\/div>\n<\/div>\n<\/div>\n<div class=\"alt1\">\n<div class=\"iskelet\">\n<p align=\"center\">\n<\/div>\n<\/div>\n","protected":false},"excerpt":{"rendered":"<p>MADDE 1- TARAFLAR &nbsp; 1.1- SATICI \u00dcnvan\u0131 : YE\u015e\u0130L G\u00d6NEN YAPI MALZEMELER\u0130 \u0130N\u015eAAT SANAY\u0130 VE T\u0130CARET L\u0130M\u0130TED \u015e\u0130RKET\u0130 E-mail : bilgi@gonenyapi.com.tr &nbsp; 1.2 -ALICI Ad\u0131\/Soyad\u0131\/\u00dcnvan\u0131 : Adresi : Telefon : E-mail : &nbsp; MADDE 2- KONU &nbsp; \u0130\u015fbu s\u00f6zle\u015fmenin konusu, ALICIn\u0131n SATICIya ait internet sitesinden elektronik ortamda sipari\u015fini yapt\u0131\u011f\u0131 a\u015fa\u011f\u0131da nitelikleri ve sat\u0131\u015f fiyat\u0131 belirtilen [&hellip;]<\/p>\n","protected":false},"author":1,"featured_media":0,"parent":0,"menu_order":0,"comment_status":"closed","ping_status":"closed","template":"template-fullwidth.php","meta":{"footnotes":""},"class_list":["post-965","page","type-page","status-publish","hentry"],"_links":{"self":[{"href":"http:\/\/gonenyapi.com.tr\/index.php\/wp-json\/wp\/v2\/pages\/965","targetHints":{"allow":["GET"]}}],"collection":[{"href":"http:\/\/gonenyapi.com.tr\/index.php\/wp-json\/wp\/v2\/pages"}],"about":[{"href":"http:\/\/gonenyapi.com.tr\/index.php\/wp-json\/wp\/v2\/types\/page"}],"author":[{"embeddable":true,"href":"http:\/\/gonenyapi.com.tr\/index.php\/wp-json\/wp\/v2\/users\/1"}],"replies":[{"embeddable":true,"href":"http:\/\/gonenyapi.com.tr\/index.php\/wp-json\/wp\/v2\/comments?post=965"}],"version-history":[{"count":2,"href":"http:\/\/gonenyapi.com.tr\/index.php\/wp-json\/wp\/v2\/pages\/965\/revisions"}],"predecessor-version":[{"id":969,"href":"http:\/\/gonenyapi.com.tr\/index.php\/wp-json\/wp\/v2\/pages\/965\/revisions\/969"}],"wp:attachment":[{"href":"http:\/\/gonenyapi.com.tr\/index.php\/wp-json\/wp\/v2\/media?parent=965"}],"curies":[{"name":"wp","href":"https:\/\/api.w.org\/{rel}","templated":true}]}}