{"id":46,"date":"2020-09-13T09:52:58","date_gmt":"2020-09-13T06:52:58","guid":{"rendered":"http:\/\/gonenyapi.com.tr\/?page_id=46"},"modified":"2020-10-16T16:50:33","modified_gmt":"2020-10-16T13:50:33","slug":"iletisim","status":"publish","type":"page","link":"http:\/\/gonenyapi.com.tr\/index.php\/iletisim\/","title":{"rendered":"\u0130leti\u015fim"},"content":{"rendered":"<div id=\"pl-46\"  class=\"panel-layout\" ><div id=\"pg-46-0\"  class=\"panel-grid panel-no-style\" ><div id=\"pgc-46-0-0\"  class=\"panel-grid-cell\" ><div id=\"panel-46-0-0-0\" class=\"so-panel widget widget_sow-contact-form panel-first-child panel-last-child\" data-index=\"0\" ><div\n\t\t\t\n\t\t\tclass=\"so-widget-sow-contact-form so-widget-sow-contact-form-default-088264d9590b-46\"\n\t\t\t\n\t\t>\t<form\n\t\taction=\"\/index.php\/wp-json\/wp\/v2\/pages\/46\"\n\t\tmethod=\"POST\"\n\t\tclass=\"sow-contact-form\"\n\t\tid=\"contact-form-19f2\"\n\t>\n\n\t\t\n\t\t            <p><em>* Zorunlu Alanlar<\/em><\/p>\n\t\t\t\t\t\t<div class=\"sow-form-field sow-form-field-name\">\n\t\t\t\t<label class=\"sow-form-field-label-above\" for=\"sow-contact-form-field-adiniz-1\">\n\t\t\t\t<strong>\n\t\t\t\t\tAd\u0131n\u0131z\t\t\t\t\t\t\t\t\t\t\t<span class=\"sow-form-field-required\">*<\/span>\n\t\t\t\t\t\t\t\t\t<\/strong>\n\t\t\t<\/label>\n\t\t\t\t\t\t\t<div class=\"sow-field-container\">\n\t\t\t\t\t\t\t<input\n\t\t\ttype=\"text\"\n\t\t\tname=\"adiniz-1\"\n\t\t\tid=\"sow-contact-form-field-adiniz-1\"\n\t\t\tvalue=\"\"\n\t\t\tclass=\"sow-text-field\"\n\t\t\t\t\t\t\t\t\/>\n\t\t\t\t\t\t<\/div>\n\t\t\t\t\t\t\t<\/div>\n\t\t\t\t\t\t<div class=\"sow-form-field sow-form-field-email\">\n\t\t\t\t<label class=\"sow-form-field-label-above\" for=\"sow-contact-form-field-email-1\">\n\t\t\t\t<strong>\n\t\t\t\t\tEmail\t\t\t\t\t\t\t\t\t<\/strong>\n\t\t\t<\/label>\n\t\t\t\t\t\t\t<div class=\"sow-field-container\">\n\t\t\t\t\t\t\t<input\n\t\t\ttype=\"email\"\n\t\t\tname=\"email-1\"\n\t\t\tid=\"sow-contact-form-field-email-1\"\n\t\t\tvalue=\"\"\n\t\t\tclass=\"sow-text-field\"\t\t\t\t\t\t\t\t\/>\n\t\t\t\t\t\t<\/div>\n\t\t\t\t\t\t\t<\/div>\n\t\t\t\t\t\t<div class=\"sow-form-field sow-form-field-subject\">\n\t\t\t\t<label class=\"sow-form-field-label-above\" for=\"sow-contact-form-field-konu-1\">\n\t\t\t\t<strong>\n\t\t\t\t\tKonu\t\t\t\t\t\t\t\t\t\t\t<span class=\"sow-form-field-required\">*<\/span>\n\t\t\t\t\t\t\t\t\t<\/strong>\n\t\t\t<\/label>\n\t\t\t\t\t\t\t<div class=\"sow-field-container\">\n\t\t\t\t\t\t\t<input\n\t\t\ttype=\"text\"\n\t\t\tname=\"konu-1\"\n\t\t\tid=\"sow-contact-form-field-konu-1\"\n\t\t\tvalue=\"\"\n\t\t\tclass=\"sow-text-field\"\n\t\t\t\t\t\t\t\t\/>\n\t\t\t\t\t\t<\/div>\n\t\t\t\t\t\t\t<\/div>\n\t\t\t\t\t\t<div class=\"sow-form-field sow-form-field-textarea\">\n\t\t\t\t<label class=\"sow-form-field-label-above\" for=\"sow-contact-form-field-mesaj-1\">\n\t\t\t\t<strong>\n\t\t\t\t\tMesaj\t\t\t\t\t\t\t\t\t\t\t<span class=\"sow-form-field-required\">*<\/span>\n\t\t\t\t\t\t\t\t\t<\/strong>\n\t\t\t<\/label>\n\t\t\t\t\t\t\t<div class=\"sow-field-container\">\n\t\t\t\t\t\t\t<textarea\n\t\t\tname=\"mesaj-1\"\n\t\t\tid=\"sow-contact-form-field-mesaj-1\"\n\t\t\trows=\"10\"\n\t\t\t\t\t\t\t\t><\/textarea>\n\t\t\t\t\t\t<\/div>\n\t\t\t\t\t\t\t<\/div>\n\t\t\t\n\t\t\t\t\t<div class=\"sow-recaptcha\"\n\t\t\t\t\t\t\t\t\tdata-config=\"{&quot;sitekey&quot;:&quot;6Lf3ZtIZAAAAADegcTUEyUyfquYiZHZygv2STT7X&quot;,&quot;theme&quot;:&quot;light&quot;,&quot;type&quot;:&quot;image&quot;,&quot;size&quot;:&quot;normal&quot;}\"\n\t\t\t\t\t\t\t><\/div>\n\t\t\t\n\t\t<div class=\"sow-submit-wrapper \n\t\tsow-submit-styled\t\t\">\n\n\t\t\t<button\n\t\t\t\ttype=\"submit\"\n\t\t\t\tclass=\"sow-submit\n\t\t\t\t\t\t\t\t\"\n\t\t\t\t\t\t\t>\n\t\t\t\tG\u00f6nder\t\t\t<\/button>\n\t\t<\/div>\n\t\t\t\t<input\n\t\t\ttype=\"hidden\"\n\t\t\tname=\"instance_hash-1\"\n\t\t\tvalue=\"19f224d4\"\n\t\t\/>\n\n\t\t<input type=\"hidden\" id=\"_wpnonce\" name=\"_wpnonce\" value=\"97f9795c41\" \/><input type=\"hidden\" name=\"_wp_http_referer\" value=\"\/index.php\/wp-json\/wp\/v2\/pages\/46\" \/>\t<\/form>\n\t<\/div><\/div><\/div><div id=\"pgc-46-0-1\"  class=\"panel-grid-cell\" ><div id=\"panel-46-0-1-0\" class=\"so-panel widget widget_sow-layout-slider panel-first-child panel-last-child\" data-index=\"1\" ><div\n\t\t\t\n\t\t\tclass=\"so-widget-sow-layout-slider so-widget-sow-layout-slider-default-9ea5a3421a8f-46\"\n\t\t\t\n\t\t>\t\t\t\t<div class=\"sow-slider-base\" style=\"display: none\" tabindex=\"0\">\n\t\t\t\t\t<ul\n\t\t\t\t\tclass=\"sow-slider-images\"\n\t\t\t\t\tdata-settings=\"{&quot;pagination&quot;:true,&quot;speed&quot;:800,&quot;timeout&quot;:9000,&quot;paused&quot;:false,&quot;pause_on_hover&quot;:false,&quot;swipe&quot;:true,&quot;nav_always_show_desktop&quot;:&quot;&quot;,&quot;nav_always_show_mobile&quot;:&quot;&quot;,&quot;breakpoint&quot;:&quot;780px&quot;,&quot;unmute&quot;:false,&quot;anchor&quot;:null}\"\n\t\t\t\t\tstyle=\"min-height: 800px\"\t\t\t\t\tdata-anchor-id=\"\"\n\t\t\t\t>\t\t<li class=\"sow-slider-image  sow-slider-image-cover\" style=\"visibility: visible;;background-color: #333333;background-image: url(http:\/\/gonenyapi.com.tr\/wp-content\/uploads\/2020\/10\/IMG_5811.jpg)\" >\n\t\t\t\t\t<div class=\"sow-slider-image-container\">\n\t\t\t<div class=\"sow-slider-image-wrapper\">\n\t\t\t\t\t\t\t<\/div>\n\t\t<\/div>\n\t\t\t\t<\/li>\n\t\t\t\t<li class=\"sow-slider-image  sow-slider-image-cover\" style=\"visibility: hidden;;background-color: #333333\" data-background=\"url(http:\/\/gonenyapi.com.tr\/wp-content\/uploads\/2020\/10\/IMG_5812.jpg)\" >\n\t\t\t\t\t<div class=\"sow-slider-image-container\">\n\t\t\t<div class=\"sow-slider-image-wrapper\">\n\t\t\t\t\t\t\t<\/div>\n\t\t<\/div>\n\t\t\t\t<\/li>\n\t\t\t\t<li class=\"sow-slider-image  sow-slider-image-cover\" style=\"visibility: hidden;;background-color: #333333\" data-background=\"url(http:\/\/gonenyapi.com.tr\/wp-content\/uploads\/2020\/10\/IMG_5813.jpg)\" >\n\t\t\t\t\t<div class=\"sow-slider-image-container\">\n\t\t\t<div class=\"sow-slider-image-wrapper\">\n\t\t\t\t\t\t\t<\/div>\n\t\t<\/div>\n\t\t\t\t<\/li>\n\t\t<\/ul>\t\t\t\t<ol class=\"sow-slider-pagination\">\n\t\t\t\t\t\t\t\t\t\t\t<li><a href=\"#\" data-goto=\"0\" aria-label=\"Display slide 1\"><\/a><\/li>\n\t\t\t\t\t\t\t\t\t\t\t<li><a href=\"#\" data-goto=\"1\" aria-label=\"Display slide 2\"><\/a><\/li>\n\t\t\t\t\t\t\t\t\t\t\t<li><a href=\"#\" data-goto=\"2\" aria-label=\"Display slide 3\"><\/a><\/li>\n\t\t\t\t\t\t\t\t\t<\/ol>\n\n\t\t\t\t<div class=\"sow-slide-nav sow-slide-nav-next\">\n\t\t\t\t\t<a href=\"#\" data-goto=\"next\" aria-label=\"Next slide\" data-action=\"next\">\n\t\t\t\t\t\t<em class=\"sow-sld-icon-thin-right\"><\/em>\n\t\t\t\t\t<\/a>\n\t\t\t\t<\/div>\n\n\t\t\t\t<div class=\"sow-slide-nav sow-slide-nav-prev\">\n\t\t\t\t\t<a href=\"#\" data-goto=\"previous\" aria-label=\"Previous slide\" data-action=\"prev\">\n\t\t\t\t\t\t<em class=\"sow-sld-icon-thin-left\"><\/em>\n\t\t\t\t\t<\/a>\n\t\t\t\t<\/div>\n\t\t\t\t<\/div><\/div><\/div><\/div><\/div><div id=\"pg-46-1\"  class=\"panel-grid panel-has-style\" ><div class=\"siteorigin-panels-stretch panel-row-style panel-row-style-for-46-1\" data-stretch-type=\"full\" ><div id=\"pgc-46-1-0\"  class=\"panel-grid-cell\" ><div id=\"panel-46-1-0-0\" class=\"so-panel widget widget_sow-editor panel-first-child panel-last-child\" data-index=\"2\" ><div\n\t\t\t\n\t\t\tclass=\"so-widget-sow-editor so-widget-sow-editor-base\"\n\t\t\t\n\t\t>\n<div class=\"siteorigin-widget-tinymce textwidget\">\n\t<h3><strong>YE\u015e\u0130L G\u00d6NEN YAPI MALZEMELER\u0130 \u0130n\u015faat San. ve Tic. Ltd. \u015eti.<\/strong><\/h3>\n<h4><em>Merkez Ofis:<\/em> G\u00fcndo\u011fdu Mah. Odun Pazar\u0131 Cd. No: 7 10900 G\u00f6nen\/Bal\u0131kesir<\/h4>\n<h4><em>Telefon:<\/em> 0266-763-1414 | 0266-762-0623<\/h4>\n<h4><em>Faks:<\/em> 0266-772-7745<\/h4>\n<h4><em>Email:<\/em><\/h4>\n<h4>bilgi@gonenyapi.com.tr<\/h4>\n<h4>ilker.bekar@gonenyapi.com.tr<\/h4>\n<h4>ertan.bekar@gonenyapi.com.tr<\/h4>\n<\/div>\n<\/div><\/div><\/div><div id=\"pgc-46-1-1\"  class=\"panel-grid-cell\" ><div id=\"panel-46-1-1-0\" class=\"so-panel widget widget_sow-editor panel-first-child panel-last-child\" data-index=\"3\" ><div\n\t\t\t\n\t\t\tclass=\"so-widget-sow-editor so-widget-sow-editor-base\"\n\t\t\t\n\t\t>\n<div class=\"siteorigin-widget-tinymce textwidget\">\n\t<p><iframe loading=\"lazy\" src=\"https:\/\/www.google.com\/maps\/embed?pb=!1m18!1m12!1m3!1d3051.834740254122!2d27.651130214930717!3d40.10139737940306!2m3!1f0!2f0!3f0!3m2!1i1024!2i768!4f13.1!3m3!1m2!1s0x14b693faef59c297%3A0xe0cf379d0f4bc44f!2zWWXFn2lsIEfDtm5lbiBZYXDEsSBNYWx6ZW1lbGVyaQ!5e0!3m2!1str!2sde!4v1601549813497!5m2!1str!2sde\" width=\"600\" height=\"450\" frameborder=\"0\" style=\"border:0;\" allowfullscreen=\"\" aria-hidden=\"false\" tabindex=\"0\"><\/iframe><\/p>\n<\/div>\n<\/div><\/div><\/div><\/div><\/div><\/div>","protected":false},"excerpt":{"rendered":"<p>YE\u015e\u0130L G\u00d6NEN YAPI MALZEMELER\u0130 \u0130n\u015faat San. ve Tic. Ltd. \u015eti. Merkez Ofis: G\u00fcndo\u011fdu Mah. Odun Pazar\u0131 Cd. No: 7 10900 G\u00f6nen\/Bal\u0131kesir Telefon: 0266-763-1414 | 0266-762-0623 Faks: 0266-772-7745 Email: bilgi@gonenyapi.com.tr ilker.bekar@gonenyapi.com.tr ertan.bekar@gonenyapi.com.tr<\/p>\n","protected":false},"author":1,"featured_media":0,"parent":0,"menu_order":0,"comment_status":"closed","ping_status":"closed","template":"template-fullwidth.php","meta":{"footnotes":""},"class_list":["post-46","page","type-page","status-publish","hentry"],"_links":{"self":[{"href":"http:\/\/gonenyapi.com.tr\/index.php\/wp-json\/wp\/v2\/pages\/46","targetHints":{"allow":["GET"]}}],"collection":[{"href":"http:\/\/gonenyapi.com.tr\/index.php\/wp-json\/wp\/v2\/pages"}],"about":[{"href":"http:\/\/gonenyapi.com.tr\/index.php\/wp-json\/wp\/v2\/types\/page"}],"author":[{"embeddable":true,"href":"http:\/\/gonenyapi.com.tr\/index.php\/wp-json\/wp\/v2\/users\/1"}],"replies":[{"embeddable":true,"href":"http:\/\/gonenyapi.com.tr\/index.php\/wp-json\/wp\/v2\/comments?post=46"}],"version-history":[{"count":19,"href":"http:\/\/gonenyapi.com.tr\/index.php\/wp-json\/wp\/v2\/pages\/46\/revisions"}],"predecessor-version":[{"id":1275,"href":"http:\/\/gonenyapi.com.tr\/index.php\/wp-json\/wp\/v2\/pages\/46\/revisions\/1275"}],"wp:attachment":[{"href":"http:\/\/gonenyapi.com.tr\/index.php\/wp-json\/wp\/v2\/media?parent=46"}],"curies":[{"name":"wp","href":"https:\/\/api.w.org\/{rel}","templated":true}]}}