{"id":1213,"date":"2020-10-08T13:33:56","date_gmt":"2020-10-08T10:33:56","guid":{"rendered":"http:\/\/gonenyapi.com.tr\/?page_id=1213"},"modified":"2020-10-16T16:49:29","modified_gmt":"2020-10-16T13:49:29","slug":"projelerimiz","status":"publish","type":"page","link":"http:\/\/gonenyapi.com.tr\/index.php\/projelerimiz\/","title":{"rendered":"Projelerimiz"},"content":{"rendered":"<div id=\"pl-1213\"  class=\"panel-layout\" ><div id=\"pg-1213-0\"  class=\"panel-grid panel-has-style\" ><div class=\"siteorigin-panels-stretch panel-row-style panel-row-style-for-1213-0\" data-stretch-type=\"full-stretched\" ><div id=\"pgc-1213-0-0\"  class=\"panel-grid-cell\" ><div id=\"panel-1213-0-0-0\" class=\"so-panel widget widget_foogallery_widget foogallery_widget panel-first-child panel-last-child\" data-index=\"0\" ><style type=\"text\/css\">\n#foogallery-gallery-1223.fg-masonry .fg-item { width: 350px; }\n#foogallery-gallery-1223.fg-masonry { --fg-gutter: 10px; }<\/style>\n\t\t\t<div class=\"foogallery foogallery-container foogallery-masonry foogallery-lightbox-foobox fg-center fg-masonry fg-ready fg-dark fg-border-thin fg-shadow-small fg-loading-default fg-loaded-fade-in fg-captions-bottom fg-hover-fade fg-hover-plus fg-fixed\" id=\"foogallery-gallery-1223\" data-foogallery=\"{&quot;item&quot;:{&quot;showCaptionTitle&quot;:true,&quot;showCaptionDescription&quot;:true},&quot;lazy&quot;:true,&quot;template&quot;:{&quot;columnWidth&quot;:350,&quot;gutter&quot;:10}}\" style=\"--fg-title-line-clamp: 0; --fg-description-line-clamp: 0;\" >\n\t\t<div class=\"fg-item fg-type-image fg-idle\"><figure class=\"fg-item-inner\"><a href=\"http:\/\/gonenyapi.com.tr\/wp-content\/uploads\/2020\/10\/d7d82c77-6dbb-405e-b9ea-e97a738415a9.jpg\" data-attachment-id=\"1239\" data-type=\"image\" class=\"fg-thumb\"><span class=\"fg-image-wrap\"><img fetchpriority=\"high\" decoding=\"async\" width=\"350\" height=\"329\" class=\"skip-lazy fg-image\" data-src-fg=\"http:\/\/gonenyapi.com.tr\/wp-content\/uploads\/cache\/2020\/10\/d7d82c77-6dbb-405e-b9ea-e97a738415a9\/2802404097.jpg\" src=\"data:image\/svg+xml,%3Csvg%20xmlns%3D%22http%3A%2F%2Fwww.w3.org%2F2000%2Fsvg%22%20width%3D%22350%22%20height%3D%22329%22%20viewBox%3D%220%200%20350%20329%22%3E%3C%2Fsvg%3E\" loading=\"eager\"><\/span><span class=\"fg-image-overlay\"><\/span><\/a><\/figure><div class=\"fg-loader\"><\/div><\/div><div class=\"fg-item fg-type-image fg-idle\"><figure class=\"fg-item-inner\"><a href=\"http:\/\/gonenyapi.com.tr\/wp-content\/uploads\/2020\/10\/a1ec705e-6bb6-4814-8274-70887e920736.jpg\" data-attachment-id=\"1237\" data-type=\"image\" class=\"fg-thumb\"><span class=\"fg-image-wrap\"><img decoding=\"async\" width=\"350\" height=\"197\" class=\"skip-lazy fg-image\" data-src-fg=\"http:\/\/gonenyapi.com.tr\/wp-content\/uploads\/cache\/2020\/10\/a1ec705e-6bb6-4814-8274-70887e920736\/2752578896.jpg\" src=\"data:image\/svg+xml,%3Csvg%20xmlns%3D%22http%3A%2F%2Fwww.w3.org%2F2000%2Fsvg%22%20width%3D%22350%22%20height%3D%22197%22%20viewBox%3D%220%200%20350%20197%22%3E%3C%2Fsvg%3E\" loading=\"eager\"><\/span><span class=\"fg-image-overlay\"><\/span><\/a><\/figure><div class=\"fg-loader\"><\/div><\/div><div class=\"fg-item fg-type-image fg-idle\"><figure class=\"fg-item-inner\"><a href=\"http:\/\/gonenyapi.com.tr\/wp-content\/uploads\/2020\/10\/afd04723-57ca-4041-8219-4791361793ac.jpg\" data-attachment-id=\"1238\" data-type=\"image\" class=\"fg-thumb\"><span class=\"fg-image-wrap\"><img decoding=\"async\" width=\"350\" height=\"197\" class=\"skip-lazy fg-image\" data-src-fg=\"http:\/\/gonenyapi.com.tr\/wp-content\/uploads\/cache\/2020\/10\/afd04723-57ca-4041-8219-4791361793ac\/2212077522.jpg\" src=\"data:image\/svg+xml,%3Csvg%20xmlns%3D%22http%3A%2F%2Fwww.w3.org%2F2000%2Fsvg%22%20width%3D%22350%22%20height%3D%22197%22%20viewBox%3D%220%200%20350%20197%22%3E%3C%2Fsvg%3E\" loading=\"eager\"><\/span><span class=\"fg-image-overlay\"><\/span><\/a><\/figure><div class=\"fg-loader\"><\/div><\/div><\/div><\/div><\/div><div id=\"pgc-1213-0-1\"  class=\"panel-grid-cell\" ><div id=\"panel-1213-0-1-0\" class=\"so-panel widget widget_sow-editor panel-first-child panel-last-child\" data-index=\"1\" ><div class=\"panel-widget-style panel-widget-style-for-1213-0-1-0\" ><div\n\t\t\t\n\t\t\tclass=\"so-widget-sow-editor so-widget-sow-editor-base\"\n\t\t\t\n\t\t>\n<div class=\"siteorigin-widget-tinymce textwidget\">\n\t<h3><strong>Proje-1: EM\u0130NE HATUN<br \/>\n<\/strong><\/h3>\n<h4><strong>Yeni projemiz <\/strong><strong>Sat\u0131l\u0131k 22 Daire\u00a0 | G\u00f6nen giri\u015finde<\/strong><\/h4>\n<h4><strong><u>Adres :<\/u> Kurtulu\u015f Mah. Pazar Cad. G\u00f6nen\/Bal\u0131kesir<br \/>\n<\/strong><\/h4>\n<h4><strong><u>\u0130rtibat :<\/u> Naz\u0131m BEKAR <a href=\"tel:05424269994\">0542-426-9994<\/a><\/strong><\/h4>\n<\/div>\n<\/div><\/div><\/div><\/div><\/div><\/div><\/div>","protected":false},"excerpt":{"rendered":"<p>Proje-1: EM\u0130NE HATUN Yeni projemiz Sat\u0131l\u0131k 22 Daire\u00a0 | G\u00f6nen giri\u015finde Adres : Kurtulu\u015f Mah. Pazar Cad. G\u00f6nen\/Bal\u0131kesir \u0130rtibat : Naz\u0131m BEKAR 0542-426-9994<\/p>\n","protected":false},"author":1,"featured_media":0,"parent":0,"menu_order":0,"comment_status":"closed","ping_status":"closed","template":"template-fullwidth.php","meta":{"footnotes":""},"class_list":["post-1213","page","type-page","status-publish","hentry"],"_links":{"self":[{"href":"http:\/\/gonenyapi.com.tr\/index.php\/wp-json\/wp\/v2\/pages\/1213","targetHints":{"allow":["GET"]}}],"collection":[{"href":"http:\/\/gonenyapi.com.tr\/index.php\/wp-json\/wp\/v2\/pages"}],"about":[{"href":"http:\/\/gonenyapi.com.tr\/index.php\/wp-json\/wp\/v2\/types\/page"}],"author":[{"embeddable":true,"href":"http:\/\/gonenyapi.com.tr\/index.php\/wp-json\/wp\/v2\/users\/1"}],"replies":[{"embeddable":true,"href":"http:\/\/gonenyapi.com.tr\/index.php\/wp-json\/wp\/v2\/comments?post=1213"}],"version-history":[{"count":17,"href":"http:\/\/gonenyapi.com.tr\/index.php\/wp-json\/wp\/v2\/pages\/1213\/revisions"}],"predecessor-version":[{"id":1274,"href":"http:\/\/gonenyapi.com.tr\/index.php\/wp-json\/wp\/v2\/pages\/1213\/revisions\/1274"}],"wp:attachment":[{"href":"http:\/\/gonenyapi.com.tr\/index.php\/wp-json\/wp\/v2\/media?parent=1213"}],"curies":[{"name":"wp","href":"https:\/\/api.w.org\/{rel}","templated":true}]}}