{"id":1135,"date":"2020-10-07T16:29:40","date_gmt":"2020-10-07T13:29:40","guid":{"rendered":"http:\/\/gonenyapi.com.tr\/?page_id=1135"},"modified":"2020-10-16T16:48:59","modified_gmt":"2020-10-16T13:48:59","slug":"isyerimiz","status":"publish","type":"page","link":"http:\/\/gonenyapi.com.tr\/index.php\/isyerimiz\/","title":{"rendered":"\u0130\u015fyerimiz"},"content":{"rendered":"<div id=\"pl-1135\"  class=\"panel-layout\" ><div id=\"pg-1135-0\"  class=\"panel-grid panel-has-style\" ><div class=\"siteorigin-panels-stretch panel-row-style panel-row-style-for-1135-0\" data-stretch-type=\"full-stretched\" ><div id=\"pgc-1135-0-0\"  class=\"panel-grid-cell\" ><div id=\"panel-1135-0-0-0\" class=\"so-panel widget widget_sow-layout-slider panel-first-child panel-last-child\" data-index=\"0\" ><div\n\t\t\t\n\t\t\tclass=\"so-widget-sow-layout-slider so-widget-sow-layout-slider-default-c025aec233d9-1135\"\n\t\t\t\n\t\t>\t\t\t\t<div class=\"sow-slider-base\" style=\"display: none\" tabindex=\"0\">\n\t\t\t\t\t<ul\n\t\t\t\t\tclass=\"sow-slider-images\"\n\t\t\t\t\tdata-settings=\"{&quot;pagination&quot;:true,&quot;speed&quot;:800,&quot;timeout&quot;:8000,&quot;paused&quot;:false,&quot;pause_on_hover&quot;:false,&quot;swipe&quot;:true,&quot;nav_always_show_desktop&quot;:&quot;&quot;,&quot;nav_always_show_mobile&quot;:true,&quot;breakpoint&quot;:&quot;780px&quot;,&quot;unmute&quot;:false,&quot;anchor&quot;:null}\"\n\t\t\t\t\tstyle=\"min-height: 700px\"\t\t\t\t\tdata-anchor-id=\"\"\n\t\t\t\t>\t\t<li class=\"sow-slider-image  sow-slider-image-cover\" style=\"visibility: visible;;background-color: #333333;background-image: url(http:\/\/gonenyapi.com.tr\/wp-content\/uploads\/2020\/10\/a2e8cd09-1b61-42b9-876d-b06c10873f34.jpg)\" >\n\t\t\t\t\t<div class=\"sow-slider-image-container\">\n\t\t\t<div class=\"sow-slider-image-wrapper\">\n\t\t\t\t\t\t\t<\/div>\n\t\t<\/div>\n\t\t\t\t<\/li>\n\t\t\t\t<li class=\"sow-slider-image  sow-slider-image-cover\" style=\"visibility: hidden;;background-color: #333333\" data-background=\"url(http:\/\/gonenyapi.com.tr\/wp-content\/uploads\/2020\/10\/580d6f62-88f8-4c42-872a-57045e3ad68d.jpg)\" >\n\t\t\t\t\t<div class=\"sow-slider-image-container\">\n\t\t\t<div class=\"sow-slider-image-wrapper\">\n\t\t\t\t\t\t\t<\/div>\n\t\t<\/div>\n\t\t\t\t<\/li>\n\t\t\t\t<li class=\"sow-slider-image  sow-slider-image-cover\" style=\"visibility: hidden;;background-color: #333333\" data-background=\"url(http:\/\/gonenyapi.com.tr\/wp-content\/uploads\/2020\/10\/a08d9aef-861a-4724-b52a-ffd014c3247b.jpg)\" >\n\t\t\t\t\t<div class=\"sow-slider-image-container\">\n\t\t\t<div class=\"sow-slider-image-wrapper\">\n\t\t\t\t\t\t\t<\/div>\n\t\t<\/div>\n\t\t\t\t<\/li>\n\t\t\t\t<li class=\"sow-slider-image  sow-slider-image-cover\" style=\"visibility: hidden;;background-color: #333333\" data-background=\"url(http:\/\/gonenyapi.com.tr\/wp-content\/uploads\/2020\/10\/PHOTO-2020-10-06-11-50-12_1.jpg)\" >\n\t\t\t\t\t<div class=\"sow-slider-image-container\">\n\t\t\t<div class=\"sow-slider-image-wrapper\">\n\t\t\t\t\t\t\t<\/div>\n\t\t<\/div>\n\t\t\t\t<\/li>\n\t\t\t\t<li class=\"sow-slider-image  sow-slider-image-tile\" style=\"visibility: hidden;;background-color: #333333\" data-background=\"url(http:\/\/gonenyapi.com.tr\/wp-content\/uploads\/2020\/10\/PHOTO-2020-10-06-11-50-11_2.jpg)\" >\n\t\t\t\t\t<div class=\"sow-slider-image-container\">\n\t\t\t<div class=\"sow-slider-image-wrapper\">\n\t\t\t\t\t\t\t<\/div>\n\t\t<\/div>\n\t\t\t\t<\/li>\n\t\t\t\t<li class=\"sow-slider-image  sow-slider-image-tile\" style=\"visibility: hidden;;background-color: #333333\" data-background=\"url(http:\/\/gonenyapi.com.tr\/wp-content\/uploads\/2020\/10\/PHOTO-2020-10-06-11-49-45.jpg)\" >\n\t\t\t\t\t<div class=\"sow-slider-image-container\">\n\t\t\t<div class=\"sow-slider-image-wrapper\">\n\t\t\t\t\t\t\t<\/div>\n\t\t<\/div>\n\t\t\t\t<\/li>\n\t\t<\/ul>\t\t\t\t<ol class=\"sow-slider-pagination\">\n\t\t\t\t\t\t\t\t\t\t\t<li><a href=\"#\" data-goto=\"0\" aria-label=\"Display slide 1\"><\/a><\/li>\n\t\t\t\t\t\t\t\t\t\t\t<li><a href=\"#\" data-goto=\"1\" aria-label=\"Display slide 2\"><\/a><\/li>\n\t\t\t\t\t\t\t\t\t\t\t<li><a href=\"#\" data-goto=\"2\" aria-label=\"Display slide 3\"><\/a><\/li>\n\t\t\t\t\t\t\t\t\t\t\t<li><a href=\"#\" data-goto=\"3\" aria-label=\"Display slide 4\"><\/a><\/li>\n\t\t\t\t\t\t\t\t\t\t\t<li><a href=\"#\" data-goto=\"4\" aria-label=\"Display slide 5\"><\/a><\/li>\n\t\t\t\t\t\t\t\t\t\t\t<li><a href=\"#\" data-goto=\"5\" aria-label=\"Display slide 6\"><\/a><\/li>\n\t\t\t\t\t\t\t\t\t<\/ol>\n\n\t\t\t\t<div class=\"sow-slide-nav sow-slide-nav-next\">\n\t\t\t\t\t<a href=\"#\" data-goto=\"next\" aria-label=\"Next slide\" data-action=\"next\">\n\t\t\t\t\t\t<em class=\"sow-sld-icon-thin-right\"><\/em>\n\t\t\t\t\t<\/a>\n\t\t\t\t<\/div>\n\n\t\t\t\t<div class=\"sow-slide-nav sow-slide-nav-prev\">\n\t\t\t\t\t<a href=\"#\" data-goto=\"previous\" aria-label=\"Previous slide\" data-action=\"prev\">\n\t\t\t\t\t\t<em class=\"sow-sld-icon-thin-left\"><\/em>\n\t\t\t\t\t<\/a>\n\t\t\t\t<\/div>\n\t\t\t\t<\/div><\/div><\/div><\/div><div id=\"pgc-1135-0-1\"  class=\"panel-grid-cell\" ><div id=\"panel-1135-0-1-0\" class=\"so-panel widget widget_sow-editor panel-first-child\" data-index=\"1\" ><div class=\"panel-widget-style panel-widget-style-for-1135-0-1-0\" ><div\n\t\t\t\n\t\t\tclass=\"so-widget-sow-editor so-widget-sow-editor-base\"\n\t\t\t\n\t\t>\n<div class=\"siteorigin-widget-tinymce textwidget\">\n\t<h2><strong>Ye\u015fil G\u00f6nen Yap\u0131 Malzemeleri<br \/>\n<\/strong><\/h2>\n<\/div>\n<\/div><\/div><\/div><div id=\"panel-1135-0-1-1\" class=\"so-panel widget widget_sow-editor panel-last-child\" data-index=\"2\" ><div class=\"panel-widget-style panel-widget-style-for-1135-0-1-1\" ><div\n\t\t\t\n\t\t\tclass=\"so-widget-sow-editor so-widget-sow-editor-base\"\n\t\t\t\n\t\t>\n<div class=\"siteorigin-widget-tinymce textwidget\">\n\t<h4><strong>Firmam\u0131z 2007 y\u0131l\u0131nda ticaret faaliyetine G\u00f6nen\u2019de perakende yap\u0131 malzemeleri sat\u0131\u015f\u0131 yapmakta iken \u015fu an b\u00f6lgede di\u011fer tedarik\u00e7ilerin toptan ihtiya\u00e7lar\u0131n\u0131 da tedarik ederek m\u00fc\u015fterilerine daha geni\u015f \u00fcr\u00fcn ve hizmet yelpazesini sa\u011flam\u0131\u015f, ayn\u0131 zamanda konut yap\u0131m\u0131 ve b\u00f6lge ihalelerinde taahh\u00fct hizmetleri vermektedir.<\/strong><\/h4>\n<\/div>\n<\/div><\/div><\/div><\/div><\/div><\/div><div id=\"pg-1135-1\"  class=\"panel-grid panel-has-style\" ><div class=\"siteorigin-panels-stretch panel-row-style panel-row-style-for-1135-1\" data-stretch-type=\"full-stretched\" ><div id=\"pgc-1135-1-0\"  class=\"panel-grid-cell\" ><div id=\"panel-1135-1-0-0\" class=\"so-panel widget widget_sow-editor panel-first-child panel-last-child\" data-index=\"3\" ><div class=\"panel-widget-style panel-widget-style-for-1135-1-0-0\" ><div\n\t\t\t\n\t\t\tclass=\"so-widget-sow-editor so-widget-sow-editor-base\"\n\t\t\t\n\t\t>\n<div class=\"siteorigin-widget-tinymce textwidget\">\n\t<h4><strong>\u00dcr\u00fcnlerimizi g\u00f6r\u00fcnt\u00fclemek i\u00e7in <a href=\"http:\/\/gonenyapi.com.tr\/index.php\/magaza\/\">buray\u0131 t\u0131klay\u0131n.<\/a><br \/>\n<\/strong><\/h4>\n<hr \/>\n<h4><strong>\u0130leti\u015fim bilgileri i\u00e7in <a href=\"http:\/\/gonenyapi.com.tr\/index.php\/iletisim\/\">buray\u0131 t\u0131klay\u0131n.<\/a><\/strong><\/h4>\n<\/div>\n<\/div><\/div><\/div><\/div><div id=\"pgc-1135-1-1\"  class=\"panel-grid-cell\" ><div id=\"panel-1135-1-1-0\" class=\"so-panel widget widget_media_image panel-first-child panel-last-child\" data-index=\"4\" ><img loading=\"lazy\" decoding=\"async\" width=\"331\" height=\"345\" src=\"http:\/\/gonenyapi.com.tr\/wp-content\/uploads\/2020\/10\/Screenshot_2-removebg-preview.png\" class=\"image wp-image-963  attachment-full size-full\" alt=\"\" style=\"max-width: 100%; height: auto;\" srcset=\"http:\/\/gonenyapi.com.tr\/wp-content\/uploads\/2020\/10\/Screenshot_2-removebg-preview.png 331w, http:\/\/gonenyapi.com.tr\/wp-content\/uploads\/2020\/10\/Screenshot_2-removebg-preview-288x300.png 288w\" sizes=\"auto, (max-width: 331px) 100vw, 331px\" \/><\/div><\/div><\/div><\/div><\/div>","protected":false},"excerpt":{"rendered":"<p>Ye\u015fil G\u00f6nen Yap\u0131 Malzemeleri Firmam\u0131z 2007 y\u0131l\u0131nda ticaret faaliyetine G\u00f6nen\u2019de perakende yap\u0131 malzemeleri sat\u0131\u015f\u0131 yapmakta iken \u015fu an b\u00f6lgede di\u011fer tedarik\u00e7ilerin toptan ihtiya\u00e7lar\u0131n\u0131 da tedarik ederek m\u00fc\u015fterilerine daha geni\u015f \u00fcr\u00fcn ve hizmet yelpazesini sa\u011flam\u0131\u015f, ayn\u0131 zamanda konut yap\u0131m\u0131 ve b\u00f6lge ihalelerinde taahh\u00fct hizmetleri vermektedir. \u00dcr\u00fcnlerimizi g\u00f6r\u00fcnt\u00fclemek i\u00e7in buray\u0131 t\u0131klay\u0131n. \u0130leti\u015fim bilgileri i\u00e7in buray\u0131 t\u0131klay\u0131n.<\/p>\n","protected":false},"author":1,"featured_media":0,"parent":0,"menu_order":0,"comment_status":"closed","ping_status":"closed","template":"template-fullwidth.php","meta":{"footnotes":""},"class_list":["post-1135","page","type-page","status-publish","hentry"],"_links":{"self":[{"href":"http:\/\/gonenyapi.com.tr\/index.php\/wp-json\/wp\/v2\/pages\/1135","targetHints":{"allow":["GET"]}}],"collection":[{"href":"http:\/\/gonenyapi.com.tr\/index.php\/wp-json\/wp\/v2\/pages"}],"about":[{"href":"http:\/\/gonenyapi.com.tr\/index.php\/wp-json\/wp\/v2\/types\/page"}],"author":[{"embeddable":true,"href":"http:\/\/gonenyapi.com.tr\/index.php\/wp-json\/wp\/v2\/users\/1"}],"replies":[{"embeddable":true,"href":"http:\/\/gonenyapi.com.tr\/index.php\/wp-json\/wp\/v2\/comments?post=1135"}],"version-history":[{"count":9,"href":"http:\/\/gonenyapi.com.tr\/index.php\/wp-json\/wp\/v2\/pages\/1135\/revisions"}],"predecessor-version":[{"id":1146,"href":"http:\/\/gonenyapi.com.tr\/index.php\/wp-json\/wp\/v2\/pages\/1135\/revisions\/1146"}],"wp:attachment":[{"href":"http:\/\/gonenyapi.com.tr\/index.php\/wp-json\/wp\/v2\/media?parent=1135"}],"curies":[{"name":"wp","href":"https:\/\/api.w.org\/{rel}","templated":true}]}}